{"id":13721,"date":"2015-02-12T12:59:20","date_gmt":"2015-02-12T11:59:20","guid":{"rendered":"http:\/\/www.fas-spa.it\/prodotto\/nuvolotti-confeccion-ahorro-48-unidades-1225-kg-talle-5-junior\/"},"modified":"2016-06-07T17:44:54","modified_gmt":"2016-06-07T15:44:54","slug":"nuvolotti-confeccion-ahorro-48-unidades-1225-kg-talle-5-junior","status":"publish","type":"product","link":"https:\/\/fas-spa.it\/es\/producto\/nuvolotti-confeccion-ahorro-48-unidades-1225-kg-talle-5-junior\/","title":{"rendered":"Nuvolotti confecci\u00f3n ahorro 48 unidades 12\/25 kg. Talle 5 junior"},"content":{"rendered":"","protected":false},"excerpt":{"rendered":"<p>Nuvolotti son los nuevos e Italian\u00edsimos pa\u00f1ales que cuidan de tu peque\u00f1o tesoro.<\/p>\n<p>Nueva forma anat\u00f3mica gracias al nuevo sistema de cierre que envuelve suavemente el ni\u00f1o y le permite cualquier movimiento. Nuevo Fluff extremadamente fino y delicado que garantiza una mejor absorci\u00f3n y una perfecta distribuci\u00f3n de la humedad. Enteramente realizados con materiales s\u00faper absorbentes que puede contener grandes cantidades de pip\u00ed y aseguran un verdadero seco. Doble barrera mantiene-todo que no permite los indeseables derrames laterales. Alegres y coloridos Frontal-type que hacen a los pa\u00f1ales juguetones y agradables de llevar.<\/p>\n<p>Pa\u00f1ales de primer\u00edsima calidad que no irritan y hacen respirar la piel.<\/p>\n","protected":false},"featured_media":14029,"template":"","meta":[],"_links":{"self":[{"href":"https:\/\/fas-spa.it\/es\/wp-json\/wp\/v2\/product\/13721"}],"collection":[{"href":"https:\/\/fas-spa.it\/es\/wp-json\/wp\/v2\/product"}],"about":[{"href":"https:\/\/fas-spa.it\/es\/wp-json\/wp\/v2\/types\/product"}],"wp:featuredmedia":[{"embeddable":true,"href":"https:\/\/fas-spa.it\/es\/wp-json\/wp\/v2\/media\/14029"}],"wp:attachment":[{"href":"https:\/\/fas-spa.it\/es\/wp-json\/wp\/v2\/media?parent=13721"}],"curies":[{"name":"wp","href":"https:\/\/api.w.org\/{rel}","templated":true}]}}