{"id":13695,"date":"2015-01-14T17:12:12","date_gmt":"2015-01-14T16:12:12","guid":{"rendered":"http:\/\/www.fas-spa.it\/prodotto\/absorbentes-higienicos-dia-16-unidades\/"},"modified":"2016-06-07T19:32:21","modified_gmt":"2016-06-07T17:32:21","slug":"absorbentes-higienicos-dia-16-unidades","status":"publish","type":"product","link":"https:\/\/fas-spa.it\/es\/producto\/absorbentes-higienicos-dia-16-unidades\/","title":{"rendered":"Absorbentes higi\u00e9nicos \u201cDia\u201d 16 unidades"},"content":{"rendered":"","protected":false},"excerpt":{"rendered":"<p>La l\u00ednea Morbidea, hist\u00f3rica marca de la distribuci\u00f3n de la Fas Spa, ha sido pensada y realizada para satisfacer las exigencias de la mam\u00e1 y el ni\u00f1o. Gracias a los pa\u00f1ales Morbidea , realizados con materias primas de alta calidad, dermatol\u00f3gicamente probados, la suavidad y el seco est\u00e1n garantizados en la piel de los ni\u00f1os.<\/p>\n<p>Amplia gama de absorbentes y salva-slip Morbidea, proyectados para mujeres exigentes que aman la frescura y la suavidad de un producto Made in Italy.<\/p>\n<p>Tambi\u00e9n las toallitas humidificadas completan la l\u00ednea de productos con una fragancia para todas las edades.<\/p>\n","protected":false},"featured_media":14602,"template":"","meta":[],"_links":{"self":[{"href":"https:\/\/fas-spa.it\/es\/wp-json\/wp\/v2\/product\/13695"}],"collection":[{"href":"https:\/\/fas-spa.it\/es\/wp-json\/wp\/v2\/product"}],"about":[{"href":"https:\/\/fas-spa.it\/es\/wp-json\/wp\/v2\/types\/product"}],"wp:featuredmedia":[{"embeddable":true,"href":"https:\/\/fas-spa.it\/es\/wp-json\/wp\/v2\/media\/14602"}],"wp:attachment":[{"href":"https:\/\/fas-spa.it\/es\/wp-json\/wp\/v2\/media?parent=13695"}],"curies":[{"name":"wp","href":"https:\/\/api.w.org\/{rel}","templated":true}]}}