{"id":13623,"date":"2015-01-14T17:12:12","date_gmt":"2015-01-14T16:12:12","guid":{"rendered":"http:\/\/www.fas-spa.it\/prodotto\/nuvolotti-compact-18-uniades-818-kg\/"},"modified":"2016-06-07T19:54:56","modified_gmt":"2016-06-07T17:54:56","slug":"nuvolotti-compact-18-uniades-818-kg","status":"publish","type":"product","link":"https:\/\/fas-spa.it\/es\/producto\/nuvolotti-compact-18-uniades-818-kg\/","title":{"rendered":"Nuvolotti compact 18 uniades 8\/18 kg"},"content":{"rendered":"","protected":false},"excerpt":{"rendered":"<p><!--StartFragment-->Nuvolotti son los nuevos e Italian\u00edsimos pa\u00f1ales que cuidan de tu peque\u00f1o tesoro.<\/p>\n<p>Nueva forma anat\u00f3mica gracias al nuevo sistema de cierre que envuelve suavemente el ni\u00f1o y le permite cualquier movimiento. Nuevo Fluff extremadamente fino y delicado que garantiza una mejor absorci\u00f3n y una perfecta distribuci\u00f3n de la humedad. Enteramente realizados con materiales s\u00faper absorbentes que puede contener grandes cantidades de pip\u00ed y aseguran un verdadero seco. Doble barrera mantiene-todo que no permite los indeseables derrames laterales. Alegres y coloridos Frontal-type que hacen a los pa\u00f1ales juguetones y agradables de llevar.<\/p>\n<p>Pa\u00f1ales de primer\u00edsima calidad que no irritan y hacen respirar la piel.<\/p>\n<p><!--EndFragment-->\u00a0<\/p>\n","protected":false},"featured_media":13639,"template":"","meta":[],"_links":{"self":[{"href":"https:\/\/fas-spa.it\/es\/wp-json\/wp\/v2\/product\/13623"}],"collection":[{"href":"https:\/\/fas-spa.it\/es\/wp-json\/wp\/v2\/product"}],"about":[{"href":"https:\/\/fas-spa.it\/es\/wp-json\/wp\/v2\/types\/product"}],"wp:featuredmedia":[{"embeddable":true,"href":"https:\/\/fas-spa.it\/es\/wp-json\/wp\/v2\/media\/13639"}],"wp:attachment":[{"href":"https:\/\/fas-spa.it\/es\/wp-json\/wp\/v2\/media?parent=13623"}],"curies":[{"name":"wp","href":"https:\/\/api.w.org\/{rel}","templated":true}]}}