{"id":13499,"date":"2015-01-14T12:04:24","date_gmt":"2015-01-14T11:04:24","guid":{"rendered":"http:\/\/www.fas-spa.it\/prodotto\/panales-braguitas-compact-28-unidades-915-kg\/"},"modified":"2016-06-07T20:18:19","modified_gmt":"2016-06-07T18:18:19","slug":"panales-braguitas-compact-28-unidades-915-kg","status":"publish","type":"product","link":"https:\/\/fas-spa.it\/es\/producto\/panales-braguitas-compact-28-unidades-915-kg\/","title":{"rendered":"Pa\u00f1ales \u201cBraguitas compact\u201d 28 unidades 9\/15 Kg"},"content":{"rendered":"","protected":false},"excerpt":{"rendered":"<p>La l\u00ednea Morbidea, hist\u00f3rica marca de la distribuci\u00f3n de la Fas Spa, ha sido pensada y realizada para satisfacer las exigencias de la mam\u00e1 y el ni\u00f1o. Gracias a los pa\u00f1ales Morbidea , realizados con materias primas de alta calidad, dermatol\u00f3gicamente probados, la suavidad y el seco est\u00e1n garantizados en la piel de los ni\u00f1os.<\/p>\n<p>Amplia gama de absorbentes y salva-slip Morbidea, proyectados para mujeres exigentes que aman la frescura y la suavidad de un producto Made in Italy.<\/p>\n<p>Tambi\u00e9n las toallitas humidificadas completan la l\u00ednea de productos con una fragancia para todas las edades.<\/p>\n","protected":false},"featured_media":14012,"template":"","meta":[],"_links":{"self":[{"href":"https:\/\/fas-spa.it\/es\/wp-json\/wp\/v2\/product\/13499"}],"collection":[{"href":"https:\/\/fas-spa.it\/es\/wp-json\/wp\/v2\/product"}],"about":[{"href":"https:\/\/fas-spa.it\/es\/wp-json\/wp\/v2\/types\/product"}],"wp:featuredmedia":[{"embeddable":true,"href":"https:\/\/fas-spa.it\/es\/wp-json\/wp\/v2\/media\/14012"}],"wp:attachment":[{"href":"https:\/\/fas-spa.it\/es\/wp-json\/wp\/v2\/media?parent=13499"}],"curies":[{"name":"wp","href":"https:\/\/api.w.org\/{rel}","templated":true}]}}