{"id":13463,"date":"2015-02-03T18:32:56","date_gmt":"2015-02-03T17:32:56","guid":{"rendered":"http:\/\/www.fas-spa.it\/prodotto\/oppla-panales-21-unidades-36-kg\/"},"modified":"2016-06-07T19:05:57","modified_gmt":"2016-06-07T17:05:57","slug":"oppla-panales-21-unidades-36-kg","status":"publish","type":"product","link":"https:\/\/fas-spa.it\/es\/producto\/oppla-panales-21-unidades-36-kg\/","title":{"rendered":"Oppl\u00e0 Pa\u00f1ales 21 unidades 3\/6 kg"},"content":{"rendered":"","protected":false},"excerpt":{"rendered":"<p>Oppl\u00e0 son los nuevos e italian\u00edsimos, pa\u00f1ales anat\u00f3micos que cuidan de tu peque\u00f1o tesoro. Nueva forma anat\u00f3mica gracias al nuevo sistema de cierre que envuelve suavemente al ni\u00f1o y le permite cualquier movimiento. Nuevo Fluff extremadamente fino y delicado que garantiza una mejor absorci\u00f3n y una perfecta distribuci\u00f3n de la humedad.<\/p>\n<p>Enteramente realizados con materiales s\u00faper absorbentes que pueden contener grandes cantidades de pip\u00ed y garantizan un verdadero seco.<\/p>\n<p>Doble barrera mantiene-todo que no permiten los indeseables derrames laterales. Alegres y coloridos Frontal-type que hacen a los pa\u00f1ales juguetones y agradables de llevar.<\/p>\n","protected":false},"featured_media":13469,"template":"","meta":[],"_links":{"self":[{"href":"https:\/\/fas-spa.it\/es\/wp-json\/wp\/v2\/product\/13463"}],"collection":[{"href":"https:\/\/fas-spa.it\/es\/wp-json\/wp\/v2\/product"}],"about":[{"href":"https:\/\/fas-spa.it\/es\/wp-json\/wp\/v2\/types\/product"}],"wp:featuredmedia":[{"embeddable":true,"href":"https:\/\/fas-spa.it\/es\/wp-json\/wp\/v2\/media\/13469"}],"wp:attachment":[{"href":"https:\/\/fas-spa.it\/es\/wp-json\/wp\/v2\/media?parent=13463"}],"curies":[{"name":"wp","href":"https:\/\/api.w.org\/{rel}","templated":true}]}}