{"id":13378,"date":"2016-04-11T11:45:00","date_gmt":"2016-04-11T09:45:00","guid":{"rendered":"http:\/\/www.fas-spa.it\/?page_id=13378"},"modified":"2018-01-24T18:30:19","modified_gmt":"2018-01-24T17:30:19","slug":"press-kit-y-info","status":"publish","type":"page","link":"https:\/\/fas-spa.it\/es\/press-kit-y-info\/","title":{"rendered":"Press kit y info"},"content":{"rendered":"<p><img class=\"aligncenter size-full wp-image-11717\" src=\"http:\/\/www.fas-spa.it\/wp-content\/uploads\/2015\/02\/PRESSKIT.jpg\" alt=\"PRESSKIT\" width=\"1000\" height=\"391\" srcset=\"https:\/\/fas-spa.it\/wp-content\/uploads\/2015\/02\/PRESSKIT-300x117.jpg 300w, https:\/\/fas-spa.it\/wp-content\/uploads\/2015\/02\/PRESSKIT-500x196.jpg 500w, https:\/\/fas-spa.it\/wp-content\/uploads\/2015\/02\/PRESSKIT-700x274.jpg 700w, https:\/\/fas-spa.it\/wp-content\/uploads\/2015\/02\/PRESSKIT.jpg 1000w\" sizes=\"(max-width: 1000px) 100vw, 1000px\" \/> En el interior del \u00e1rea Press Kit es posible visualizar y descargar una selecci\u00f3n de las principales informaciones acerca de FAS Spa.<\/p>\n<p>Para recibir r\u00e1pidamente todas las novedades inherente a la actividad empresarial de la FAS Spa es posible contactar la oficina de prensa y comunicaci\u00f3n escribiendo a los siguientes contactos.<\/p>\n<p>Rino Porro<\/p>\n<p>Mail <a href=\"mailto:press@fas-spa.it\">press@fas-spa.it <\/a> Tel. +39 080 8728856<\/p>\n<p><span class=\"pdfIconize\"><a href=\"http:\/\/www.fas-spa.it\/wp-content\/uploads\/2015\/02\/FAS_Folder.pdf\">Brochure<\/a><\/span><\/p>\n<p><span class=\"pdfIconize\"> <a href=\"http:\/\/www.fas-spa.it\/wp-content\/uploads\/2015\/02\/FAS_Logo.pdf\">Logo FAS<\/a><\/span><\/p>\n<p><span class=\"pdfIconize\"><a href=\"http:\/\/www.fas-spa.it\/wp-content\/uploads\/2015\/02\/FAS_Logo_PayOff.pdf\">Logo FAS con payoff<\/a><\/span><\/p>\n","protected":false},"excerpt":{"rendered":"<p>En el interior del \u00e1rea Press Kit es posible visualizar y descargar una selecci\u00f3n de las principales informaciones acerca de FAS Spa. Para recibir r\u00e1pidamente todas las novedades inherente a la actividad empresarial de la FAS Spa es posible contactar la oficina de prensa y comunicaci\u00f3n escribiendo a los siguientes contactos. Rino Porro Mail press@fas-spa.it [&hellip;]<\/p>\n","protected":false},"author":1,"featured_media":0,"parent":0,"menu_order":0,"comment_status":"closed","ping_status":"closed","template":"","meta":[],"_links":{"self":[{"href":"https:\/\/fas-spa.it\/es\/wp-json\/wp\/v2\/pages\/13378"}],"collection":[{"href":"https:\/\/fas-spa.it\/es\/wp-json\/wp\/v2\/pages"}],"about":[{"href":"https:\/\/fas-spa.it\/es\/wp-json\/wp\/v2\/types\/page"}],"author":[{"embeddable":true,"href":"https:\/\/fas-spa.it\/es\/wp-json\/wp\/v2\/users\/1"}],"replies":[{"embeddable":true,"href":"https:\/\/fas-spa.it\/es\/wp-json\/wp\/v2\/comments?post=13378"}],"version-history":[{"count":2,"href":"https:\/\/fas-spa.it\/es\/wp-json\/wp\/v2\/pages\/13378\/revisions"}],"predecessor-version":[{"id":13829,"href":"https:\/\/fas-spa.it\/es\/wp-json\/wp\/v2\/pages\/13378\/revisions\/13829"}],"wp:attachment":[{"href":"https:\/\/fas-spa.it\/es\/wp-json\/wp\/v2\/media?parent=13378"}],"curies":[{"name":"wp","href":"https:\/\/api.w.org\/{rel}","templated":true}]}}