{"id":13372,"date":"2016-04-02T18:11:12","date_gmt":"2016-04-02T16:11:12","guid":{"rendered":"http:\/\/www.fas-spa.it\/?page_id=13372"},"modified":"2018-01-24T18:30:19","modified_gmt":"2018-01-24T17:30:19","slug":"atencion-al-ambiente","status":"publish","type":"page","link":"https:\/\/fas-spa.it\/es\/atencion-al-ambiente\/","title":{"rendered":"Atenci\u00f3n al Ambiente"},"content":{"rendered":"<p><img class=\"alignnone wp-image-10720 size-full\" src=\"http:\/\/www.fas-spa.it\/wp-content\/uploads\/2014\/11\/ECOLOGIA.jpg\" alt=\"\" width=\"1000\" height=\"391\" srcset=\"https:\/\/fas-spa.it\/wp-content\/uploads\/2014\/11\/ECOLOGIA-300x117.jpg 300w, https:\/\/fas-spa.it\/wp-content\/uploads\/2014\/11\/ECOLOGIA-500x196.jpg 500w, https:\/\/fas-spa.it\/wp-content\/uploads\/2014\/11\/ECOLOGIA-700x274.jpg 700w, https:\/\/fas-spa.it\/wp-content\/uploads\/2014\/11\/ECOLOGIA.jpg 1000w\" sizes=\"(max-width: 1000px) 100vw, 1000px\" \/><\/p>\n<p>Fas Spa esta\u00a0 siempre interesada al respeto por el ambiente. El nuevo proceso productivo permite reducir notablemente\u00a0 los costos de energ\u00eda el\u00e9ctrica gracias a la utilizaci\u00f3n de nuevos sistemas electr\u00f3nicos de control , como a trav\u00e9s de sistemas informatizados que permiten un mayor control del ciclo productivo y la reducci\u00f3n de los descartes de producci\u00f3n.<\/p>\n<p>La creciente sensibilizaci\u00f3n del mercado a los aspectos de sostenibilidad\u00a0 ambiental empujan siempre m\u00e1s a las empresas\u00a0 a programar e implementar soluciones hacia la reducci\u00f3n del impacto de los productos sobre el ambiente.<br \/>\nFas es una de las 200 empresas italianas que se han beneficiado de un programa del ministerio del ambiente en el a\u00f1o 2013 , en el \u00e1mbito de los acuerdos internacionales conexo a la adopci\u00f3n del protocolo de Kyoto, finalizado a incentivar \u201c proyectos para el an\u00e1lisis de la huella de carbono en el ciclo de vida de los productos de largo consumo\u201d. La Fas Spa realizar\u00e1\u00a0 acciones finalizadas a obtener la eficiencia energ\u00e9tica a trav\u00e9s de intervenciones destinadas al ahorro de energ\u00eda el\u00e9ctrica y t\u00e9rmica como la dotaci\u00f3n de motores de bajo consumo energ\u00e9tico de nueva generaci\u00f3n, el pasaje de sistemas tradicionales de iluminaci\u00f3n a led , la utilizaci\u00f3n de pompas de calor a alta eficiencia para la calefacci\u00f3n y refrigerci\u00f3n de lugares de trabajo no m\u00e0s con gas metano y la utilizaci\u00f3n de energ\u00eda el\u00e9ctrica proveniente de fuentes renovables.<\/p>\n<p>Este camino, entonces, llevar\u00e1 en tiempo breve a la proyecci\u00f3n de la producci\u00f3n empresarial en la \u00f3ptica de la sostenibilidad y ecodesign de sus productos destinados a un mercado siempre m\u00e1s atento a los impactos ambientales y a su relativa gesti\u00f3n.<\/p>\n<p><a href=\"http:\/\/www.fas-spa.it\/wp-content\/uploads\/2014\/11\/CARBONFOOTPRINT1.gif\"><img class=\"size-full wp-image-13006 alignleft\" src=\"http:\/\/www.fas-spa.it\/wp-content\/uploads\/2014\/11\/CARBONFOOTPRINT1.gif\" alt=\"CARBONFOOTPRINT\" width=\"1000\" height=\"150\" \/><\/a><\/p>\n","protected":false},"excerpt":{"rendered":"<p>Fas Spa esta\u00a0 siempre interesada al respeto por el ambiente. El nuevo proceso productivo permite reducir notablemente\u00a0 los costos de energ\u00eda el\u00e9ctrica gracias a la utilizaci\u00f3n de nuevos sistemas electr\u00f3nicos de control , como a trav\u00e9s de sistemas informatizados que permiten un mayor control del ciclo productivo y la reducci\u00f3n de los descartes de producci\u00f3n. [&hellip;]<\/p>\n","protected":false},"author":1,"featured_media":0,"parent":0,"menu_order":0,"comment_status":"open","ping_status":"closed","template":"full-width.php","meta":[],"_links":{"self":[{"href":"https:\/\/fas-spa.it\/es\/wp-json\/wp\/v2\/pages\/13372"}],"collection":[{"href":"https:\/\/fas-spa.it\/es\/wp-json\/wp\/v2\/pages"}],"about":[{"href":"https:\/\/fas-spa.it\/es\/wp-json\/wp\/v2\/types\/page"}],"author":[{"embeddable":true,"href":"https:\/\/fas-spa.it\/es\/wp-json\/wp\/v2\/users\/1"}],"replies":[{"embeddable":true,"href":"https:\/\/fas-spa.it\/es\/wp-json\/wp\/v2\/comments?post=13372"}],"version-history":[{"count":3,"href":"https:\/\/fas-spa.it\/es\/wp-json\/wp\/v2\/pages\/13372\/revisions"}],"predecessor-version":[{"id":13828,"href":"https:\/\/fas-spa.it\/es\/wp-json\/wp\/v2\/pages\/13372\/revisions\/13828"}],"wp:attachment":[{"href":"https:\/\/fas-spa.it\/es\/wp-json\/wp\/v2\/media?parent=13372"}],"curies":[{"name":"wp","href":"https:\/\/api.w.org\/{rel}","templated":true}]}}