{"id":13367,"date":"2016-04-02T18:08:55","date_gmt":"2016-04-02T16:08:55","guid":{"rendered":"http:\/\/www.fas-spa.it\/?page_id=13367"},"modified":"2018-01-24T18:30:19","modified_gmt":"2018-01-24T17:30:19","slug":"busqueda-y-desarrollo","status":"publish","type":"page","link":"https:\/\/fas-spa.it\/es\/busqueda-y-desarrollo\/","title":{"rendered":"Busqueda y Desarrollo"},"content":{"rendered":"<p><img class=\"alignnone wp-image-10723 size-full\" src=\"http:\/\/www.fas-spa.it\/wp-content\/uploads\/2014\/11\/PANNOLINI.jpg\" alt=\"\" width=\"1000\" height=\"391\" srcset=\"https:\/\/fas-spa.it\/wp-content\/uploads\/2014\/11\/PANNOLINI-300x117.jpg 300w, https:\/\/fas-spa.it\/wp-content\/uploads\/2014\/11\/PANNOLINI-500x196.jpg 500w, https:\/\/fas-spa.it\/wp-content\/uploads\/2014\/11\/PANNOLINI-700x274.jpg 700w, https:\/\/fas-spa.it\/wp-content\/uploads\/2014\/11\/PANNOLINI.jpg 1000w\" sizes=\"(max-width: 1000px) 100vw, 1000px\" \/><\/p>\n<p>La atenci\u00f3n de Fas Spa por las nuevas tecnolog\u00edas permite a la empresa encontrar nuevas soluciones a las siempre crecientes exigencias de los consumidores.<\/p>\n<p>La empresa ha lanzado recientemente en el mercado de la gran distribuci\u00f3n y de los puntos de venta dedicados a la primera infancia, un pa\u00f1al de ultima generaci\u00f3n con una nueva forma anat\u00f3mica hecha posible gracias al nuevo sistema de cierre que envuelve suavemente al ni\u00f1o y le permite cualquier movimiento. Ademas el nuevo Fluff\u00a0 extremadamente fino y delicado asegura una mejor absorci\u00f3n\u00a0 y una mejor distribuci\u00f3n de la humedad.\u00a0 El producto, enteramente\u00a0 realizado con materiales s\u00faper absorbentes capaces de cumplir con las exigencias siempre crecientes del mercado y los consumidores.<\/p>\n","protected":false},"excerpt":{"rendered":"<p>La atenci\u00f3n de Fas Spa por las nuevas tecnolog\u00edas permite a la empresa encontrar nuevas soluciones a las siempre crecientes exigencias de los consumidores. La empresa ha lanzado recientemente en el mercado de la gran distribuci\u00f3n y de los puntos de venta dedicados a la primera infancia, un pa\u00f1al de ultima generaci\u00f3n con una nueva [&hellip;]<\/p>\n","protected":false},"author":1,"featured_media":0,"parent":0,"menu_order":0,"comment_status":"open","ping_status":"closed","template":"full-width.php","meta":[],"_links":{"self":[{"href":"https:\/\/fas-spa.it\/es\/wp-json\/wp\/v2\/pages\/13367"}],"collection":[{"href":"https:\/\/fas-spa.it\/es\/wp-json\/wp\/v2\/pages"}],"about":[{"href":"https:\/\/fas-spa.it\/es\/wp-json\/wp\/v2\/types\/page"}],"author":[{"embeddable":true,"href":"https:\/\/fas-spa.it\/es\/wp-json\/wp\/v2\/users\/1"}],"replies":[{"embeddable":true,"href":"https:\/\/fas-spa.it\/es\/wp-json\/wp\/v2\/comments?post=13367"}],"version-history":[{"count":3,"href":"https:\/\/fas-spa.it\/es\/wp-json\/wp\/v2\/pages\/13367\/revisions"}],"predecessor-version":[{"id":13826,"href":"https:\/\/fas-spa.it\/es\/wp-json\/wp\/v2\/pages\/13367\/revisions\/13826"}],"wp:attachment":[{"href":"https:\/\/fas-spa.it\/es\/wp-json\/wp\/v2\/media?parent=13367"}],"curies":[{"name":"wp","href":"https:\/\/api.w.org\/{rel}","templated":true}]}}