{"id":13364,"date":"2016-04-02T18:07:29","date_gmt":"2016-04-02T16:07:29","guid":{"rendered":"http:\/\/www.fas-spa.it\/?page_id=13364"},"modified":"2018-01-24T18:30:19","modified_gmt":"2018-01-24T17:30:19","slug":"logistica","status":"publish","type":"page","link":"https:\/\/fas-spa.it\/es\/logistica\/","title":{"rendered":"Log\u00edstica"},"content":{"rendered":"<p><img class=\"alignnone wp-image-10715 size-full\" src=\"http:\/\/www.fas-spa.it\/wp-content\/uploads\/2014\/11\/LOGISTICA.jpg\" alt=\"LOGISTICA\" width=\"1000\" height=\"391\" srcset=\"https:\/\/fas-spa.it\/wp-content\/uploads\/2014\/11\/LOGISTICA-300x117.jpg 300w, https:\/\/fas-spa.it\/wp-content\/uploads\/2014\/11\/LOGISTICA-500x196.jpg 500w, https:\/\/fas-spa.it\/wp-content\/uploads\/2014\/11\/LOGISTICA-700x274.jpg 700w, https:\/\/fas-spa.it\/wp-content\/uploads\/2014\/11\/LOGISTICA.jpg 1000w\" sizes=\"(max-width: 1000px) 100vw, 1000px\" \/><\/p>\n<p>En una superficie de 2500 metros cuadrados se extiende el \u00e1rea del almac\u00e9n, ultima fase de la cadena.<\/p>\n<p>La zona esta dividida en dos macro \u00e1reas , una usada como dep\u00f3sito de las materias primas y una como almacenamiento del producto terminado. Las dos gestionadas con el sistema FIFO (First in First out) est\u00e1ndard de garant\u00eda de calidad para evitar la p\u00e9rdida de los productos, seg\u00fan una modalidad de almacenamiento, en el cual el primer producto a ser introducido es tambi\u00e9n el primero en salir.<\/p>\n<p>Todo es tenido bajo control mediante el database inform\u00e1tico, el sistema permite no solo individualizar el producto en cualquier \u00e1rea de la empresa en que se encuentre, pero a distancia de tiempo es posible acceder a toda la vida del producto, desde la materia prima utilizada, al d\u00eda y la hora de la producci\u00f3n. FAS Spa esta atenta tambi\u00e9n a las exigencias del cliente: hoy la gran distribuci\u00f3n impone rotaci\u00f3n veloz en modo de ayudar a la optimizaci\u00f3n\u00a0 de las entregas a trav\u00e9s de acuerdos con partners en el sector del transporte , Fas Spa ha estipulado contratos que garantizan la m\u00e1xima velocidad y disponibilidad en entregar m\u00ednimas cantidades en toda Italia con tiempos no superiores a una semana laboral.<\/p>\n","protected":false},"excerpt":{"rendered":"<p>En una superficie de 2500 metros cuadrados se extiende el \u00e1rea del almac\u00e9n, ultima fase de la cadena. La zona esta dividida en dos macro \u00e1reas , una usada como dep\u00f3sito de las materias primas y una como almacenamiento del producto terminado. Las dos gestionadas con el sistema FIFO (First in First out) est\u00e1ndard de [&hellip;]<\/p>\n","protected":false},"author":1,"featured_media":0,"parent":0,"menu_order":0,"comment_status":"open","ping_status":"closed","template":"full-width.php","meta":[],"_links":{"self":[{"href":"https:\/\/fas-spa.it\/es\/wp-json\/wp\/v2\/pages\/13364"}],"collection":[{"href":"https:\/\/fas-spa.it\/es\/wp-json\/wp\/v2\/pages"}],"about":[{"href":"https:\/\/fas-spa.it\/es\/wp-json\/wp\/v2\/types\/page"}],"author":[{"embeddable":true,"href":"https:\/\/fas-spa.it\/es\/wp-json\/wp\/v2\/users\/1"}],"replies":[{"embeddable":true,"href":"https:\/\/fas-spa.it\/es\/wp-json\/wp\/v2\/comments?post=13364"}],"version-history":[{"count":2,"href":"https:\/\/fas-spa.it\/es\/wp-json\/wp\/v2\/pages\/13364\/revisions"}],"predecessor-version":[{"id":13824,"href":"https:\/\/fas-spa.it\/es\/wp-json\/wp\/v2\/pages\/13364\/revisions\/13824"}],"wp:attachment":[{"href":"https:\/\/fas-spa.it\/es\/wp-json\/wp\/v2\/media?parent=13364"}],"curies":[{"name":"wp","href":"https:\/\/api.w.org\/{rel}","templated":true}]}}