{"id":13361,"date":"2016-04-02T17:59:35","date_gmt":"2016-04-02T15:59:35","guid":{"rendered":"http:\/\/www.fas-spa.it\/?page_id=13361"},"modified":"2018-01-24T18:30:20","modified_gmt":"2018-01-24T17:30:20","slug":"identificabilidad","status":"publish","type":"page","link":"https:\/\/fas-spa.it\/es\/identificabilidad\/","title":{"rendered":"Identificabilidad"},"content":{"rendered":"<p><img class=\"alignnone wp-image-10726 size-full\" src=\"http:\/\/www.fas-spa.it\/wp-content\/uploads\/2014\/11\/TRACCIABILITA.jpg\" alt=\"\" width=\"1000\" height=\"392\" srcset=\"https:\/\/fas-spa.it\/wp-content\/uploads\/2014\/11\/TRACCIABILITA-300x117.jpg 300w, https:\/\/fas-spa.it\/wp-content\/uploads\/2014\/11\/TRACCIABILITA-500x196.jpg 500w, https:\/\/fas-spa.it\/wp-content\/uploads\/2014\/11\/TRACCIABILITA-700x274.jpg 700w, https:\/\/fas-spa.it\/wp-content\/uploads\/2014\/11\/TRACCIABILITA.jpg 1000w\" sizes=\"(max-width: 1000px) 100vw, 1000px\" \/><\/p>\n<p>El desarrollo de la tecnolog\u00eda de producci\u00f3n de FAS Spa ha evolucionado tambi\u00e9n en la oferta de un servicio de control de la producci\u00f3n misma gracias a un sistema-calidad que permite una r\u00e1pida y clara identificaci\u00f3n de los productos gracias a una serie de operaciones que permiten:<\/p>\n<ul>\n<li>Numerar y codificar el producto<\/li>\n<li>Individualizar al producto en qualquier \u00e1rea de la empresa se encuentre(Almac\u00e9n, \u00e1rea productiva, laboratorio de controles, verificaci\u00f3n final).<\/li>\n<li>Dar fe del estado de transformaci\u00f3n y de control del producto en cualquier \u00e1rea de la empresa se encuentre(controlado, no controlado , en fase de control, no cumple, descartado , de ser reelaborado).<\/li>\n<\/ul>\n<p>El sistema de identificabilidad\u00a0 permite individualizar a distancia de tiempo el producto, su movimiento en la empresa , los controles realizados y su resultado, el estado de las maquinas al momento de la realizaci\u00f3n y el arco de tiempo en el cual ha sido elaborado, el personal inetresado en las varias fases.<\/p>\n","protected":false},"excerpt":{"rendered":"<p>El desarrollo de la tecnolog\u00eda de producci\u00f3n de FAS Spa ha evolucionado tambi\u00e9n en la oferta de un servicio de control de la producci\u00f3n misma gracias a un sistema-calidad que permite una r\u00e1pida y clara identificaci\u00f3n de los productos gracias a una serie de operaciones que permiten: Numerar y codificar el producto Individualizar al producto [&hellip;]<\/p>\n","protected":false},"author":1,"featured_media":0,"parent":0,"menu_order":0,"comment_status":"open","ping_status":"closed","template":"full-width.php","meta":[],"_links":{"self":[{"href":"https:\/\/fas-spa.it\/es\/wp-json\/wp\/v2\/pages\/13361"}],"collection":[{"href":"https:\/\/fas-spa.it\/es\/wp-json\/wp\/v2\/pages"}],"about":[{"href":"https:\/\/fas-spa.it\/es\/wp-json\/wp\/v2\/types\/page"}],"author":[{"embeddable":true,"href":"https:\/\/fas-spa.it\/es\/wp-json\/wp\/v2\/users\/1"}],"replies":[{"embeddable":true,"href":"https:\/\/fas-spa.it\/es\/wp-json\/wp\/v2\/comments?post=13361"}],"version-history":[{"count":3,"href":"https:\/\/fas-spa.it\/es\/wp-json\/wp\/v2\/pages\/13361\/revisions"}],"predecessor-version":[{"id":13823,"href":"https:\/\/fas-spa.it\/es\/wp-json\/wp\/v2\/pages\/13361\/revisions\/13823"}],"wp:attachment":[{"href":"https:\/\/fas-spa.it\/es\/wp-json\/wp\/v2\/media?parent=13361"}],"curies":[{"name":"wp","href":"https:\/\/api.w.org\/{rel}","templated":true}]}}