{"id":13359,"date":"2016-04-02T17:58:30","date_gmt":"2016-04-02T15:58:30","guid":{"rendered":"http:\/\/www.fas-spa.it\/?page_id=13359"},"modified":"2018-01-24T18:30:20","modified_gmt":"2018-01-24T17:30:20","slug":"control-y-calidad","status":"publish","type":"page","link":"https:\/\/fas-spa.it\/es\/control-y-calidad\/","title":{"rendered":"Control y Calidad"},"content":{"rendered":"<p><img class=\"alignnone wp-image-10717 size-full\" src=\"http:\/\/www.fas-spa.it\/wp-content\/uploads\/2014\/11\/LABORATORIO.jpg\" alt=\"\" width=\"1000\" height=\"391\" srcset=\"https:\/\/fas-spa.it\/wp-content\/uploads\/2014\/11\/LABORATORIO-300x117.jpg 300w, https:\/\/fas-spa.it\/wp-content\/uploads\/2014\/11\/LABORATORIO-500x196.jpg 500w, https:\/\/fas-spa.it\/wp-content\/uploads\/2014\/11\/LABORATORIO-700x274.jpg 700w, https:\/\/fas-spa.it\/wp-content\/uploads\/2014\/11\/LABORATORIO.jpg 1000w\" sizes=\"(max-width: 1000px) 100vw, 1000px\" \/><\/p>\n<p>FAS Spa esta equipada en el interior de su propia f\u00e1brica de un laboratorio de an\u00e1lisis en el cual peri\u00f3dicamente se realizan test para verificar el rendimiento constante y la performance de los propios productos y de las materias primas.<br \/>\nNada pasa inadvertido, desde los test de Rewet, a los controles cronometrados sobre la velocidad de absorci\u00f3n, hasta aquellos sobre la calidad de los el\u00e1sticos y sidepanel. A diario todo viene rigurosamente monitorizado y los resultados de los test son conservados\u00a0 en un banco de datos , conectado al hilo productivo. En este modo es posible intervenir en tiempo real en todos los ciclos de producci\u00f3n , interrumpiendolos si es necesario.<\/p>\n","protected":false},"excerpt":{"rendered":"<p>FAS Spa esta equipada en el interior de su propia f\u00e1brica de un laboratorio de an\u00e1lisis en el cual peri\u00f3dicamente se realizan test para verificar el rendimiento constante y la performance de los propios productos y de las materias primas. Nada pasa inadvertido, desde los test de Rewet, a los controles cronometrados sobre la velocidad [&hellip;]<\/p>\n","protected":false},"author":1,"featured_media":0,"parent":0,"menu_order":0,"comment_status":"open","ping_status":"closed","template":"full-width.php","meta":[],"_links":{"self":[{"href":"https:\/\/fas-spa.it\/es\/wp-json\/wp\/v2\/pages\/13359"}],"collection":[{"href":"https:\/\/fas-spa.it\/es\/wp-json\/wp\/v2\/pages"}],"about":[{"href":"https:\/\/fas-spa.it\/es\/wp-json\/wp\/v2\/types\/page"}],"author":[{"embeddable":true,"href":"https:\/\/fas-spa.it\/es\/wp-json\/wp\/v2\/users\/1"}],"replies":[{"embeddable":true,"href":"https:\/\/fas-spa.it\/es\/wp-json\/wp\/v2\/comments?post=13359"}],"version-history":[{"count":4,"href":"https:\/\/fas-spa.it\/es\/wp-json\/wp\/v2\/pages\/13359\/revisions"}],"predecessor-version":[{"id":13821,"href":"https:\/\/fas-spa.it\/es\/wp-json\/wp\/v2\/pages\/13359\/revisions\/13821"}],"wp:attachment":[{"href":"https:\/\/fas-spa.it\/es\/wp-json\/wp\/v2\/media?parent=13359"}],"curies":[{"name":"wp","href":"https:\/\/api.w.org\/{rel}","templated":true}]}}