{"id":13355,"date":"2016-04-02T17:57:19","date_gmt":"2016-04-02T15:57:19","guid":{"rendered":"http:\/\/www.fas-spa.it\/?page_id=13355"},"modified":"2018-01-24T18:30:20","modified_gmt":"2018-01-24T17:30:20","slug":"planta-y-lineas","status":"publish","type":"page","link":"https:\/\/fas-spa.it\/es\/planta-y-lineas\/","title":{"rendered":"Planta  y l\u00edneas"},"content":{"rendered":"<p><img class=\"alignnone wp-image-10712 size-full\" src=\"http:\/\/www.fas-spa.it\/wp-content\/uploads\/2014\/11\/LINEA.jpg\" alt=\"Linee\" width=\"1000\" height=\"391\" srcset=\"https:\/\/fas-spa.it\/wp-content\/uploads\/2014\/11\/LINEA-300x117.jpg 300w, https:\/\/fas-spa.it\/wp-content\/uploads\/2014\/11\/LINEA-500x196.jpg 500w, https:\/\/fas-spa.it\/wp-content\/uploads\/2014\/11\/LINEA-700x274.jpg 700w, https:\/\/fas-spa.it\/wp-content\/uploads\/2014\/11\/LINEA.jpg 1000w\" sizes=\"(max-width: 1000px) 100vw, 1000px\" \/><\/p>\n<p>En el interior de un \u00e1rea de aproximadamente 1500 metros cuadrados se encuentra el centro de toda la actividad productiva de la FAS. Cuatro l\u00edneas de producci\u00f3n , subdivididas en dos l\u00edneas Baby, una de absorbentes para se\u00f1ora y una salva-slip. Los procesos productivos son completamente automatizados ( de la materia prima al producto terminado en un proceso autom\u00e1tico).<\/p>\n<p>En pocos minutos la materia prima (celulosa, s\u00faper absorbente, tejidos, no tejidos y embalaje) se transforman en productos terminados. Cada l\u00ednea de producci\u00f3n tiene su propio responsable, mientras en todas las l\u00edneas Fas efect\u00faa continuamente controles de calidad de los productos a trav\u00e9s de personal calificado. Con la inauguraci\u00f3n de una nueva l\u00ednea de producci\u00f3n FAS ha incrementado la capacidad productiva del 80% en base horaria , asegurando una producci\u00f3n diaria de 500.000 pa\u00f1ales , 860.000 absorbentes y 1.000.000 de slava-slip.<\/p>\n<p>Toda la producci\u00f3n se realiza en un ambiente rigurosamente ordenado y limpio.<\/p>\n","protected":false},"excerpt":{"rendered":"<p>En el interior de un \u00e1rea de aproximadamente 1500 metros cuadrados se encuentra el centro de toda la actividad productiva de la FAS. Cuatro l\u00edneas de producci\u00f3n , subdivididas en dos l\u00edneas Baby, una de absorbentes para se\u00f1ora y una salva-slip. Los procesos productivos son completamente automatizados ( de la materia prima al producto terminado [&hellip;]<\/p>\n","protected":false},"author":1,"featured_media":0,"parent":0,"menu_order":0,"comment_status":"open","ping_status":"open","template":"full-width.php","meta":[],"_links":{"self":[{"href":"https:\/\/fas-spa.it\/es\/wp-json\/wp\/v2\/pages\/13355"}],"collection":[{"href":"https:\/\/fas-spa.it\/es\/wp-json\/wp\/v2\/pages"}],"about":[{"href":"https:\/\/fas-spa.it\/es\/wp-json\/wp\/v2\/types\/page"}],"author":[{"embeddable":true,"href":"https:\/\/fas-spa.it\/es\/wp-json\/wp\/v2\/users\/1"}],"replies":[{"embeddable":true,"href":"https:\/\/fas-spa.it\/es\/wp-json\/wp\/v2\/comments?post=13355"}],"version-history":[{"count":2,"href":"https:\/\/fas-spa.it\/es\/wp-json\/wp\/v2\/pages\/13355\/revisions"}],"predecessor-version":[{"id":13820,"href":"https:\/\/fas-spa.it\/es\/wp-json\/wp\/v2\/pages\/13355\/revisions\/13820"}],"wp:attachment":[{"href":"https:\/\/fas-spa.it\/es\/wp-json\/wp\/v2\/media?parent=13355"}],"curies":[{"name":"wp","href":"https:\/\/api.w.org\/{rel}","templated":true}]}}