{"id":13352,"date":"2016-04-02T17:54:16","date_gmt":"2016-04-02T15:54:16","guid":{"rendered":"http:\/\/www.fas-spa.it\/?page_id=13352"},"modified":"2018-01-24T18:30:20","modified_gmt":"2018-01-24T17:30:20","slug":"formacion","status":"publish","type":"page","link":"https:\/\/fas-spa.it\/es\/formacion\/","title":{"rendered":"Formaci\u00f3n"},"content":{"rendered":"<p><img class=\"aligncenter size-full wp-image-11712\" src=\"http:\/\/www.fas-spa.it\/wp-content\/uploads\/2014\/11\/FORMAZIONE.jpg\" alt=\"FORMAZIONE\" width=\"1000\" height=\"391\" srcset=\"https:\/\/fas-spa.it\/wp-content\/uploads\/2014\/11\/FORMAZIONE-300x117.jpg 300w, https:\/\/fas-spa.it\/wp-content\/uploads\/2014\/11\/FORMAZIONE-500x196.jpg 500w, https:\/\/fas-spa.it\/wp-content\/uploads\/2014\/11\/FORMAZIONE-700x274.jpg 700w, https:\/\/fas-spa.it\/wp-content\/uploads\/2014\/11\/FORMAZIONE.jpg 1000w\" sizes=\"(max-width: 1000px) 100vw, 1000px\" \/><\/p>\n<p>FAS Spa, no ha dejado fuera un aspecto muy importante: la formaci\u00f3n y la calificaci\u00f3n del propio personal. Ha iniciado hace ya tiempo, un camino en colaboraci\u00f3n con un team de psic\u00f3logos y profesionales de la seguridad en el trabajo que han organizado cursos y seminarios finalizados a instruir a los empleados y colaboradores en tema de reducci\u00f3n de riesgos de lesiones , manipulaci\u00f3n de las cargas de trabajo y team building.<\/p>\n<p>La empresa adem\u00e1s ha firmado en el a\u00f1o 2012 en la sala del Consejo de la regi\u00f3n Puglia , la carta para las iguales oportunidades e igualdad en el trabajo, resultando entre las 461 empresas italianas ocupadas en difundir en el territorio una moderna e inclusiva cultura del trabajo, libre de cada prejuicio y exclusi\u00f3n y capaz de valorizar el talento en toda su diversidad.<\/p>\n","protected":false},"excerpt":{"rendered":"<p>FAS Spa, no ha dejado fuera un aspecto muy importante: la formaci\u00f3n y la calificaci\u00f3n del propio personal. Ha iniciado hace ya tiempo, un camino en colaboraci\u00f3n con un team de psic\u00f3logos y profesionales de la seguridad en el trabajo que han organizado cursos y seminarios finalizados a instruir a los empleados y colaboradores en [&hellip;]<\/p>\n","protected":false},"author":1,"featured_media":0,"parent":0,"menu_order":0,"comment_status":"open","ping_status":"open","template":"full-width.php","meta":[],"_links":{"self":[{"href":"https:\/\/fas-spa.it\/es\/wp-json\/wp\/v2\/pages\/13352"}],"collection":[{"href":"https:\/\/fas-spa.it\/es\/wp-json\/wp\/v2\/pages"}],"about":[{"href":"https:\/\/fas-spa.it\/es\/wp-json\/wp\/v2\/types\/page"}],"author":[{"embeddable":true,"href":"https:\/\/fas-spa.it\/es\/wp-json\/wp\/v2\/users\/1"}],"replies":[{"embeddable":true,"href":"https:\/\/fas-spa.it\/es\/wp-json\/wp\/v2\/comments?post=13352"}],"version-history":[{"count":1,"href":"https:\/\/fas-spa.it\/es\/wp-json\/wp\/v2\/pages\/13352\/revisions"}],"predecessor-version":[{"id":13353,"href":"https:\/\/fas-spa.it\/es\/wp-json\/wp\/v2\/pages\/13352\/revisions\/13353"}],"wp:attachment":[{"href":"https:\/\/fas-spa.it\/es\/wp-json\/wp\/v2\/media?parent=13352"}],"curies":[{"name":"wp","href":"https:\/\/api.w.org\/{rel}","templated":true}]}}