{"id":13348,"date":"2016-04-02T17:52:49","date_gmt":"2016-04-02T15:52:49","guid":{"rendered":"http:\/\/www.fas-spa.it\/?page_id=13348"},"modified":"2018-01-24T18:30:20","modified_gmt":"2018-01-24T17:30:20","slug":"perfil-economico","status":"publish","type":"page","link":"https:\/\/fas-spa.it\/es\/perfil-economico\/","title":{"rendered":"Perfil Econ\u00f3mico"},"content":{"rendered":"<p><img class=\"aligncenter size-full wp-image-11710\" src=\"http:\/\/www.fas-spa.it\/wp-content\/uploads\/2014\/11\/ECONOMIA.jpg\" alt=\"ECONOMIA\" width=\"1000\" height=\"391\" srcset=\"https:\/\/fas-spa.it\/wp-content\/uploads\/2014\/11\/ECONOMIA-300x117.jpg 300w, https:\/\/fas-spa.it\/wp-content\/uploads\/2014\/11\/ECONOMIA-500x196.jpg 500w, https:\/\/fas-spa.it\/wp-content\/uploads\/2014\/11\/ECONOMIA-700x274.jpg 700w, https:\/\/fas-spa.it\/wp-content\/uploads\/2014\/11\/ECONOMIA.jpg 1000w\" sizes=\"(max-width: 1000px) 100vw, 1000px\" \/><\/p>\n<p>La empresa actualmente tiene una facturaci\u00f3n anual de aproximadamente 9.000.000 de euros, de los cuales el 30% es constituido de la venta y de la producci\u00f3n de absorbentes y salva-slip y el 70% proviene de la producci\u00f3n y la venta de pa\u00f1ales. Producci\u00f3n, control y calidad, movimiento de la mercanc\u00eda, certificaci\u00f3n, relaci\u00f3n con la clientela, estad\u00edsticas de producci\u00f3n y mantenimiento: FAS ha invertido muchos recursos sobre la organizaci\u00f3n y la profesionalizaci\u00f3n del propio personal y hoy gestiona enteramente todos los procesos empresariales.<\/p>\n<p>En los \u00faltimos a\u00f1os , a trav\u00e9s de acuerdos comerciales y de partnership , FAS est\u00e1 cimentando las bases para el desarrollo hacia nuevos mercados extranjeros.<\/p>\n<p>&nbsp;<\/p>\n","protected":false},"excerpt":{"rendered":"<p>La empresa actualmente tiene una facturaci\u00f3n anual de aproximadamente 9.000.000 de euros, de los cuales el 30% es constituido de la venta y de la producci\u00f3n de absorbentes y salva-slip y el 70% proviene de la producci\u00f3n y la venta de pa\u00f1ales. Producci\u00f3n, control y calidad, movimiento de la mercanc\u00eda, certificaci\u00f3n, relaci\u00f3n con la clientela, [&hellip;]<\/p>\n","protected":false},"author":1,"featured_media":0,"parent":0,"menu_order":0,"comment_status":"open","ping_status":"open","template":"full-width.php","meta":[],"_links":{"self":[{"href":"https:\/\/fas-spa.it\/es\/wp-json\/wp\/v2\/pages\/13348"}],"collection":[{"href":"https:\/\/fas-spa.it\/es\/wp-json\/wp\/v2\/pages"}],"about":[{"href":"https:\/\/fas-spa.it\/es\/wp-json\/wp\/v2\/types\/page"}],"author":[{"embeddable":true,"href":"https:\/\/fas-spa.it\/es\/wp-json\/wp\/v2\/users\/1"}],"replies":[{"embeddable":true,"href":"https:\/\/fas-spa.it\/es\/wp-json\/wp\/v2\/comments?post=13348"}],"version-history":[{"count":2,"href":"https:\/\/fas-spa.it\/es\/wp-json\/wp\/v2\/pages\/13348\/revisions"}],"predecessor-version":[{"id":13819,"href":"https:\/\/fas-spa.it\/es\/wp-json\/wp\/v2\/pages\/13348\/revisions\/13819"}],"wp:attachment":[{"href":"https:\/\/fas-spa.it\/es\/wp-json\/wp\/v2\/media?parent=13348"}],"curies":[{"name":"wp","href":"https:\/\/api.w.org\/{rel}","templated":true}]}}