{"id":13344,"date":"2016-04-02T17:49:29","date_gmt":"2016-04-02T15:49:29","guid":{"rendered":"http:\/\/www.fas-spa.it\/?page_id=13344"},"modified":"2018-01-24T18:30:20","modified_gmt":"2018-01-24T17:30:20","slug":"la-sede","status":"publish","type":"page","link":"https:\/\/fas-spa.it\/es\/la-sede\/","title":{"rendered":"La sede"},"content":{"rendered":"<div class=\"fusion-fullwidth fullwidth-box fusion-builder-row-1 hundred-percent-fullwidth non-hundred-percent-height-scrolling\" style=\"background-color: #ffffff;background-position: center center;background-repeat: no-repeat;padding-top:0px;padding-right:0px;padding-bottom:0px;padding-left:0px;margin-bottom: 0px;margin-top: 0px;border-width: 0px 0px 0px 0px;border-color:#eae9e9;border-style:solid;\" ><div class=\"fusion-builder-row fusion-row\"><div class=\"fusion-layout-column fusion_builder_column fusion-builder-column-0 fusion_builder_column_1_1 1_1 fusion-one-full fusion-column-first fusion-column-last fusion-column-no-min-height\" style=\"margin-top:0px;margin-bottom:0px;\"><div class=\"fusion-column-wrapper fusion-flex-column-wrapper-legacy\" style=\"background-position:left top;background-repeat:no-repeat;-webkit-background-size:cover;-moz-background-size:cover;-o-background-size:cover;background-size:cover;padding: 0px 0px 0px 0px;\"><div class=\"fusion-slider-sc fusion-flexslider-loading flexslider flexslider-hover-type-none\" data-slideshow_autoplay=\"1\" data-slideshow_smooth_height=\"0\" data-slideshow_speed=\"7000\" style=\"max-width:100%;height:100%;\"><ul class=\"slides\"><li class=\"image\"><span class=\"fusion-image-hover-element hover-type-none\"><img src=\"http:\/\/www.fas-spa.it\/wp-content\/uploads\/2014\/11\/UFFICI.jpg\" \/><\/span><\/li><\/ul><\/div> <div class=\"fusion-clearfix\"><\/div><\/div><\/div><div class=\"fusion-layout-column fusion_builder_column fusion-builder-column-1 fusion_builder_column_2_3 2_3 fusion-two-third fusion-column-first\" style=\"width:66.666666666667%;width:calc(66.666666666667% - ( ( 4% ) * 0.66666666666667 ) );margin-right: 4%;margin-top:0px;margin-bottom:20px;\"><div class=\"fusion-column-wrapper fusion-flex-column-wrapper-legacy\" style=\"background-position:left top;background-repeat:no-repeat;-webkit-background-size:cover;-moz-background-size:cover;-o-background-size:cover;background-size:cover;padding: 0px 0px 0px 0px;\"> <style type=\"text\/css\"><\/style><div class=\"fusion-title title fusion-title-1 fusion-title-text fusion-title-size-two\" style=\"margin-top:0px;margin-bottom:31px;\"><h2 class=\"title-heading-left\" style=\"margin:0;\">PUGLIA, tierra de excelencias.<\/h2><div class=\"title-sep-container\"><div class=\"title-sep sep-double sep-solid\" style=\"border-color:#e0dede;\"><\/div><\/div><\/div> \u00a0Los establecimientos y la sede productiva tiene lugar en Corato , en la provincia de Bari, a pocos centenares de metros de las uniones y de las principales carreteras de la regi\u00f3n Puglia. Se desarrollan en su interior, un \u00e1rea de m\u00e1s de 4000 metros cuadrados divididos en sectores: al reparto dedicado a la producci\u00f3n de aproximadamente 1500 metros cuadrados se acerca una superficie de aproximadamente 2500 metros cuadrados utilizada como dep\u00f3sito de materias primas y productos terminados.<\/p>\n<p>Una nueva ampliaci\u00f3n de los establecimientos FAS esta casi llegando al final de su obra.\u00a0 En los pr\u00f3ximos meses ser\u00e1 inaugurado un nuevo establecimiento. Ser\u00e1 enteramente utilizado para el\u00a0 almacenamiento del producto terminado.<br \/>\nLa historia de FAS Spa comienza en 1982 en Corato con la constituci\u00f3n de la primera S.r.l. La actividad\u00a0 inicial era constituida por la producci\u00f3n de absorbentes para se\u00f1ora y en 1987 fue inaugurada la primera l\u00ednea de producci\u00f3n de pa\u00f1ales para ni\u00f1os.<br \/>\n<strong><em><br \/>\n<\/em>La construcci\u00f3n de la actual f\u00e1brica industrial (en 1994), en el camino Forchetta, ha se\u00f1alado el verdadero\u00a0 primer cambio de la historia industrial de FAS Spa. En este momento nace un verdadero proceso organizativo, dictado de exigencias en grado de garantizar\u00a0 un adecuado crecimiento del staff\u00a0 industrial.<br \/>\n<em><br \/>\n<\/em><\/strong>\u00a0<div class=\"fusion-clearfix\"><\/div><\/div><\/div> <div class=\"fusion-layout-column fusion_builder_column fusion-builder-column-2 fusion_builder_column_1_3 1_3 fusion-one-third fusion-column-last\" style=\"width:33.333333333333%;width:calc(33.333333333333% - ( ( 4% ) * 0.33333333333333 ) );margin-top:0px;margin-bottom:20px;\"><div class=\"fusion-column-wrapper fusion-flex-column-wrapper-legacy\" style=\"background-position:left top;background-repeat:no-repeat;-webkit-background-size:cover;-moz-background-size:cover;-o-background-size:cover;background-size:cover;padding: 0px 0px 0px 0px;\"> <style type=\"text\/css\"><\/style><div class=\"fusion-title title fusion-title-2 fusion-title-text fusion-title-size-two\" style=\"margin-top:0px;margin-bottom:31px;\"><h2 class=\"title-heading-left\" style=\"margin:0;\">\u00c1rea geogr\u00e1fica<\/h2><div class=\"title-sep-container\"><div class=\"title-sep sep-double sep-solid\" style=\"border-color:#e0dede;\"><\/div><\/div><\/div> \t\t\t\t\t<script type=\"text\/javascript\">\n\t\t\t\t\t\tvar map_fusion_map_69e5f1d9cb689;\n\t\t\t\t\t\tvar markers = [];\n\t\t\t\t\t\tvar counter = 0;\n\t\t\t\t\t\t\t\t\t\t\t\t\t\t\t\t\t\t\t\tvar fusionMapNonce = '359d13d203';\n\t\t\t\t\t\t\t\t\t\t\t\tfunction fusion_run_map_fusion_map_69e5f1d9cb689() {\n\t\t\t\t\t\t\tjQuery('#fusion_map_69e5f1d9cb689').fusion_maps({\n\t\t\t\t\t\t\t\taddresses: [{\"address\":\"Corato (BA) ITALY\",\"infobox_content\":\"\",\"coordinates\":false,\"cache\":true,\"latitude\":\"41.1534886\",\"longitude\":\"16.413160100000027\"}],\n\t\t\t\t\t\t\t\tanimations: false,\n\t\t\t\t\t\t\t\tinfobox_background_color: '',\n\t\t\t\t\t\t\t\tinfobox_styling: '',\n\t\t\t\t\t\t\t\tinfobox_text_color: '',\n\t\t\t\t\t\t\t\tmap_style: '',\n\t\t\t\t\t\t\t\tmap_type: 'terrain',\n\t\t\t\t\t\t\t\tmarker_icon: '',\n\t\t\t\t\t\t\t\toverlay_color: '',\n\t\t\t\t\t\t\t\toverlay_color_hsl: {\"hue\":0,\"sat\":0,\"lum\":100},\n\t\t\t\t\t\t\t\tpan_control: true,\n\t\t\t\t\t\t\t\tshow_address: true,\n\t\t\t\t\t\t\t\tscale_control: true,\n\t\t\t\t\t\t\t\tscrollwheel: true,\n\t\t\t\t\t\t\t\tzoom: 7,\n\t\t\t\t\t\t\t\tzoom_control: true,\n\t\t\t\t\t\t\t});\n\t\t\t\t\t\t}\n\n\t\t\t\t\t\tgoogle.maps.event.addDomListener(window, 'load', fusion_run_map_fusion_map_69e5f1d9cb689);\n\t\t\t\t\t<\/script>\n\t\t\t\t\t<div class=\"shortcode-map fusion-google-map fusion-maps-js-type\" id=\"fusion_map_69e5f1d9cb689\" style=\"height:200px;width:100%;\"><\/div>\n<h4><\/h4>\n<p>Strada Vicinale Contrada Forchetta, Z.I 70033 &#8211; Corato (BA) &#8211; ITALY <div class=\"fusion-clearfix\"><\/div><\/div><\/div><\/div><style type=\"text\/css\">.fusion-fullwidth.fusion-builder-row-1 { overflow:visible; }<\/style><\/div>\n","protected":false},"excerpt":{"rendered":"","protected":false},"author":1,"featured_media":0,"parent":0,"menu_order":0,"comment_status":"closed","ping_status":"closed","template":"full-width.php","meta":[],"_links":{"self":[{"href":"https:\/\/fas-spa.it\/es\/wp-json\/wp\/v2\/pages\/13344"}],"collection":[{"href":"https:\/\/fas-spa.it\/es\/wp-json\/wp\/v2\/pages"}],"about":[{"href":"https:\/\/fas-spa.it\/es\/wp-json\/wp\/v2\/types\/page"}],"author":[{"embeddable":true,"href":"https:\/\/fas-spa.it\/es\/wp-json\/wp\/v2\/users\/1"}],"replies":[{"embeddable":true,"href":"https:\/\/fas-spa.it\/es\/wp-json\/wp\/v2\/comments?post=13344"}],"version-history":[{"count":4,"href":"https:\/\/fas-spa.it\/es\/wp-json\/wp\/v2\/pages\/13344\/revisions"}],"predecessor-version":[{"id":13811,"href":"https:\/\/fas-spa.it\/es\/wp-json\/wp\/v2\/pages\/13344\/revisions\/13811"}],"wp:attachment":[{"href":"https:\/\/fas-spa.it\/es\/wp-json\/wp\/v2\/media?parent=13344"}],"curies":[{"name":"wp","href":"https:\/\/api.w.org\/{rel}","templated":true}]}}