{"id":13342,"date":"2016-04-02T17:27:09","date_gmt":"2016-04-02T15:27:09","guid":{"rendered":"http:\/\/www.fas-spa.it\/?page_id=13342"},"modified":"2018-01-24T18:30:20","modified_gmt":"2018-01-24T17:30:20","slug":"nuestra-mission","status":"publish","type":"page","link":"https:\/\/fas-spa.it\/es\/nuestra-mission\/","title":{"rendered":"Nuestra MISSION"},"content":{"rendered":"<div class=\"fusion-fullwidth fullwidth-box fusion-builder-row-1 hundred-percent-fullwidth non-hundred-percent-height-scrolling\" style=\"background-color: #ffffff;background-position: center center;background-repeat: no-repeat;padding-top:0px;padding-right:0px;padding-bottom:0px;padding-left:0px;margin-bottom: 0px;margin-top: 0px;border-width: 0px 0px 0px 0px;border-color:#eae9e9;border-style:solid;\" ><div class=\"fusion-builder-row fusion-row\"><div class=\"fusion-layout-column fusion_builder_column fusion-builder-column-0 fusion_builder_column_1_1 1_1 fusion-one-full fusion-column-first fusion-column-last fusion-column-no-min-height\" style=\"margin-top:0px;margin-bottom:0px;\"><div class=\"fusion-column-wrapper fusion-flex-column-wrapper-legacy\" style=\"background-position:left top;background-repeat:no-repeat;-webkit-background-size:cover;-moz-background-size:cover;-o-background-size:cover;background-size:cover;padding: 0px 0px 0px 0px;\">\n<div class=\"fusion-slider-revolution rev_slider_wrapper\">\t\t\t<!-- START Slider mission page es REVOLUTION SLIDER 6.3.3 --><p class=\"rs-p-wp-fix\"><\/p>\n\t\t\t<rs-module-wrap id=\"rev_slider_29_1_wrapper\" data-source=\"gallery\" style=\"background:#E9E9E9;padding:0;margin:0px auto;margin-top:0;margin-bottom:0;\">\n\t\t\t\t<rs-module id=\"rev_slider_29_1\" style=\"\" data-version=\"6.3.3\">\n\t\t\t\t\t<rs-slides>\n\t\t\t\t\t\t<rs-slide data-key=\"rs-95\" data-title=\"Slide\" data-thumb=\"\/\/fas-spa.it\/wp-content\/uploads\/2013\/10\/slide_11.jpg\" data-anim=\"ei:d;eo:d;s:300;t:random;sl:7;\">\n\t\t\t\t\t\t\t<img src=\"\/\/fas-spa.it\/wp-content\/plugins\/revslider\/public\/assets\/assets\/transparent.png\" alt=\"Slide\" title=\"Nuestra MISSION\" class=\"rev-slidebg\" data-no-retina>\n<!---->\t\t\t\t\t\t<\/rs-slide>\n\t\t\t\t\t\t<rs-slide data-key=\"rs-94\" data-title=\"Slide\" data-thumb=\"\/\/fas-spa.it\/wp-content\/uploads\/2012\/11\/slide_21-100x50.jpg\" data-anim=\"ei:d;eo:d;s:300;t:random;sl:7;\">\n\t\t\t\t\t\t\t<img src=\"\/\/fas-spa.it\/wp-content\/uploads\/2012\/11\/slide_21.jpg\" title=\"Nuestra MISSION\" class=\"rev-slidebg\" data-no-retina>\n<!--\n\t\t\t\t\t\t\t--><rs-layer\n\t\t\t\t\t\t\t\tid=\"slider-29-slide-94-layer-1\" \n\t\t\t\t\t\t\t\tclass=\"avada_block_white\"\n\t\t\t\t\t\t\t\tdata-type=\"text\"\n\t\t\t\t\t\t\t\tdata-color=\"rgba(255,255,255,1)\"\n\t\t\t\t\t\t\t\tdata-rsp_ch=\"on\"\n\t\t\t\t\t\t\t\tdata-xy=\"x:530px;y:120px;\"\n\t\t\t\t\t\t\t\tdata-text=\"l:22;\"\n\t\t\t\t\t\t\t\tdata-frame_0=\"x:right;o:1;tp:600;\"\n\t\t\t\t\t\t\t\tdata-frame_1=\"tp:600;st:500;\"\n\t\t\t\t\t\t\t\tdata-frame_999=\"st:w;auto:true;\"\n\t\t\t\t\t\t\t\tstyle=\"z-index:5;font-family:PTSansRegular, Arial, Helvetica, sans-serif;\"\n\t\t\t\t\t\t\t>Tecnolog\u00edas mas eficientes \n\t\t\t\t\t\t\t<\/rs-layer><!--\n\n\t\t\t\t\t\t\t--><rs-layer\n\t\t\t\t\t\t\t\tid=\"slider-29-slide-94-layer-2\" \n\t\t\t\t\t\t\t\tclass=\"avada_block_white\"\n\t\t\t\t\t\t\t\tdata-type=\"text\"\n\t\t\t\t\t\t\t\tdata-color=\"rgba(255,255,255,1)\"\n\t\t\t\t\t\t\t\tdata-rsp_ch=\"on\"\n\t\t\t\t\t\t\t\tdata-xy=\"x:590px;y:170px;\"\n\t\t\t\t\t\t\t\tdata-text=\"l:22;\"\n\t\t\t\t\t\t\t\tdata-frame_0=\"x:right;o:1;tp:600;\"\n\t\t\t\t\t\t\t\tdata-frame_1=\"tp:600;st:800;sp:750;\"\n\t\t\t\t\t\t\t\tdata-frame_999=\"st:w;auto:true;\"\n\t\t\t\t\t\t\t\tstyle=\"z-index:6;font-family:PTSansRegular, Arial, Helvetica, sans-serif;\"\n\t\t\t\t\t\t\t>Compatibles con el ambiente \n\t\t\t\t\t\t\t<\/rs-layer><!--\n-->\t\t\t\t\t\t<\/rs-slide>\n\t\t\t\t\t<\/rs-slides>\n\t\t\t\t<\/rs-module>\n\t\t\t\t<script type=\"text\/javascript\">\n\t\t\t\t\tsetREVStartSize({c: 'rev_slider_29_1',rl:[1240,1024,778,480],el:[],gw:[940],gh:[300],type:'standard',justify:'',layout:'fullwidth',mh:\"0\"});\n\t\t\t\t\tvar\trevapi29,\n\t\t\t\t\t\ttpj;\n\t\t\t\t\tfunction revinit_revslider291() {\n\t\t\t\t\tjQuery(function() {\n\t\t\t\t\t\ttpj = jQuery;\n\t\t\t\t\t\trevapi29 = tpj(\"#rev_slider_29_1\");\n\t\t\t\t\t\ttpj.noConflict();\n\t\t\t\t\t\tif(revapi29==undefined || revapi29.revolution == undefined){\n\t\t\t\t\t\t\trevslider_showDoubleJqueryError(\"rev_slider_29_1\");\n\t\t\t\t\t\t}else{\n\t\t\t\t\t\t\trevapi29.revolution({\n\t\t\t\t\t\t\t\tsliderLayout:\"fullwidth\",\n\t\t\t\t\t\t\t\tvisibilityLevels:\"1240,1024,778,480\",\n\t\t\t\t\t\t\t\tgridwidth:940,\n\t\t\t\t\t\t\t\tgridheight:300,\n\t\t\t\t\t\t\t\tspinner:\"spinner0\",\n\t\t\t\t\t\t\t\tperspectiveType:\"local\",\n\t\t\t\t\t\t\t\tresponsiveLevels:\"1240,1024,778,480\",\n\t\t\t\t\t\t\t\tshadow:3,\n\t\t\t\t\t\t\t\tprogressBar:{disableProgressBar:true},\n\t\t\t\t\t\t\t\tnavigation: {\n\t\t\t\t\t\t\t\t\tmouseScrollNavigation:false,\n\t\t\t\t\t\t\t\t\ttouch: {\n\t\t\t\t\t\t\t\t\t\ttouchenabled:true,\n\t\t\t\t\t\t\t\t\t\tswipe_threshold:0\n\t\t\t\t\t\t\t\t\t},\n\t\t\t\t\t\t\t\t\tthumbnails: {\n\t\t\t\t\t\t\t\t\t\tenable:true,\n\t\t\t\t\t\t\t\t\t\ttmp:\"<span class=\\\"tp-thumb-image\\\"><\/span><span class=\\\"tp-thumb-title\\\">{{title}}<\/span>\",\n\t\t\t\t\t\t\t\t\t\tstyle:\"hesperiden\",\n\t\t\t\t\t\t\t\t\t\tspace:5,\n\t\t\t\t\t\t\t\t\t\twrapper_padding:5,\n\t\t\t\t\t\t\t\t\t\twrapper_color:\"transparent\"\n\t\t\t\t\t\t\t\t\t}\n\t\t\t\t\t\t\t\t},\n\t\t\t\t\t\t\t\tfallbacks: {\n\t\t\t\t\t\t\t\t\tallowHTML5AutoPlayOnAndroid:true\n\t\t\t\t\t\t\t\t},\n\t\t\t\t\t\t\t});\n\t\t\t\t\t\t}\n\t\t\t\t\t\t\n\t\t\t\t\t});\n\t\t\t\t\t} \/\/ End of RevInitScript\n\t\t\t\tvar once_revslider291 = false;\n\t\t\t\tif (document.readyState === \"loading\") {document.addEventListener('readystatechange',function() { if((document.readyState === \"interactive\" || document.readyState === \"complete\") && !once_revslider291 ) { once_revslider291 = true; revinit_revslider291();}});} else {once_revslider291 = true; revinit_revslider291();}\n\t\t\t\t<\/script>\n\t\t\t\t<script>\n\t\t\t\t\tvar htmlDivCss = unescape(\"%23rev_slider_29_1_wrapper%20.hesperiden%20.tp-thumb%20%7B%0A%20%20opacity%3A1%3B%0A%20%20-webkit-perspective%3A%20600px%3B%0A%20%20perspective%3A%20600px%3B%0A%7D%0A%23rev_slider_29_1_wrapper%20.hesperiden%20.tp-thumb%20.tp-thumb-title%20%7B%0A%20%20%20%20font-size%3A12px%3B%0A%20%20%20%20position%3Aabsolute%3B%0A%20%20%20%20margin-top%3A-10px%3B%0A%20%20%20%20color%3A%23ffffff%3B%0A%20%20%20%20display%3Ablock%3B%0A%20%20%20%20z-index%3A1000%3B%0A%20%20%20%20background-color%3Argba%280%2C0%2C0%2C0.85%29%3B%0A%20%20%20%20padding%3A5px%2010px%3B%20%0A%20%20%20%20bottom%3A0px%3B%0A%20%20%20%20left%3A0px%3B%0A%20%20%20%20width%3A100%25%3B%0A%20%20box-sizing%3Aborder-box%3B%0A%20%20%20%20text-align%3Acenter%3B%0A%20%20%20%20overflow%3Ahidden%3B%0A%20%20%20%20white-space%3Anowrap%3B%0A%20%20%20%20transition%3Aall%200.3s%3B%0A%20%20%20%20-webkit-transition%3Aall%200.3s%3B%0A%20%20%20%20transform%3Arotatex%2890deg%29%20translatez%280.001px%29%3B%0A%20%20%20%20transform-origin%3A50%25%20100%25%3B%0A%20%20%20%20-webkit-transform%3Arotatex%2890deg%29%20translatez%280.001px%29%3B%0A%20%20%20%20-webkit-transform-origin%3A50%25%20100%25%3B%0A%20%20%20%20opacity%3A0%3B%0A%20%7D%0A%23rev_slider_29_1_wrapper%20.hesperiden%20.tp-thumb%3Ahover%20.tp-thumb-title%20%7B%0A%20%20%09%20transform%3Arotatex%280deg%29%3B%0A%20%20%20%20-webkit-transform%3Arotatex%280deg%29%3B%0A%20%20%20%20opacity%3A1%3B%0A%7D%0A\");\n\t\t\t\t\tvar htmlDiv = document.getElementById('rs-plugin-settings-inline-css');\n\t\t\t\t\tif(htmlDiv) {\n\t\t\t\t\t\thtmlDiv.innerHTML = htmlDiv.innerHTML + htmlDivCss;\n\t\t\t\t\t}else{\n\t\t\t\t\t\tvar htmlDiv = document.createElement('div');\n\t\t\t\t\t\thtmlDiv.innerHTML = '<style>' + htmlDivCss + '<\/style>';\n\t\t\t\t\t\tdocument.getElementsByTagName('head')[0].appendChild(htmlDiv.childNodes[0]);\n\t\t\t\t\t}\n\t\t\t\t<\/script>\n\t\t\t\t<script>\n\t\t\t\t\tvar htmlDivCss = unescape(\"%0A%0A\");\n\t\t\t\t\tvar htmlDiv = document.getElementById('rs-plugin-settings-inline-css');\n\t\t\t\t\tif(htmlDiv) {\n\t\t\t\t\t\thtmlDiv.innerHTML = htmlDiv.innerHTML + htmlDivCss;\n\t\t\t\t\t}else{\n\t\t\t\t\t\tvar htmlDiv = document.createElement('div');\n\t\t\t\t\t\thtmlDiv.innerHTML = '<style>' + htmlDivCss + '<\/style>';\n\t\t\t\t\t\tdocument.getElementsByTagName('head')[0].appendChild(htmlDiv.childNodes[0]);\n\t\t\t\t\t}\n\t\t\t\t<\/script>\n\t\t\t<\/rs-module-wrap>\n\t\t\t<!-- END REVOLUTION SLIDER -->\n<\/div><div class=\"fusion-sep-clear\"><\/div><div class=\"fusion-separator fusion-full-width-sep\" style=\"margin-left: auto;margin-right: auto;margin-top:30px;margin-bottom:30px;width:100%;\"><\/div><div class=\"fusion-sep-clear\"><\/div> <div class=\"fusion-builder-row fusion-builder-row-inner fusion-row\"><\/div><div class=\"fusion-layout-column fusion_builder_column_inner fusion-builder-nested-column-0 fusion_builder_column_inner_3_4 3_4 fusion-three-fourth fusion-column-first\" style=\"width:75%;width:calc(75% - ( ( 4% ) * 0.75 ) );margin-right: 4%;margin-top:0px;margin-bottom:20px;\"><div class=\"fusion-column-wrapper fusion-flex-column-wrapper-legacy\" style=\"background-position:left top;background-repeat:no-repeat;-webkit-background-size:cover;-moz-background-size:cover;-o-background-size:cover;background-size:cover;padding: 0px 0px 0px 0px;\"><div class=\"fusion-clearfix\"><\/div><\/div><\/div> <div class=\"fusion-clearfix\"><\/div><\/div><\/div><div class=\"fusion-layout-column fusion_builder_column fusion-builder-column-1 fusion_builder_column_1_1 1_1 fusion-one-full fusion-column-first fusion-column-last fusion-column-no-min-height\" style=\"margin-top:0px;margin-bottom:0px;\"><div class=\"fusion-column-wrapper fusion-flex-column-wrapper-legacy\" style=\"background-position:left top;background-repeat:no-repeat;-webkit-background-size:cover;-moz-background-size:cover;-o-background-size:cover;background-size:cover;padding: 0px 0px 0px 0px;\"><style type=\"text\/css\"><\/style><div class=\"fusion-title title fusion-title-1 fusion-title-text fusion-title-size-two\" style=\"margin-top:0px;margin-bottom:31px;\"><h2 class=\"title-heading-left\" style=\"margin:0;\">Nuestra MISSION<\/h2><div class=\"title-sep-container\"><div class=\"title-sep sep-double sep-solid\" style=\"border-color:#e0dede;\"><\/div><\/div><\/div> La mission de FAS es proporcionar a nuestros propios clientes productos y servicios de elevada calidad, operando en partnership con nuestros propios proveedores para el desarrollo y el empleo de las tecnolog\u00edas mas eficientes y compatibles con el ambiente y la seguridad. Creemos que ocuparse de productos para la higiene significa ocuparse de la calidad de la vida de todos los d\u00edas. FAS quiere ser reconocida como protagonista y como la mejor alternativa para la propia clientela.<\/p>\n<p>Crear productos de alta calidad Made in italy , invertir en tecnolog\u00eda , respetar el ambiente, ofrecer a sus colaboradores oportunidades de permanente crecimiento personal y de grupo es el objetivo com\u00fan de FAS. Creemos profundamente en el valor de las personas, en la diversificaci\u00f3n de las responsabilidades, en la actualizaci\u00f3n profesional como instrumentos constantes de crecimiento.. [\/fusion_builder_column_inner] <div class=\"fusion-clearfix\"><\/div><\/div><\/div><div class=\"fusion-layout-column fusion_builder_column fusion-builder-column-2 fusion_builder_column_1_4 1_4 fusion-one-fourth fusion-column-first\" style=\"width:25%;width:calc(25% - ( ( 4% ) * 0.25 ) );margin-right: 4%;margin-top:0px;margin-bottom:20px;\"><div class=\"fusion-column-wrapper fusion-flex-column-wrapper-legacy\" style=\"background-position:left top;background-repeat:no-repeat;-webkit-background-size:cover;-moz-background-size:cover;-o-background-size:cover;background-size:cover;padding: 0px 0px 0px 0px;\"> <style type=\"text\/css\"><\/style><div class=\"fusion-title title fusion-title-2 fusion-title-text fusion-title-size-two\" style=\"margin-top:0px;margin-bottom:31px;\"><h2 class=\"title-heading-left\" style=\"margin:0;\">I valori<\/h2><div class=\"title-sep-container\"><div class=\"title-sep sep-double sep-solid\" style=\"border-color:#e0dede;\"><\/div><\/div><\/div>\n<div id=\"progress-bars\"><div class=\"fusion-progressbar fusion-progressbar-text-on-bar\"><div style=\"background-color:#f6f6f6;height:37px;\" class=\"fusion-progressbar-bar progress-bar progress-striped active\"><div class=\"progress progress-bar-content\" style=\"width:0%;background-color:#1a80b6;border: 0px solid #ffffff;\" role=\"progressbar\" aria-valuemin=\"0\" aria-valuemax=\"100\" aria-valuenow=\"92\"><\/div><\/div> <span class=\"progress-title\" style=\"color:#ffffff;\"><span class=\"fusion-progressbar-text\">Calidad<\/span> <span class=\"fusion-progressbar-value\">92<\/span><\/span><\/div><div class=\"fusion-progressbar fusion-progressbar-text-on-bar\"><div style=\"background-color:#f6f6f6;height:37px;\" class=\"fusion-progressbar-bar progress-bar progress-striped active\"><div class=\"progress progress-bar-content\" style=\"width:0%;background-color:#1a80b6;border: 0px solid #ffffff;\" role=\"progressbar\" aria-valuemin=\"0\" aria-valuemax=\"100\" aria-valuenow=\"87\"><\/div><\/div> <span class=\"progress-title\" style=\"color:#ffffff;\"><span class=\"fusion-progressbar-text\">Tecnolog\u00eda<\/span> <span class=\"fusion-progressbar-value\">87<\/span><\/span><\/div><div class=\"fusion-progressbar fusion-progressbar-text-on-bar\"><div style=\"background-color:#f6f6f6;height:37px;\" class=\"fusion-progressbar-bar progress-bar progress-striped active\"><div class=\"progress progress-bar-content\" style=\"width:0%;background-color:#1a80b6;border: 0px solid #ffffff;\" role=\"progressbar\" aria-valuemin=\"0\" aria-valuemax=\"100\" aria-valuenow=\"86\"><\/div><\/div> <span class=\"progress-title\" style=\"color:#ffffff;\"><span class=\"fusion-progressbar-text\">Ambiente<\/span> <span class=\"fusion-progressbar-value\">86<\/span><\/span><\/div><div class=\"fusion-progressbar fusion-progressbar-text-on-bar\"><div style=\"background-color:#f6f6f6;height:37px;\" class=\"fusion-progressbar-bar progress-bar progress-striped active\"><div class=\"progress progress-bar-content\" style=\"width:0%;background-color:#1a80b6;border: 0px solid #ffffff;\" role=\"progressbar\" aria-valuemin=\"0\" aria-valuemax=\"100\" aria-valuenow=\"100\"><\/div><\/div> <span class=\"progress-title\" style=\"color:#ffffff;\"><span class=\"fusion-progressbar-text\">Made in\u00a0Italy<\/span> <span class=\"fusion-progressbar-value\">100<\/span><\/span><\/div><\/div>\n<div class=\"fusion-clearfix\"><\/div><\/div><\/div><\/div><style type=\"text\/css\">.fusion-fullwidth.fusion-builder-row-1 { overflow:visible; }<\/style><\/div>\n","protected":false},"excerpt":{"rendered":"","protected":false},"author":1,"featured_media":0,"parent":0,"menu_order":0,"comment_status":"open","ping_status":"closed","template":"full-width.php","meta":[],"_links":{"self":[{"href":"https:\/\/fas-spa.it\/es\/wp-json\/wp\/v2\/pages\/13342"}],"collection":[{"href":"https:\/\/fas-spa.it\/es\/wp-json\/wp\/v2\/pages"}],"about":[{"href":"https:\/\/fas-spa.it\/es\/wp-json\/wp\/v2\/types\/page"}],"author":[{"embeddable":true,"href":"https:\/\/fas-spa.it\/es\/wp-json\/wp\/v2\/users\/1"}],"replies":[{"embeddable":true,"href":"https:\/\/fas-spa.it\/es\/wp-json\/wp\/v2\/comments?post=13342"}],"version-history":[{"count":2,"href":"https:\/\/fas-spa.it\/es\/wp-json\/wp\/v2\/pages\/13342\/revisions"}],"predecessor-version":[{"id":13803,"href":"https:\/\/fas-spa.it\/es\/wp-json\/wp\/v2\/pages\/13342\/revisions\/13803"}],"wp:attachment":[{"href":"https:\/\/fas-spa.it\/es\/wp-json\/wp\/v2\/media?parent=13342"}],"curies":[{"name":"wp","href":"https:\/\/api.w.org\/{rel}","templated":true}]}}