{"id":13331,"date":"2016-04-02T17:21:27","date_gmt":"2016-04-02T15:21:27","guid":{"rendered":"http:\/\/www.fas-spa.it\/?page_id=13331"},"modified":"2018-01-24T18:30:20","modified_gmt":"2018-01-24T17:30:20","slug":"brands-de-la-empresa","status":"publish","type":"page","link":"https:\/\/fas-spa.it\/es\/brands-de-la-empresa\/","title":{"rendered":"Brands de la empresa"},"content":{"rendered":"<div class=\"fusion-fullwidth fullwidth-box fusion-builder-row-1 hundred-percent-fullwidth non-hundred-percent-height-scrolling\" style=\"background-color: #ffffff;background-position: center center;background-repeat: no-repeat;padding-top:0px;padding-right:0px;padding-bottom:0px;padding-left:0px;margin-bottom: 0px;margin-top: 0px;border-width: 0px 0px 0px 0px;border-color:#eae9e9;border-style:solid;\" ><div class=\"fusion-builder-row fusion-row\"><div class=\"fusion-layout-column fusion_builder_column fusion-builder-column-0 fusion_builder_column_1_1 1_1 fusion-one-full fusion-column-first fusion-column-last fusion-column-no-min-height\" style=\"margin-top:0px;margin-bottom:0px;\"><div class=\"fusion-column-wrapper fusion-flex-column-wrapper-legacy\" style=\"background-position:left top;background-repeat:no-repeat;-webkit-background-size:cover;-moz-background-size:cover;-o-background-size:cover;background-size:cover;padding: 0px 0px 0px 0px;\"><div class=\"fusion-slider-sc fusion-flexslider-loading flexslider flexslider-hover-type-none\" data-slideshow_autoplay=\"1\" data-slideshow_smooth_height=\"0\" data-slideshow_speed=\"7000\" style=\"max-width:100%;height:100%;\"><ul class=\"slides\"> <li class=\"image\"><a href=\"http:\/\/www.fas-spa.it\/es\/producto-categoria\/brands-de-la-empresa\/morbidea-es\/\" target=\"_self\"><span class=\"fusion-image-hover-element hover-type-none\"><img src=\"http:\/\/www.fas-spa.it\/wp-content\/uploads\/2015\/02\/MORBIDEA-PANN.jpg\" \/><\/span><\/a><\/li> <li class=\"image\"><a href=\"http:\/\/www.fas-spa.it\/es\/producto-categoria\/brands-de-la-empresa\/morbidea-es\/\" target=\"_self\"><span class=\"fusion-image-hover-element hover-type-none\"><img src=\"http:\/\/www.fas-spa.it\/wp-content\/uploads\/2015\/02\/MORBIDEA-PANN2.jpg\" \/><\/span><\/a><\/li> <li class=\"image\"><a href=\"http:\/\/www.fas-spa.it\/es\/producto-categoria\/brands-de-la-empresa\/morbidea-es\/\" target=\"_self\"><span class=\"fusion-image-hover-element hover-type-none\"><img src=\"http:\/\/www.fas-spa.it\/wp-content\/uploads\/2015\/02\/MORBIDEA-ASS.jpg\" \/><\/span><\/a><\/li> <li class=\"image\"><a href=\"http:\/\/www.fas-spa.it\/es\/producto-categoria\/brands-de-la-empresa\/morbidea-es\/\" target=\"_self\"><span class=\"fusion-image-hover-element hover-type-none\"><img src=\"http:\/\/www.fas-spa.it\/wp-content\/uploads\/2015\/02\/MORBIDEA-PROT.jpg\" \/><\/span><\/a><\/li> <li class=\"image\"><a href=\"http:\/\/www.fas-spa.it\/es\/producto-categoria\/brands-de-la-empresa\/morbidea-es\/\" target=\"_self\"><span class=\"fusion-image-hover-element hover-type-none\"><img src=\"http:\/\/www.fas-spa.it\/wp-content\/uploads\/2015\/02\/MORBIDEA-SALV.jpg\" \/><\/span><\/a><\/li><\/ul><\/div> \u00a0 <span class=\" fusion-imageframe imageframe-border imageframe-1 hover-type-none fusion-animated\" style=\"margin-right:25px;float:left;\" data-animationType=\"bounce\" data-animationDuration=\"3\" data-animationOffset=\"100%\"><img alt=\"MORBIDEA\" src=\"http:\/\/www.fas-spa.it\/wp-content\/uploads\/2014\/03\/MORBIDEA.gif\" class=\"img-responsive\"\/><\/span>La l\u00ednea Morbidea, hist\u00f3rica marca de distribuci\u00f3n de la FAS Spa\u00a0 ha sido pensado y realizado para cubrir las exigencias y solicitudes de la madre y el ni\u00f1o. Gracias a los pa\u00f1ales Morbidea, realizados con materias primas de alta calidad, dermatol\u00f3gicamente probados, la suavidad y el seco son garant\u00eda en la piel de los ni\u00f1os. Amplia gama de\u00a0 absorbentes y salva-slip Morbidea, proyectados para mujeres exigentes que aman la frescura y la suavidad de un producto Made in Italy. <div class=\"fusion-sep-clear\"><\/div><div class=\"fusion-separator\" style=\"margin-left: auto;margin-right: auto;margin-top:40px;margin-bottom:70px;width:100%;max-width:5px;\"><div class=\"fusion-separator-border sep-single sep-dotted\" style=\"border-color:#999999;border-top-width:1px;\"><\/div><\/div><div class=\"fusion-sep-clear\"><\/div> <div class=\"fusion-clearfix\"><\/div><\/div><\/div><div class=\"fusion-layout-column fusion_builder_column fusion-builder-column-1 fusion_builder_column_1_1 1_1 fusion-one-full fusion-column-first fusion-column-last fusion-column-no-min-height\" style=\"margin-top:0px;margin-bottom:0px;\"><div class=\"fusion-column-wrapper fusion-flex-column-wrapper-legacy\" style=\"background-position:left top;background-repeat:no-repeat;-webkit-background-size:cover;-moz-background-size:cover;-o-background-size:cover;background-size:cover;padding: 0px 0px 0px 0px;\"><div class=\"fusion-slider-sc fusion-flexslider-loading flexslider flexslider-hover-type-none\" data-slideshow_autoplay=\"1\" data-slideshow_smooth_height=\"0\" data-slideshow_speed=\"7000\" style=\"max-width:100%;height:100%;\"><ul class=\"slides\"> <li class=\"image\"><a href=\"http:\/\/www.fas-spa.it\/es\/producto-categoria\/brands-de-la-empresa\/nuvolotti-panales\/\" target=\"_self\"><span class=\"fusion-image-hover-element hover-type-none\"><img src=\"http:\/\/www.fas-spa.it\/wp-content\/uploads\/2015\/02\/NUVOLOTTI.jpg\" \/><\/span><\/a><\/li> <li class=\"image\"><a href=\"http:\/\/www.fas-spa.it\/es\/producto-categoria\/brands-de-la-empresa\/nuvolotti-panales\/\" target=\"_self\"><span class=\"fusion-image-hover-element hover-type-none\"><img src=\"http:\/\/www.fas-spa.i\/wp-content\/uploads\/2015\/02\/NUVOLOTTI-MAXI.jpg\" \/><\/span><\/a><\/li> <\/ul><\/div> <span class=\" fusion-imageframe imageframe-border imageframe-2 hover-type-none fusion-animated\" style=\"margin-right:25px;float:left;\" data-animationType=\"bounce\" data-animationDuration=\"3\" data-animationOffset=\"100%\"><img alt=\"NUVOLOTTI\" src=\"http:\/\/www.fas-spa.it\/wp-content\/uploads\/2014\/03\/NUVOLOTTI.gif\" class=\"img-responsive\"\/><\/span>Nuvolotti son los nuevos e Italian\u00edsimos pa\u00f1ales que cuidan de tu peque\u00f1o tesoro.<br \/>\nNueva forma anat\u00f3mica gracias al nuevo sistema de cierre che envuelve suavemente el ni\u00f1o y le permite\u00a0 cualquier movimiento. Nuevo Fluff extremamente fino y delicado que garantiza una mejor absorci\u00f3n y una perfecta distribuci\u00f3n de la humedad. Enteramente realizados con materiales s\u00faper absorbentes que pueden contener grandes cantidades de pip\u00ed y aseguran un verdadero seco. Doble\u00a0 barrera mantiene-todo que no permite\u00a0 los indeseables derrames laterales. Alegres y colorados Frontal-type que hacen a los pa\u00f1ales juguet\u00f3nes y agradables de llevar. Pa\u00f1ales de primer\u00edsima calidad que no irritan y hacen respirar la piel.<div class=\"fusion-sep-clear\"><\/div><div class=\"fusion-separator\" style=\"margin-left: auto;margin-right: auto;margin-top:40px;margin-bottom:70px;width:100%;max-width:5px;\"><div class=\"fusion-separator-border sep-single sep-dotted\" style=\"border-color:#999999;border-top-width:1px;\"><\/div><\/div><div class=\"fusion-sep-clear\"><\/div> <div class=\"fusion-clearfix\"><\/div><\/div><\/div><div class=\"fusion-layout-column fusion_builder_column fusion-builder-column-2 fusion_builder_column_1_1 1_1 fusion-one-full fusion-column-first fusion-column-last fusion-column-no-min-height\" style=\"margin-top:0px;margin-bottom:0px;\"><div class=\"fusion-column-wrapper fusion-flex-column-wrapper-legacy\" style=\"background-position:left top;background-repeat:no-repeat;-webkit-background-size:cover;-moz-background-size:cover;-o-background-size:cover;background-size:cover;padding: 0px 0px 0px 0px;\"><div class=\"fusion-slider-sc fusion-flexslider-loading flexslider flexslider-hover-type-none\" data-slideshow_autoplay=\"1\" data-slideshow_smooth_height=\"0\" data-slideshow_speed=\"7000\" style=\"max-width:100%;height:100%;\"><ul class=\"slides\"> <li class=\"image\"><a href=\"http:\/\/www.fas-spa.it\/es\/producto-categoria\/brands-de-la-empresa\/oppla\/\" target=\"_self\"><span class=\"fusion-image-hover-element hover-type-none\"><img src=\"http:\/\/www.fas-spa.it\/wp-content\/uploads\/2015\/02\/OPPLA.jpg\" \/><\/span><\/a><\/li> <\/ul><\/div> <span class=\" fusion-imageframe imageframe-border imageframe-3 hover-type-none fusion-animated\" style=\"margin-right:25px;float:left;\" data-animationType=\"bounce\" data-animationDuration=\"3\" data-animationOffset=\"100%\"><img alt=\"OPPLA\" src=\"http:\/\/www.fas-spa.it\/wp-content\/uploads\/2014\/03\/OPPLA.gif\" class=\"img-responsive\"\/><\/span>Oppl\u00e1 son los nuevos e\u00a0 italian\u00edsimos\u00a0 pa\u00f1ales anat\u00f3micos que cuidan de tu peque\u00f1o tesoro. Nueva forma anat\u00f3mica gracias al nuevo sistema de cierre que envuelve suavemente al ni\u00f1o y le permite qualquier movimiento. Nuevo Fluff\u00a0 extremamente fino y delicado que garantiza una mejor absorci\u00f3n y una perfecta distribuci\u00f3n de la humedad. Enteramente realizados con materiales s\u00faper absorbentes que puede contener grandes cantidades de pip\u00ed y aseguran un verdadero seco. Doble\u00a0 barrera mantiene-todo que no permite los indeseables derrames laterales. Alegres y colorados Frontal-type que hacen a los pa\u00f1ales juguet\u00f3nes y agradables de llevar. Pa\u00f1ales de primer\u00edsima calidad que no irritan y hacen respirar la piel.<div class=\"fusion-clearfix\"><\/div><\/div><\/div><\/div><style type=\"text\/css\">.fusion-fullwidth.fusion-builder-row-1 { overflow:visible; }<\/style><\/div>\n","protected":false},"excerpt":{"rendered":"","protected":false},"author":1,"featured_media":0,"parent":0,"menu_order":0,"comment_status":"closed","ping_status":"closed","template":"full-width.php","meta":[],"_links":{"self":[{"href":"https:\/\/fas-spa.it\/es\/wp-json\/wp\/v2\/pages\/13331"}],"collection":[{"href":"https:\/\/fas-spa.it\/es\/wp-json\/wp\/v2\/pages"}],"about":[{"href":"https:\/\/fas-spa.it\/es\/wp-json\/wp\/v2\/types\/page"}],"author":[{"embeddable":true,"href":"https:\/\/fas-spa.it\/es\/wp-json\/wp\/v2\/users\/1"}],"replies":[{"embeddable":true,"href":"https:\/\/fas-spa.it\/es\/wp-json\/wp\/v2\/comments?post=13331"}],"version-history":[{"count":5,"href":"https:\/\/fas-spa.it\/es\/wp-json\/wp\/v2\/pages\/13331\/revisions"}],"predecessor-version":[{"id":13832,"href":"https:\/\/fas-spa.it\/es\/wp-json\/wp\/v2\/pages\/13331\/revisions\/13832"}],"wp:attachment":[{"href":"https:\/\/fas-spa.it\/es\/wp-json\/wp\/v2\/media?parent=13331"}],"curies":[{"name":"wp","href":"https:\/\/api.w.org\/{rel}","templated":true}]}}