{"id":13302,"date":"2016-04-01T20:32:11","date_gmt":"2016-04-01T18:32:11","guid":{"rendered":"http:\/\/www.fas-spa.it\/?page_id=13302"},"modified":"2018-01-24T18:30:23","modified_gmt":"2018-01-24T17:30:23","slug":"certificazione-halal","status":"publish","type":"page","link":"https:\/\/fas-spa.it\/es\/certificazione-halal\/","title":{"rendered":"Certificaci\u00f3n Halal"},"content":{"rendered":"<p><img class=\"aligncenter size-full wp-image-13218\" src=\"http:\/\/www.fas-spa.it\/wp-content\/uploads\/2016\/03\/FAS_Halal.jpg\" alt=\"Certificazione Halal\" width=\"1000\" height=\"391\" srcset=\"https:\/\/fas-spa.it\/wp-content\/uploads\/2016\/03\/FAS_Halal-300x117.jpg 300w, https:\/\/fas-spa.it\/wp-content\/uploads\/2016\/03\/FAS_Halal-500x196.jpg 500w, https:\/\/fas-spa.it\/wp-content\/uploads\/2016\/03\/FAS_Halal-700x274.jpg 700w, https:\/\/fas-spa.it\/wp-content\/uploads\/2016\/03\/FAS_Halal.jpg 1000w\" sizes=\"(max-width: 1000px) 100vw, 1000px\" \/><\/p>\n<p>La certificaci\u00f3n HALAL (en \u00e1rabe \u201cL\u00edcito\u201d) asegura y garantiza la calidad de los productos y de los procesos de acuerdo a las normas del Cor\u00e1n y la doctrina Isl\u00e1mica: se trata de una certificaci\u00f3n pensada para conformar las exigencias y las costumbres de una comunidad constituida de ciudadanos de Fe musulmana (aproximadamente 2.04 millardos en el mundo, 55 millones en Europa seg\u00fan AT Kearny y 1.5 millones en Italia seg\u00fan el ministerio de negocios Extranjeros).<\/p>\n<p>Con la certificaci\u00f3n voluntaria HALAL, Fas quiere garantizar tambi\u00e9n la calidad de los propios productos y de la cadena de materias primas y servicios necesarios a su producci\u00f3n, excluyendo contaminaciones con sustancias a base de alcohol y derivados de la carne suina, prohibidos por las normas del Cor\u00e1n y a veces perjudiciales para la salud de las personas.<\/p>\n<p>Hoy Fas es la primera y \u00fanica empresa Italiana y europea del sector provista de certificaci\u00f3n HALAL.<\/p>\n<p><span class=\"pdfIconize\"><a href=\"http:\/\/www.fas-spa.it\/wp-content\/uploads\/2016\/03\/HIA-CERTIFICAZIONE-HALAL-senza-prodotti.pdf\">Descargar CERTIFICACI\u00d3N HALAL<\/a><\/span><\/p>\n","protected":false},"excerpt":{"rendered":"<p>La certificaci\u00f3n HALAL (en \u00e1rabe \u201cL\u00edcito\u201d) asegura y garantiza la calidad de los productos y de los procesos de acuerdo a las normas del Cor\u00e1n y la doctrina Isl\u00e1mica: se trata de una certificaci\u00f3n pensada para conformar las exigencias y las costumbres de una comunidad constituida de ciudadanos de Fe musulmana (aproximadamente 2.04 millardos en [&hellip;]<\/p>\n","protected":false},"author":1,"featured_media":0,"parent":0,"menu_order":0,"comment_status":"closed","ping_status":"closed","template":"full-width.php","meta":[],"_links":{"self":[{"href":"https:\/\/fas-spa.it\/es\/wp-json\/wp\/v2\/pages\/13302"}],"collection":[{"href":"https:\/\/fas-spa.it\/es\/wp-json\/wp\/v2\/pages"}],"about":[{"href":"https:\/\/fas-spa.it\/es\/wp-json\/wp\/v2\/types\/page"}],"author":[{"embeddable":true,"href":"https:\/\/fas-spa.it\/es\/wp-json\/wp\/v2\/users\/1"}],"replies":[{"embeddable":true,"href":"https:\/\/fas-spa.it\/es\/wp-json\/wp\/v2\/comments?post=13302"}],"version-history":[{"count":3,"href":"https:\/\/fas-spa.it\/es\/wp-json\/wp\/v2\/pages\/13302\/revisions"}],"predecessor-version":[{"id":13814,"href":"https:\/\/fas-spa.it\/es\/wp-json\/wp\/v2\/pages\/13302\/revisions\/13814"}],"wp:attachment":[{"href":"https:\/\/fas-spa.it\/es\/wp-json\/wp\/v2\/media?parent=13302"}],"curies":[{"name":"wp","href":"https:\/\/api.w.org\/{rel}","templated":true}]}}