{"id":13300,"date":"2016-04-01T20:23:29","date_gmt":"2016-04-01T18:23:29","guid":{"rendered":"http:\/\/www.fas-spa.it\/?page_id=13300"},"modified":"2018-01-24T18:30:23","modified_gmt":"2018-01-24T17:30:23","slug":"carbon-footprint","status":"publish","type":"page","link":"https:\/\/fas-spa.it\/es\/carbon-footprint\/","title":{"rendered":"Carbon Foot Print"},"content":{"rendered":"<p><img class=\"aligncenter wp-image-13006 size-full\" src=\"http:\/\/www.fas-spa.it\/wp-content\/uploads\/2014\/11\/CARBONFOOTPRINT1.gif\" alt=\"CARBONFOOTPRINT\" width=\"1000\" height=\"150\" \/><\/p>\n<p>La declaraci\u00f3n de conformidad de la CARBON FOOT PRINT, programa iniciado en el a\u00f1o 2001 por el Ministerio de ambiente, con el objetivo de promover los compromisos voluntarios de parte de las empresas sobre la evaluaci\u00f3n de las performance ambientales y sobre la reducci\u00f3n de las emisiones de gas y efecto invernadero (Co2), que asumen un rol siempre m\u00e1s significativo para vigorizar las acciones previstas de las normas y de las pol\u00edticas gobernativas en el \u00e1mbito del Protocolo de Kyoto y del \u201cPaquete Clima-Energ\u00eda\u201d.<\/p>\n<p>Para Fas se trata de un importante Certificado sobre el empe\u00f1o de la empresas por reducir la producci\u00f3n de gases de efecto invernadero asociados al producto, al proceso productivo y a la entera organizaci\u00f3n empresarial.<br \/>\nEl certificado del ministerio de Ambiente da a la propuesta comercial de Fas una ventaja competitiva fundada sobre un acercamiento \u00e9tico y sostenible, un valor agregado utilizable por un p\u00fablico de consumidores siempre m\u00e1s atento y exigente hacia la responsabilidad social de la empresa.<\/p>\n<p>Fas es hoy una de las 200 empresas Italianas adheridas al programa de acuerdos voluntarios.<\/p>\n<p><span class=\"pdfIconize\"><a href=\"http:\/\/www.fas-spa.it\/wp-content\/uploads\/2016\/03\/CARBON-FOOTPRINT-DICHIARAZIONE-DI-CONFORMITA.pdf\">CARBON FOOT PRINT &#8211; DECLARACION DE CONFORMIDAD<\/a><\/span><\/p>\n","protected":false},"excerpt":{"rendered":"<p>La declaraci\u00f3n de conformidad de la CARBON FOOT PRINT, programa iniciado en el a\u00f1o 2001 por el Ministerio de ambiente, con el objetivo de promover los compromisos voluntarios de parte de las empresas sobre la evaluaci\u00f3n de las performance ambientales y sobre la reducci\u00f3n de las emisiones de gas y efecto invernadero (Co2), que asumen [&hellip;]<\/p>\n","protected":false},"author":1,"featured_media":0,"parent":0,"menu_order":0,"comment_status":"closed","ping_status":"closed","template":"full-width.php","meta":[],"_links":{"self":[{"href":"https:\/\/fas-spa.it\/es\/wp-json\/wp\/v2\/pages\/13300"}],"collection":[{"href":"https:\/\/fas-spa.it\/es\/wp-json\/wp\/v2\/pages"}],"about":[{"href":"https:\/\/fas-spa.it\/es\/wp-json\/wp\/v2\/types\/page"}],"author":[{"embeddable":true,"href":"https:\/\/fas-spa.it\/es\/wp-json\/wp\/v2\/users\/1"}],"replies":[{"embeddable":true,"href":"https:\/\/fas-spa.it\/es\/wp-json\/wp\/v2\/comments?post=13300"}],"version-history":[{"count":3,"href":"https:\/\/fas-spa.it\/es\/wp-json\/wp\/v2\/pages\/13300\/revisions"}],"predecessor-version":[{"id":13816,"href":"https:\/\/fas-spa.it\/es\/wp-json\/wp\/v2\/pages\/13300\/revisions\/13816"}],"wp:attachment":[{"href":"https:\/\/fas-spa.it\/es\/wp-json\/wp\/v2\/media?parent=13300"}],"curies":[{"name":"wp","href":"https:\/\/api.w.org\/{rel}","templated":true}]}}