{"id":13297,"date":"2016-04-01T20:08:57","date_gmt":"2016-04-01T18:08:57","guid":{"rendered":"http:\/\/www.fas-spa.it\/?page_id=13297"},"modified":"2018-01-24T18:30:23","modified_gmt":"2018-01-24T17:30:23","slug":"clinicamente-probado","status":"publish","type":"page","link":"https:\/\/fas-spa.it\/es\/clinicamente-probado\/","title":{"rendered":"Cl\u00ednicamente Probado"},"content":{"rendered":"<p><img class=\"aligncenter size-full wp-image-13273\" src=\"http:\/\/www.fas-spa.it\/wp-content\/uploads\/2016\/02\/FAS_Test_Clinici.jpg\" alt=\"FAS_Test_Clinici\" width=\"1000\" height=\"391\" srcset=\"https:\/\/fas-spa.it\/wp-content\/uploads\/2016\/02\/FAS_Test_Clinici-300x117.jpg 300w, https:\/\/fas-spa.it\/wp-content\/uploads\/2016\/02\/FAS_Test_Clinici-500x196.jpg 500w, https:\/\/fas-spa.it\/wp-content\/uploads\/2016\/02\/FAS_Test_Clinici-700x274.jpg 700w, https:\/\/fas-spa.it\/wp-content\/uploads\/2016\/02\/FAS_Test_Clinici.jpg 1000w\" sizes=\"(max-width: 1000px) 100vw, 1000px\" \/><\/p>\n<p>Los productos Fas son sujetos peri\u00f3dicamente a test dermatol\u00f3gicos llevados a cabo en la universidad de Pavia gracias a pruebas repetidas para evaluar el riesgo de sensibilizaci\u00f3n al\u00e9rgica de la piel (a trav\u00e9s de un cambio del test Shelanski y Shelanski). Despues de haber superado numerosos y complejos test, la empresa ha obtenido la certificaci\u00f3n \u201cCl\u00ednicamente testado, no irritante e hipoalerg\u00e9nico\u201d).<\/p>\n<p>Todos los productos Fas son tambi\u00e9n sujetos a continuos test microbacteriol\u00f3gicos para excluir de las materias primas la presencia de contaminaciones con agentes pat\u00f3genos.<\/p>\n","protected":false},"excerpt":{"rendered":"<p>Los productos Fas son sujetos peri\u00f3dicamente a test dermatol\u00f3gicos llevados a cabo en la universidad de Pavia gracias a pruebas repetidas para evaluar el riesgo de sensibilizaci\u00f3n al\u00e9rgica de la piel (a trav\u00e9s de un cambio del test Shelanski y Shelanski). Despues de haber superado numerosos y complejos test, la empresa ha obtenido la certificaci\u00f3n [&hellip;]<\/p>\n","protected":false},"author":1,"featured_media":0,"parent":0,"menu_order":0,"comment_status":"closed","ping_status":"closed","template":"full-width.php","meta":[],"_links":{"self":[{"href":"https:\/\/fas-spa.it\/es\/wp-json\/wp\/v2\/pages\/13297"}],"collection":[{"href":"https:\/\/fas-spa.it\/es\/wp-json\/wp\/v2\/pages"}],"about":[{"href":"https:\/\/fas-spa.it\/es\/wp-json\/wp\/v2\/types\/page"}],"author":[{"embeddable":true,"href":"https:\/\/fas-spa.it\/es\/wp-json\/wp\/v2\/users\/1"}],"replies":[{"embeddable":true,"href":"https:\/\/fas-spa.it\/es\/wp-json\/wp\/v2\/comments?post=13297"}],"version-history":[{"count":3,"href":"https:\/\/fas-spa.it\/es\/wp-json\/wp\/v2\/pages\/13297\/revisions"}],"predecessor-version":[{"id":13833,"href":"https:\/\/fas-spa.it\/es\/wp-json\/wp\/v2\/pages\/13297\/revisions\/13833"}],"wp:attachment":[{"href":"https:\/\/fas-spa.it\/es\/wp-json\/wp\/v2\/media?parent=13297"}],"curies":[{"name":"wp","href":"https:\/\/api.w.org\/{rel}","templated":true}]}}