{"id":13295,"date":"2016-04-01T20:05:41","date_gmt":"2016-04-01T18:05:41","guid":{"rendered":"http:\/\/www.fas-spa.it\/?page_id=13295"},"modified":"2018-01-24T18:30:23","modified_gmt":"2018-01-24T17:30:23","slug":"iso-90012008-2","status":"publish","type":"page","link":"https:\/\/fas-spa.it\/es\/iso-90012008-2\/","title":{"rendered":"ISO 9001:2008"},"content":{"rendered":"<p><a href=\"http:\/\/www.fas-spa.it\/wp-content\/uploads\/2016\/02\/FAS_ISO9001.jpg\"><img class=\"aligncenter size-full wp-image-13201\" src=\"http:\/\/www.fas-spa.it\/wp-content\/uploads\/2016\/02\/FAS_ISO9001.jpg\" alt=\"ISO9001\" width=\"1000\" height=\"391\" srcset=\"https:\/\/fas-spa.it\/wp-content\/uploads\/2016\/02\/FAS_ISO9001-300x117.jpg 300w, https:\/\/fas-spa.it\/wp-content\/uploads\/2016\/02\/FAS_ISO9001-500x196.jpg 500w, https:\/\/fas-spa.it\/wp-content\/uploads\/2016\/02\/FAS_ISO9001-700x274.jpg 700w, https:\/\/fas-spa.it\/wp-content\/uploads\/2016\/02\/FAS_ISO9001.jpg 1000w\" sizes=\"(max-width: 1000px) 100vw, 1000px\" \/><\/a><\/p>\n<p>ISO 9001:2008 es una norma voluntaria que representa hoy una nueva referencia, reconocido a nivel mundial por la certificaci\u00f3n del sistema gesti\u00f3n de calidad.<\/p>\n<p>Una norma internacional que permite a las organizaciones, cualquiera sea el propio sector, de aumentar las satisfacciones de los propios clientes gracias a las aplicaciones eficaces de un sistema de gesti\u00f3n de calidad (orientaci\u00f3n al cliente , acercamiento por procesos; control continuo de los proveedores; disponibilidad de documentos y datos; mejoramiento continuo y m\u00e1s).<\/p>\n<p>Fas est\u00e1 provista de la certificaci\u00f3n ISO 9001:2008 utilizada para delinear los requisitos para los sistemas de gesti\u00f3n de calidad en el interior de la empresa. La adopci\u00f3n de la certificaci\u00f3n ISO 9001:2008 es de hecho una condici\u00f3n indispensable para hacer frente a un mercado siempre creciente y competitivo.<\/p>\n<p>&nbsp;<\/p>\n<div class=\"fusion-fullwidth fullwidth-box fusion-builder-row-1 hundred-percent-fullwidth non-hundred-percent-height-scrolling\" style=\"background-color: #ffffff;background-position: center center;background-repeat: no-repeat;padding-top:0px;padding-right:0px;padding-bottom:0px;padding-left:0px;margin-bottom: 0px;margin-top: 0px;border-width: 0px 0px 0px 0px;border-color:#eae9e9;border-style:solid;\" ><div class=\"fusion-builder-row fusion-row\"><div class=\"fusion-layout-column fusion_builder_column fusion-builder-column-0 fusion_builder_column_1_1 1_1 fusion-one-full fusion-column-first fusion-column-last fusion-column-no-min-height\" style=\"margin-top:0px;margin-bottom:0px;\"><div class=\"fusion-column-wrapper fusion-flex-column-wrapper-legacy\" style=\"background-position:left top;background-repeat:no-repeat;-webkit-background-size:cover;-moz-background-size:cover;-o-background-size:cover;background-size:cover;padding: 0px 0px 0px 0px;\">\r\n<div class=\"ngg-galleryoverview\" id=\"ngg-gallery-42-13295\">\r\n\r\n\r\n\t\r\n\t<!-- Thumbnails -->\r\n\t\t\r\n\t<div id=\"ngg-image-355\" class=\"ngg-gallery-thumbnail-box\"  >\r\n\t\t<div class=\"ngg-gallery-thumbnail\" >\r\n\t\t\t<a href=\"https:\/\/fas-spa.it\/wp-content\/gallery\/certificazione-iso-9001-2016\/certificazione-iso-9001.jpg\" title=\" \" class=\"shutterset_set_42\" >\r\n\t\t\t\t\t\t\t\t<img title=\"certificazione-iso-9001\" alt=\"certificazione-iso-9001\" src=\"https:\/\/fas-spa.it\/wp-content\/gallery\/certificazione-iso-9001-2016\/thumbs\/thumbs_certificazione-iso-9001.jpg\" width=\"280\" height=\"210\" \/>\r\n\t\t\t\t\t\t\t<\/a>\r\n\t\t<\/div>\r\n\t<\/div>\r\n\t\r\n\t\t\r\n \t \t\r\n\t<!-- Pagination -->\r\n \t<div class='ngg-clear'><\/div>\n \t\r\n<\/div>\r\n\r\n<div class=\"fusion-clearfix\"><\/div><\/div><\/div><\/div><style type=\"text\/css\">.fusion-fullwidth.fusion-builder-row-1 { overflow:visible; }<\/style><\/div>\n","protected":false},"excerpt":{"rendered":"<p>ISO 9001:2008 es una norma voluntaria que representa hoy una nueva referencia, reconocido a nivel mundial por la certificaci\u00f3n del sistema gesti\u00f3n de calidad. Una norma internacional que permite a las organizaciones, cualquiera sea el propio sector, de aumentar las satisfacciones de los propios clientes gracias a las aplicaciones eficaces de un sistema de gesti\u00f3n [&hellip;]<\/p>\n","protected":false},"author":1,"featured_media":0,"parent":0,"menu_order":0,"comment_status":"closed","ping_status":"closed","template":"full-width.php","meta":[],"_links":{"self":[{"href":"https:\/\/fas-spa.it\/es\/wp-json\/wp\/v2\/pages\/13295"}],"collection":[{"href":"https:\/\/fas-spa.it\/es\/wp-json\/wp\/v2\/pages"}],"about":[{"href":"https:\/\/fas-spa.it\/es\/wp-json\/wp\/v2\/types\/page"}],"author":[{"embeddable":true,"href":"https:\/\/fas-spa.it\/es\/wp-json\/wp\/v2\/users\/1"}],"replies":[{"embeddable":true,"href":"https:\/\/fas-spa.it\/es\/wp-json\/wp\/v2\/comments?post=13295"}],"version-history":[{"count":2,"href":"https:\/\/fas-spa.it\/es\/wp-json\/wp\/v2\/pages\/13295\/revisions"}],"predecessor-version":[{"id":13812,"href":"https:\/\/fas-spa.it\/es\/wp-json\/wp\/v2\/pages\/13295\/revisions\/13812"}],"wp:attachment":[{"href":"https:\/\/fas-spa.it\/es\/wp-json\/wp\/v2\/media?parent=13295"}],"curies":[{"name":"wp","href":"https:\/\/api.w.org\/{rel}","templated":true}]}}