{"id":13287,"date":"2014-11-27T17:04:52","date_gmt":"2014-11-27T16:04:52","guid":{"rendered":"http:\/\/www.fas-spa.it\/certificazioni-2\/"},"modified":"2018-01-24T18:30:40","modified_gmt":"2018-01-24T17:30:40","slug":"certificazioni","status":"publish","type":"page","link":"https:\/\/fas-spa.it\/es\/certificazioni\/","title":{"rendered":"Certificaciones"},"content":{"rendered":"<p><img class=\"aligncenter size-full wp-image-13196\" src=\"http:\/\/www.fas-spa.it\/wp-content\/uploads\/2014\/11\/FAS_Certificazioni.jpg\" alt=\"Certificazioni\" width=\"1000\" height=\"391\" srcset=\"https:\/\/fas-spa.it\/wp-content\/uploads\/2014\/11\/FAS_Certificazioni-300x117.jpg 300w, https:\/\/fas-spa.it\/wp-content\/uploads\/2014\/11\/FAS_Certificazioni-500x196.jpg 500w, https:\/\/fas-spa.it\/wp-content\/uploads\/2014\/11\/FAS_Certificazioni-700x274.jpg 700w, https:\/\/fas-spa.it\/wp-content\/uploads\/2014\/11\/FAS_Certificazioni.jpg 1000w\" sizes=\"(max-width: 1000px) 100vw, 1000px\" \/><\/p>\n<p>En todos estos a\u00f1os Fas ha obtenido numerosas certificaciones de calidad: la primera entre todas la ISO 9001:2008, Convertida en est\u00e1ndard de garant\u00eda para el consumidor.<\/p>\n<p>Los productos de FAS Spa, son sujetos a ex\u00e1menes dermatol\u00f3gicos en la universidad de los estudios de Pavia, que han efectuado test epicut\u00e1neos repetidos para evaluar el riesgo de sensibilizaci\u00f3n al\u00e9rgica(a trav\u00e9s de una modificaci\u00f3n de los test de Shelanski e Shelanski). Despu\u00e9s de haber superado numerosos y complejos test, la empresa ha obtenido la certificaci\u00f3n \u201c Cl\u00ednicamente testado, no irritante e hipoal\u00e9rgico\u201d.<\/p>\n<p>La empresa desde siempre esta atenta a la elecci\u00f3n de las materias primas: dada la importancia de la celulosa en el proceso productivo, Fas se suministra \u00fanicamente con grandes proveedores y corporaciones internacionales, los \u00fanicos que pueden garantizar no solo una mayor b\u00fasqueda en la innovaci\u00f3n, tambi\u00e9n rigurosas certificaciones ambientales come la certificaci\u00f3n internacional FSC que promueve en todo el mundo una administraci\u00f3n de las selvas respetuosa del ambiente, socialmente \u00fatil y econ\u00f3micamente sostenible.<\/p>\n<p>Fas ha tambi\u00e9n comenzado el proceso para obtener la certificaci\u00f3n HALAL, pensado para satisfacer categor\u00edas de consumidores , como usuarios de etnias \u00e1rabes.<\/p>\n","protected":false},"excerpt":{"rendered":"<p>En todos estos a\u00f1os Fas ha obtenido numerosas certificaciones de calidad: la primera entre todas la ISO 9001:2008, Convertida en est\u00e1ndard de garant\u00eda para el consumidor. Los productos de FAS Spa, son sujetos a ex\u00e1menes dermatol\u00f3gicos en la universidad de los estudios de Pavia, que han efectuado test epicut\u00e1neos repetidos para evaluar el riesgo de [&hellip;]<\/p>\n","protected":false},"author":1,"featured_media":0,"parent":0,"menu_order":0,"comment_status":"open","ping_status":"open","template":"full-width.php","meta":[],"_links":{"self":[{"href":"https:\/\/fas-spa.it\/es\/wp-json\/wp\/v2\/pages\/13287"}],"collection":[{"href":"https:\/\/fas-spa.it\/es\/wp-json\/wp\/v2\/pages"}],"about":[{"href":"https:\/\/fas-spa.it\/es\/wp-json\/wp\/v2\/types\/page"}],"author":[{"embeddable":true,"href":"https:\/\/fas-spa.it\/es\/wp-json\/wp\/v2\/users\/1"}],"replies":[{"embeddable":true,"href":"https:\/\/fas-spa.it\/es\/wp-json\/wp\/v2\/comments?post=13287"}],"version-history":[{"count":4,"href":"https:\/\/fas-spa.it\/es\/wp-json\/wp\/v2\/pages\/13287\/revisions"}],"predecessor-version":[{"id":13411,"href":"https:\/\/fas-spa.it\/es\/wp-json\/wp\/v2\/pages\/13287\/revisions\/13411"}],"wp:attachment":[{"href":"https:\/\/fas-spa.it\/es\/wp-json\/wp\/v2\/media?parent=13287"}],"curies":[{"name":"wp","href":"https:\/\/api.w.org\/{rel}","templated":true}]}}