{"id":14499,"date":"2015-01-14T12:04:24","date_gmt":"2015-01-14T11:04:24","guid":{"rendered":"http:\/\/www.fas-spa.it\/product\/morbidea-windeln-fuer-kleinkinder-compact-26-st-1522-kg\/"},"modified":"2015-01-14T12:04:24","modified_gmt":"2015-01-14T11:04:24","slug":"morbidea-windeln-fuer-kleinkinder-compact-26-st-1522-kg","status":"publish","type":"product","link":"https:\/\/fas-spa.it\/de\/produkte\/morbidea-windeln-fuer-kleinkinder-compact-26-st-1522-kg\/","title":{"rendered":"Morbidea Windeln f\u00fcr Kleinkinder \u201eCompact\u201c 26 st &#8211; 15\/22 Kg"},"content":{"rendered":"<p>Unsere Eigenmarke Morbidea wurde realisiert, um die Bed\u00fcrfnisse von M\u00fcttern und Kleinkindern zu erf\u00fcllen. Die Morbidea-Windeln f\u00fcr Kleinkinder werden aus hochwertigen Rohstoffen hergestellt, sind weich, dermatologisch getestet und garantieren hohe Saugkraft. Dar\u00fcber hinaus umfasst die Produktlinie Morbidea ein breites Spektrum an Damenbinden und Slipeinlagen f\u00fcr anspruchsvolle Frauen, die auf Frische, Weichheit und \u201eMade in Italy\u201c-Produkte besonders hohen Wert legen. Die Feuchtt\u00fccher mit einem f\u00fcr jedes Alter angepassten Duft erg\u00e4nzen die Produktl<\/p>\n","protected":false},"excerpt":{"rendered":"<p>Unsere Eigenmarke Morbidea wurde realisiert, um die Bed\u00fcrfnisse von M\u00fcttern und Kleinkindern zu erf\u00fcllen. Die Morbidea-Windeln f\u00fcr Kleinkinder werden aus hochwertigen Rohstoffen hergestellt, sind weich, dermatologisch getestet und garantieren hohe Saugkraft. Dar\u00fcber hinaus umfasst die Produktlinie Morbidea ein breites Spektrum an Damenbinden und Slipeinlagen f\u00fcr anspruchsvolle Frauen, die auf Frische, Weichheit und \u201eMade in Italy\u201c-Produkte [&hellip;]<\/p>\n","protected":false},"featured_media":14518,"template":"","meta":[],"_links":{"self":[{"href":"https:\/\/fas-spa.it\/de\/wp-json\/wp\/v2\/product\/14499"}],"collection":[{"href":"https:\/\/fas-spa.it\/de\/wp-json\/wp\/v2\/product"}],"about":[{"href":"https:\/\/fas-spa.it\/de\/wp-json\/wp\/v2\/types\/product"}],"wp:featuredmedia":[{"embeddable":true,"href":"https:\/\/fas-spa.it\/de\/wp-json\/wp\/v2\/media\/14518"}],"wp:attachment":[{"href":"https:\/\/fas-spa.it\/de\/wp-json\/wp\/v2\/media?parent=14499"}],"curies":[{"name":"wp","href":"https:\/\/api.w.org\/{rel}","templated":true}]}}