{"id":14294,"date":"2015-02-12T12:51:21","date_gmt":"2015-02-12T11:51:21","guid":{"rendered":"http:\/\/www.fas-spa.it\/product\/nuvolotti-40-st-1630kg-gr-6-extra-large-vorteilspackung\/"},"modified":"2015-02-12T12:51:21","modified_gmt":"2015-02-12T11:51:21","slug":"nuvolotti-40-st-1630kg-gr-6-extra-large-vorteilspackung","status":"publish","type":"product","link":"https:\/\/fas-spa.it\/de\/produkte\/nuvolotti-40-st-1630kg-gr-6-extra-large-vorteilspackung\/","title":{"rendered":"Nuvolotti 40 st 16\/30Kg gr 6 Extra Large Vorteilspackung"},"content":{"rendered":"","protected":false},"excerpt":{"rendered":"<p>Die Nuvolotti sind die neuen, anatomischen Windeln 100% italienischer Ursprung f\u00fcr Kleinkinder. Die neue Passform und der verbesserte, leichte Verschluss sorgen f\u00fcr die absolute Bewegungsfreiheit des Kindes. Mehr noch ist der neue Fluff-Zellstoff extrem leicht, weich und garantiert eine noch bessere Saugkraft und Aufnahme der Feuchtigkeit. Das neue Modell wird komplett aus super saugstarken Materialien hergestellt, die eine gro\u00dfe Menge an Fl\u00fcssigkeit aufnehmen k\u00f6nnen. Die doppelten Trennw\u00e4nde halten zudem alles Unerw\u00fcnschte fest zur\u00fcck. Das freundliche, farbige Design sorgt f\u00fcr ein angenehmes und spielerisches Tragen. Die Windeln sind h\u00f6chster Qualit\u00e4t, nicht reizend und lassen die Haut atmen.<\/p>\n","protected":false},"featured_media":14295,"template":"","meta":[],"_links":{"self":[{"href":"https:\/\/fas-spa.it\/de\/wp-json\/wp\/v2\/product\/14294"}],"collection":[{"href":"https:\/\/fas-spa.it\/de\/wp-json\/wp\/v2\/product"}],"about":[{"href":"https:\/\/fas-spa.it\/de\/wp-json\/wp\/v2\/types\/product"}],"wp:featuredmedia":[{"embeddable":true,"href":"https:\/\/fas-spa.it\/de\/wp-json\/wp\/v2\/media\/14295"}],"wp:attachment":[{"href":"https:\/\/fas-spa.it\/de\/wp-json\/wp\/v2\/media?parent=14294"}],"curies":[{"name":"wp","href":"https:\/\/api.w.org\/{rel}","templated":true}]}}