{"id":14215,"date":"2016-05-13T10:59:10","date_gmt":"2016-05-13T08:59:10","guid":{"rendered":"http:\/\/www.fas-spa.it\/de\/?page_id=14215"},"modified":"2018-01-24T18:30:14","modified_gmt":"2018-01-24T17:30:14","slug":"qualitaetskontrolle","status":"publish","type":"page","link":"https:\/\/fas-spa.it\/de\/qualitaetskontrolle\/","title":{"rendered":"Qualit\u00e4tskontrolle"},"content":{"rendered":"<p><img class=\"alignnone wp-image-10717 size-full\" src=\"http:\/\/www.fas-spa.it\/wp-content\/uploads\/2014\/11\/LABORATORIO.jpg\" alt=\"\" width=\"1000\" height=\"391\" srcset=\"https:\/\/fas-spa.it\/wp-content\/uploads\/2014\/11\/LABORATORIO-300x117.jpg 300w, https:\/\/fas-spa.it\/wp-content\/uploads\/2014\/11\/LABORATORIO-500x196.jpg 500w, https:\/\/fas-spa.it\/wp-content\/uploads\/2014\/11\/LABORATORIO-700x274.jpg 700w, https:\/\/fas-spa.it\/wp-content\/uploads\/2014\/11\/LABORATORIO.jpg 1000w\" sizes=\"(max-width: 1000px) 100vw, 1000px\" \/><\/p>\n<p>FAS hat ein eigenes internes Analyselabor um mit zahlreichen Testverfahren (Rewet-Test, Kontrollen der Absorptionsrate und \u2013Geschwindigkeit, Qualit\u00e4tstests zu Elastizit\u00e4t und Seitenmaterial) regelm\u00e4\u00dfig die Leistung und den Ertrag der Produkte, sowie der Rohmaterialien zu \u00fcberpr\u00fcfen.<\/p>\n<p>All das wird t\u00e4glich \u00fcberwacht und s\u00e4mtliche Testergebnisse werden in einer Datenbank gespeichert, die mit der Datenbank der Produktionskette verbunden ist. <\/p>\n<p>Auf diese Weise ist es m\u00f6glich in Echtzeit auf s\u00e4mtliche Produktionszyklen zu zugreifen und sie wenn n\u00f6tig zu unterbrechen.<\/p>\n","protected":false},"excerpt":{"rendered":"<p>FAS hat ein eigenes internes Analyselabor um mit zahlreichen Testverfahren (Rewet-Test, Kontrollen der Absorptionsrate und \u2013Geschwindigkeit, Qualit\u00e4tstests zu Elastizit\u00e4t und Seitenmaterial) regelm\u00e4\u00dfig die Leistung und den Ertrag der Produkte, sowie der Rohmaterialien zu \u00fcberpr\u00fcfen. All das wird t\u00e4glich \u00fcberwacht und s\u00e4mtliche Testergebnisse werden in einer Datenbank gespeichert, die mit der Datenbank der Produktionskette verbunden ist. [&hellip;]<\/p>\n","protected":false},"author":1,"featured_media":0,"parent":0,"menu_order":0,"comment_status":"open","ping_status":"closed","template":"full-width.php","meta":[],"_links":{"self":[{"href":"https:\/\/fas-spa.it\/de\/wp-json\/wp\/v2\/pages\/14215"}],"collection":[{"href":"https:\/\/fas-spa.it\/de\/wp-json\/wp\/v2\/pages"}],"about":[{"href":"https:\/\/fas-spa.it\/de\/wp-json\/wp\/v2\/types\/page"}],"author":[{"embeddable":true,"href":"https:\/\/fas-spa.it\/de\/wp-json\/wp\/v2\/users\/1"}],"replies":[{"embeddable":true,"href":"https:\/\/fas-spa.it\/de\/wp-json\/wp\/v2\/comments?post=14215"}],"version-history":[{"count":1,"href":"https:\/\/fas-spa.it\/de\/wp-json\/wp\/v2\/pages\/14215\/revisions"}],"predecessor-version":[{"id":14216,"href":"https:\/\/fas-spa.it\/de\/wp-json\/wp\/v2\/pages\/14215\/revisions\/14216"}],"wp:attachment":[{"href":"https:\/\/fas-spa.it\/de\/wp-json\/wp\/v2\/media?parent=14215"}],"curies":[{"name":"wp","href":"https:\/\/api.w.org\/{rel}","templated":true}]}}