{"id":14126,"date":"2016-05-12T20:25:18","date_gmt":"2016-05-12T18:25:18","guid":{"rendered":"http:\/\/www.fas-spa.it\/de\/?page_id=14126"},"modified":"2018-01-24T18:30:15","modified_gmt":"2018-01-24T17:30:15","slug":"die-zertifikate","status":"publish","type":"page","link":"https:\/\/fas-spa.it\/de\/die-zertifikate\/","title":{"rendered":"Die Zertifikate"},"content":{"rendered":"<p>Wir glauben, dass Wettbewerbsf\u00e4higkeit und zertifiziertes Managementsystem miteinander verbundene und voneinander abh\u00e4ngige Merkmale eines Unternehmens sind.<br \/>\nAngesichts der heutigen, globalen Marktbedingungen gewinnen Themen wie die Kontrolle und Verwaltung der Produktionsverfahren, das Risikomanagement und die Nachhaltigkeit der T\u00e4tigkeiten immer mehr an Bedeutung.<\/p>\n<p>\u00dcber die Jahre erhielt FAS zahlreiche Qualit\u00e4tsauszeichnungen, welche Verbrauchern einen hohen Standard im Qualit\u00e4tsmanagement garantieren.<br \/>\nFAS w\u00e4hlt seine Rohstoffe sehr achtsam aus, f\u00fchrt Qualit\u00e4ts- und Effizienztests, legt Wert auf umweltschonende Produktion und bem\u00fcht sich st\u00e4ndig um den Erwerb weiterer Qualit\u00e4tsbelege, um auch besonders spezifischen Bed\u00fcrfnissen seiner Verbraucher gerecht zu werden und ihnen h\u00f6chste Effizienz anzubieten.<\/p>\n<p>&nbsp;<\/p>\n<p><img class=\"aligncenter size-full wp-image-13196\" src=\"http:\/\/www.fas-spa.it\/wp-content\/uploads\/2014\/11\/FAS_Certificazioni.jpg\" alt=\"Certificazioni\" width=\"1000\" height=\"391\" srcset=\"https:\/\/fas-spa.it\/wp-content\/uploads\/2014\/11\/FAS_Certificazioni-300x117.jpg 300w, https:\/\/fas-spa.it\/wp-content\/uploads\/2014\/11\/FAS_Certificazioni-500x196.jpg 500w, https:\/\/fas-spa.it\/wp-content\/uploads\/2014\/11\/FAS_Certificazioni-700x274.jpg 700w, https:\/\/fas-spa.it\/wp-content\/uploads\/2014\/11\/FAS_Certificazioni.jpg 1000w\" sizes=\"(max-width: 1000px) 100vw, 1000px\" \/><\/p>\n","protected":false},"excerpt":{"rendered":"<p>Wir glauben, dass Wettbewerbsf\u00e4higkeit und zertifiziertes Managementsystem miteinander verbundene und voneinander abh\u00e4ngige Merkmale eines Unternehmens sind. Angesichts der heutigen, globalen Marktbedingungen gewinnen Themen wie die Kontrolle und Verwaltung der Produktionsverfahren, das Risikomanagement und die Nachhaltigkeit der T\u00e4tigkeiten immer mehr an Bedeutung. \u00dcber die Jahre erhielt FAS zahlreiche Qualit\u00e4tsauszeichnungen, welche Verbrauchern einen hohen Standard im Qualit\u00e4tsmanagement [&hellip;]<\/p>\n","protected":false},"author":1,"featured_media":0,"parent":0,"menu_order":0,"comment_status":"open","ping_status":"open","template":"full-width.php","meta":[],"_links":{"self":[{"href":"https:\/\/fas-spa.it\/de\/wp-json\/wp\/v2\/pages\/14126"}],"collection":[{"href":"https:\/\/fas-spa.it\/de\/wp-json\/wp\/v2\/pages"}],"about":[{"href":"https:\/\/fas-spa.it\/de\/wp-json\/wp\/v2\/types\/page"}],"author":[{"embeddable":true,"href":"https:\/\/fas-spa.it\/de\/wp-json\/wp\/v2\/users\/1"}],"replies":[{"embeddable":true,"href":"https:\/\/fas-spa.it\/de\/wp-json\/wp\/v2\/comments?post=14126"}],"version-history":[{"count":1,"href":"https:\/\/fas-spa.it\/de\/wp-json\/wp\/v2\/pages\/14126\/revisions"}],"predecessor-version":[{"id":14127,"href":"https:\/\/fas-spa.it\/de\/wp-json\/wp\/v2\/pages\/14126\/revisions\/14127"}],"wp:attachment":[{"href":"https:\/\/fas-spa.it\/de\/wp-json\/wp\/v2\/media?parent=14126"}],"curies":[{"name":"wp","href":"https:\/\/api.w.org\/{rel}","templated":true}]}}