{"id":14123,"date":"2016-05-12T20:24:21","date_gmt":"2016-05-12T18:24:21","guid":{"rendered":"http:\/\/www.fas-spa.it\/de\/?page_id=14123"},"modified":"2018-01-24T18:30:15","modified_gmt":"2018-01-24T17:30:15","slug":"wirtschaftliches-profil","status":"publish","type":"page","link":"https:\/\/fas-spa.it\/de\/wirtschaftliches-profil\/","title":{"rendered":"Wirtschaftliches Profil"},"content":{"rendered":"<p><img class=\"aligncenter size-full wp-image-11710\" src=\"http:\/\/www.fas-spa.it\/wp-content\/uploads\/2014\/11\/ECONOMIA.jpg\" alt=\"ECONOMIA\" width=\"1000\" height=\"391\" srcset=\"https:\/\/fas-spa.it\/wp-content\/uploads\/2014\/11\/ECONOMIA-300x117.jpg 300w, https:\/\/fas-spa.it\/wp-content\/uploads\/2014\/11\/ECONOMIA-500x196.jpg 500w, https:\/\/fas-spa.it\/wp-content\/uploads\/2014\/11\/ECONOMIA-700x274.jpg 700w, https:\/\/fas-spa.it\/wp-content\/uploads\/2014\/11\/ECONOMIA.jpg 1000w\" sizes=\"(max-width: 1000px) 100vw, 1000px\" \/><\/p>\n<p>Das Unternehmen hat einen j\u00e4hrlichen Umsatz von ca. 9.000.000 Euro, wovon 30% aus dem Verkauf und der Herstellung von Damenbinden und Slipeinlagen und 70% aus dem Verkauf und der Herstellung von Windeln f\u00fcr Kleinkinder stammt.<\/p>\n<p>FAS investiert stark in die Organisation und der Professionalisierung seines Personals und verwaltet das ganze Unternehmensverfahren: Produktion, Qualit\u00e4tskontrolle, Warenverkehr, Zertifikate, Kundenbeziehungen, Statistik \u00fcber Produktion und Wartung.  <\/p>\n<p>In den letzten Jahren hat FAS dank zahlreicher Gesch\u00e4ftsbeziehungen und Kooperationen die Grundlage f\u00fcr die Entwicklung an ausl\u00e4ndischen M\u00e4rkten geschafft.<\/p>\n","protected":false},"excerpt":{"rendered":"<p>Das Unternehmen hat einen j\u00e4hrlichen Umsatz von ca. 9.000.000 Euro, wovon 30% aus dem Verkauf und der Herstellung von Damenbinden und Slipeinlagen und 70% aus dem Verkauf und der Herstellung von Windeln f\u00fcr Kleinkinder stammt. FAS investiert stark in die Organisation und der Professionalisierung seines Personals und verwaltet das ganze Unternehmensverfahren: Produktion, Qualit\u00e4tskontrolle, Warenverkehr, Zertifikate, [&hellip;]<\/p>\n","protected":false},"author":1,"featured_media":0,"parent":0,"menu_order":0,"comment_status":"open","ping_status":"open","template":"full-width.php","meta":[],"_links":{"self":[{"href":"https:\/\/fas-spa.it\/de\/wp-json\/wp\/v2\/pages\/14123"}],"collection":[{"href":"https:\/\/fas-spa.it\/de\/wp-json\/wp\/v2\/pages"}],"about":[{"href":"https:\/\/fas-spa.it\/de\/wp-json\/wp\/v2\/types\/page"}],"author":[{"embeddable":true,"href":"https:\/\/fas-spa.it\/de\/wp-json\/wp\/v2\/users\/1"}],"replies":[{"embeddable":true,"href":"https:\/\/fas-spa.it\/de\/wp-json\/wp\/v2\/comments?post=14123"}],"version-history":[{"count":1,"href":"https:\/\/fas-spa.it\/de\/wp-json\/wp\/v2\/pages\/14123\/revisions"}],"predecessor-version":[{"id":14124,"href":"https:\/\/fas-spa.it\/de\/wp-json\/wp\/v2\/pages\/14123\/revisions\/14124"}],"wp:attachment":[{"href":"https:\/\/fas-spa.it\/de\/wp-json\/wp\/v2\/media?parent=14123"}],"curies":[{"name":"wp","href":"https:\/\/api.w.org\/{rel}","templated":true}]}}