{"id":14120,"date":"2016-05-12T20:23:14","date_gmt":"2016-05-12T18:23:14","guid":{"rendered":"http:\/\/www.fas-spa.it\/de\/?page_id=14120"},"modified":"2018-01-24T18:30:15","modified_gmt":"2018-01-24T17:30:15","slug":"fortbildung","status":"publish","type":"page","link":"https:\/\/fas-spa.it\/de\/fortbildung\/","title":{"rendered":"Fortbildung"},"content":{"rendered":"<p><img class=\"aligncenter size-full wp-image-11712\" src=\"http:\/\/www.fas-spa.it\/wp-content\/uploads\/2014\/11\/FORMAZIONE.jpg\" alt=\"FORMAZIONE\" width=\"1000\" height=\"391\" srcset=\"https:\/\/fas-spa.it\/wp-content\/uploads\/2014\/11\/FORMAZIONE-300x117.jpg 300w, https:\/\/fas-spa.it\/wp-content\/uploads\/2014\/11\/FORMAZIONE-500x196.jpg 500w, https:\/\/fas-spa.it\/wp-content\/uploads\/2014\/11\/FORMAZIONE-700x274.jpg 700w, https:\/\/fas-spa.it\/wp-content\/uploads\/2014\/11\/FORMAZIONE.jpg 1000w\" sizes=\"(max-width: 1000px) 100vw, 1000px\" \/><\/p>\n<p>Das Unternehmen pflegt bereits in langj\u00e4hriger Zusammenarbeit eine Partnerschaft mit einem Team aus Psychologen und Spezialisten des Arbeits- und Gesundheitsschutzes. In Kursen und Seminaren werden unsere Mitarbeiter regelm\u00e4\u00dfig rund um die Themen Risikoreduktion, Gesundheit, Handhabung von manueller Arbeitsbelastung und Teamwork von diesen geschult.<\/p>\n<p>2012 unterzeichnete FAS eine offizielle Vereinbarung mit dem Beratungszimmer der Region Apuliens ein Zertifikat \u00fcber Chancengleichheit am Arbeitsplatz. Damit z\u00e4hlt FAS zu den 461 sozial-engagierten, italienischen Unternehmen die sich um die Verbreitung einer modernen, \u00fcbergreifenden Arbeitskultur, frei von Diskriminierung bem\u00fchen, in der jedem einzelnen Talent Wertsch\u00e4tzung zu Gute kommt.<\/p>\n","protected":false},"excerpt":{"rendered":"<p>Das Unternehmen pflegt bereits in langj\u00e4hriger Zusammenarbeit eine Partnerschaft mit einem Team aus Psychologen und Spezialisten des Arbeits- und Gesundheitsschutzes. In Kursen und Seminaren werden unsere Mitarbeiter regelm\u00e4\u00dfig rund um die Themen Risikoreduktion, Gesundheit, Handhabung von manueller Arbeitsbelastung und Teamwork von diesen geschult. 2012 unterzeichnete FAS eine offizielle Vereinbarung mit dem Beratungszimmer der Region Apuliens [&hellip;]<\/p>\n","protected":false},"author":1,"featured_media":0,"parent":0,"menu_order":0,"comment_status":"open","ping_status":"open","template":"full-width.php","meta":[],"_links":{"self":[{"href":"https:\/\/fas-spa.it\/de\/wp-json\/wp\/v2\/pages\/14120"}],"collection":[{"href":"https:\/\/fas-spa.it\/de\/wp-json\/wp\/v2\/pages"}],"about":[{"href":"https:\/\/fas-spa.it\/de\/wp-json\/wp\/v2\/types\/page"}],"author":[{"embeddable":true,"href":"https:\/\/fas-spa.it\/de\/wp-json\/wp\/v2\/users\/1"}],"replies":[{"embeddable":true,"href":"https:\/\/fas-spa.it\/de\/wp-json\/wp\/v2\/comments?post=14120"}],"version-history":[{"count":1,"href":"https:\/\/fas-spa.it\/de\/wp-json\/wp\/v2\/pages\/14120\/revisions"}],"predecessor-version":[{"id":14121,"href":"https:\/\/fas-spa.it\/de\/wp-json\/wp\/v2\/pages\/14120\/revisions\/14121"}],"wp:attachment":[{"href":"https:\/\/fas-spa.it\/de\/wp-json\/wp\/v2\/media?parent=14120"}],"curies":[{"name":"wp","href":"https:\/\/api.w.org\/{rel}","templated":true}]}}