{"id":14117,"date":"2016-05-12T20:21:49","date_gmt":"2016-05-12T18:21:49","guid":{"rendered":"http:\/\/www.fas-spa.it\/de\/?page_id=14117"},"modified":"2018-01-24T18:30:15","modified_gmt":"2018-01-24T17:30:15","slug":"rueckverfolgbarkeit","status":"publish","type":"page","link":"https:\/\/fas-spa.it\/de\/rueckverfolgbarkeit\/","title":{"rendered":"R\u00fcckverfolgbarkeit"},"content":{"rendered":"<p><img class=\"alignnone wp-image-10726 size-full\" src=\"http:\/\/www.fas-spa.it\/wp-content\/uploads\/2014\/11\/TRACCIABILITA.jpg\" alt=\"\" width=\"1000\" height=\"392\" srcset=\"https:\/\/fas-spa.it\/wp-content\/uploads\/2014\/11\/TRACCIABILITA-300x117.jpg 300w, https:\/\/fas-spa.it\/wp-content\/uploads\/2014\/11\/TRACCIABILITA-500x196.jpg 500w, https:\/\/fas-spa.it\/wp-content\/uploads\/2014\/11\/TRACCIABILITA-700x274.jpg 700w, https:\/\/fas-spa.it\/wp-content\/uploads\/2014\/11\/TRACCIABILITA.jpg 1000w\" sizes=\"(max-width: 1000px) 100vw, 1000px\" \/><\/p>\n<p>Die Produktionstechnologie von FAS wurde weiterentwickelt und beinhaltet ein Qualit\u00e4tssystem f\u00fcr die schnelle und klare Kennzeichnung und R\u00fcckverfolgbarkeit aller Erzeugnisse:<\/p>\n<ul>\n<li>Nummerierung und Codierung der Produkte;<\/li>\n<li>R\u00fcckverfolgung der Produkte entlang der ganzen Produktionskette (Eingang, Lager, Produktion, Analyselabor, Pr\u00fcfung);<\/li>\n<li>Feststellung des Bearbeitungs- und Pr\u00fcfstatus der Produkte entlang der ganzen Produktionskette (gepr\u00fcft, nicht gepr\u00fcft, in der Pr\u00fcfphase, nicht konform, verworfen, zur\u00fcckgewiesen).<\/li>\n<\/ul>\n<p>Das R\u00fcckverfolgbarkeitssystem erm\u00f6glicht es, ein Produkt auch zu einem sp\u00e4teren Zeitpunkt zu identifizieren sowie den Entstehungsprozess, die Kontrollergebnisse, den Maschinenstatus und das besch\u00e4ftigtes Personal festzustellen. <\/p>\n","protected":false},"excerpt":{"rendered":"<p>Die Produktionstechnologie von FAS wurde weiterentwickelt und beinhaltet ein Qualit\u00e4tssystem f\u00fcr die schnelle und klare Kennzeichnung und R\u00fcckverfolgbarkeit aller Erzeugnisse: Nummerierung und Codierung der Produkte; R\u00fcckverfolgung der Produkte entlang der ganzen Produktionskette (Eingang, Lager, Produktion, Analyselabor, Pr\u00fcfung); Feststellung des Bearbeitungs- und Pr\u00fcfstatus der Produkte entlang der ganzen Produktionskette (gepr\u00fcft, nicht gepr\u00fcft, in der Pr\u00fcfphase, nicht [&hellip;]<\/p>\n","protected":false},"author":1,"featured_media":0,"parent":0,"menu_order":0,"comment_status":"open","ping_status":"closed","template":"full-width.php","meta":[],"_links":{"self":[{"href":"https:\/\/fas-spa.it\/de\/wp-json\/wp\/v2\/pages\/14117"}],"collection":[{"href":"https:\/\/fas-spa.it\/de\/wp-json\/wp\/v2\/pages"}],"about":[{"href":"https:\/\/fas-spa.it\/de\/wp-json\/wp\/v2\/types\/page"}],"author":[{"embeddable":true,"href":"https:\/\/fas-spa.it\/de\/wp-json\/wp\/v2\/users\/1"}],"replies":[{"embeddable":true,"href":"https:\/\/fas-spa.it\/de\/wp-json\/wp\/v2\/comments?post=14117"}],"version-history":[{"count":1,"href":"https:\/\/fas-spa.it\/de\/wp-json\/wp\/v2\/pages\/14117\/revisions"}],"predecessor-version":[{"id":14118,"href":"https:\/\/fas-spa.it\/de\/wp-json\/wp\/v2\/pages\/14117\/revisions\/14118"}],"wp:attachment":[{"href":"https:\/\/fas-spa.it\/de\/wp-json\/wp\/v2\/media?parent=14117"}],"curies":[{"name":"wp","href":"https:\/\/api.w.org\/{rel}","templated":true}]}}