{"id":14113,"date":"2016-05-12T20:19:34","date_gmt":"2016-05-12T18:19:34","guid":{"rendered":"http:\/\/www.fas-spa.it\/de\/?page_id=14113"},"modified":"2018-01-24T18:30:15","modified_gmt":"2018-01-24T17:30:15","slug":"anlagen-und-produktionslinien","status":"publish","type":"page","link":"https:\/\/fas-spa.it\/de\/anlagen-und-produktionslinien\/","title":{"rendered":"Anlagen und Produktionslinien"},"content":{"rendered":"<p><img class=\"alignnone wp-image-10712 size-full\" src=\"http:\/\/www.fas-spa.it\/wp-content\/uploads\/2014\/11\/LINEA.jpg\" alt=\"Linee\" width=\"1000\" height=\"391\" srcset=\"https:\/\/fas-spa.it\/wp-content\/uploads\/2014\/11\/LINEA-300x117.jpg 300w, https:\/\/fas-spa.it\/wp-content\/uploads\/2014\/11\/LINEA-500x196.jpg 500w, https:\/\/fas-spa.it\/wp-content\/uploads\/2014\/11\/LINEA-700x274.jpg 700w, https:\/\/fas-spa.it\/wp-content\/uploads\/2014\/11\/LINEA.jpg 1000w\" sizes=\"(max-width: 1000px) 100vw, 1000px\" \/><\/p>\n<p>Auf einer Fl\u00e4che von 1500m\u00b2 findet die Produktion statt.<\/p>\n<p>Es gibt vier Produktionsketten, zwei f\u00fcr Babywindeln, eine f\u00fcr Damenbinden und eine f\u00fcr Slipeinlagen. Die Produktionsschritte sind komplett automatisiert, so entsteht innerhalb weniger Minuten aus Rohmaterialien wie Cellulose, Absorber, Vliesstoff und Verpackung das fertige Endprodukt. <\/p>\n<p>F\u00fcr jede Produktionskette ist ein eigener Mitarbeiter zust\u00e4ndig und das hoch-qualifizierte Personal kontrolliert kontinuierlich die Qualit\u00e4t der Produktion.<br \/>\nDurch die Einf\u00fchrung der neuen hoch-technologischen Produktionsketten konnte FAS seine Fertigungskapazit\u00e4t um 80% pro Stunde steigern und erreicht ein t\u00e4gliches Produktionspensum von 500.000 Babywindeln, 860.000 Damenbinden und 1.000.000 Slipeinlagen.<\/p>\n<p>Die Produktion findet in einem streng geordneten und sauberen Umfeld.<\/p>\n","protected":false},"excerpt":{"rendered":"<p>Auf einer Fl\u00e4che von 1500m\u00b2 findet die Produktion statt. Es gibt vier Produktionsketten, zwei f\u00fcr Babywindeln, eine f\u00fcr Damenbinden und eine f\u00fcr Slipeinlagen. Die Produktionsschritte sind komplett automatisiert, so entsteht innerhalb weniger Minuten aus Rohmaterialien wie Cellulose, Absorber, Vliesstoff und Verpackung das fertige Endprodukt. F\u00fcr jede Produktionskette ist ein eigener Mitarbeiter zust\u00e4ndig und das hoch-qualifizierte [&hellip;]<\/p>\n","protected":false},"author":1,"featured_media":0,"parent":0,"menu_order":0,"comment_status":"open","ping_status":"open","template":"full-width.php","meta":[],"_links":{"self":[{"href":"https:\/\/fas-spa.it\/de\/wp-json\/wp\/v2\/pages\/14113"}],"collection":[{"href":"https:\/\/fas-spa.it\/de\/wp-json\/wp\/v2\/pages"}],"about":[{"href":"https:\/\/fas-spa.it\/de\/wp-json\/wp\/v2\/types\/page"}],"author":[{"embeddable":true,"href":"https:\/\/fas-spa.it\/de\/wp-json\/wp\/v2\/users\/1"}],"replies":[{"embeddable":true,"href":"https:\/\/fas-spa.it\/de\/wp-json\/wp\/v2\/comments?post=14113"}],"version-history":[{"count":1,"href":"https:\/\/fas-spa.it\/de\/wp-json\/wp\/v2\/pages\/14113\/revisions"}],"predecessor-version":[{"id":14114,"href":"https:\/\/fas-spa.it\/de\/wp-json\/wp\/v2\/pages\/14113\/revisions\/14114"}],"wp:attachment":[{"href":"https:\/\/fas-spa.it\/de\/wp-json\/wp\/v2\/media?parent=14113"}],"curies":[{"name":"wp","href":"https:\/\/api.w.org\/{rel}","templated":true}]}}