{"id":14109,"date":"2016-05-12T20:18:21","date_gmt":"2016-05-12T18:18:21","guid":{"rendered":"http:\/\/www.fas-spa.it\/de\/?page_id=14109"},"modified":"2018-01-24T18:30:15","modified_gmt":"2018-01-24T17:30:15","slug":"forschung-und-entwicklung","status":"publish","type":"page","link":"https:\/\/fas-spa.it\/de\/forschung-und-entwicklung\/","title":{"rendered":"Forschung und Entwicklung"},"content":{"rendered":"<p><img class=\"alignnone wp-image-10723 size-full\" src=\"http:\/\/www.fas-spa.it\/wp-content\/uploads\/2014\/11\/PANNOLINI.jpg\" alt=\"\" width=\"1000\" height=\"391\" srcset=\"https:\/\/fas-spa.it\/wp-content\/uploads\/2014\/11\/PANNOLINI-300x117.jpg 300w, https:\/\/fas-spa.it\/wp-content\/uploads\/2014\/11\/PANNOLINI-500x196.jpg 500w, https:\/\/fas-spa.it\/wp-content\/uploads\/2014\/11\/PANNOLINI-700x274.jpg 700w, https:\/\/fas-spa.it\/wp-content\/uploads\/2014\/11\/PANNOLINI.jpg 1000w\" sizes=\"(max-width: 1000px) 100vw, 1000px\" \/><\/p>\n<p>Ein hohes Interesse an neuen Technologien zeichnet FAS schon immer aus und erlaubt dem Unternehmen st\u00e4ndig neue L\u00f6sungen f\u00fcr die steigenden Bed\u00fcrfnisse seiner Kunden zu finden. <\/p>\n<p>Erst k\u00fcrzlich startete im Gro\u00df- und Einzelhandel sowie in Gesch\u00e4ften f\u00fcr S\u00e4uglings- und Kinderbedarf der Verkauf des neuesten Windelmodells. Die neue Passform und der verbesserte, leichte Verschluss sorgen f\u00fcr die absolute Bewegungsfreiheit des Kindes. Mehr noch ist der neue Fluff-Zellstoff extrem leicht, weich und garantiert eine noch bessere Saugkraft und Aufnahme der Feuchtigkeit. Das neue Modell wird komplett hergestellt aus super saugstarken Materialien die eine gro\u00dfe Menge an Fl\u00fcssigkeit aufnehmen k\u00f6nnen. Die doppelten Trennw\u00e4nde halten zudem alles Unerw\u00fcnschte fest zur\u00fcck.<\/p>\n<p>Je mehr Aufwand wir f\u00fcr die Verbesserung von Produktion, Technologie und Nutzung von umweltfreundlichen Materialien betreiben, desto mehr k\u00f6nnen wir die steigenden Markt- und Kundenanforderungen befriedigen.<\/p>\n","protected":false},"excerpt":{"rendered":"<p>Ein hohes Interesse an neuen Technologien zeichnet FAS schon immer aus und erlaubt dem Unternehmen st\u00e4ndig neue L\u00f6sungen f\u00fcr die steigenden Bed\u00fcrfnisse seiner Kunden zu finden. Erst k\u00fcrzlich startete im Gro\u00df- und Einzelhandel sowie in Gesch\u00e4ften f\u00fcr S\u00e4uglings- und Kinderbedarf der Verkauf des neuesten Windelmodells. Die neue Passform und der verbesserte, leichte Verschluss sorgen f\u00fcr [&hellip;]<\/p>\n","protected":false},"author":1,"featured_media":0,"parent":0,"menu_order":0,"comment_status":"open","ping_status":"closed","template":"full-width.php","meta":[],"_links":{"self":[{"href":"https:\/\/fas-spa.it\/de\/wp-json\/wp\/v2\/pages\/14109"}],"collection":[{"href":"https:\/\/fas-spa.it\/de\/wp-json\/wp\/v2\/pages"}],"about":[{"href":"https:\/\/fas-spa.it\/de\/wp-json\/wp\/v2\/types\/page"}],"author":[{"embeddable":true,"href":"https:\/\/fas-spa.it\/de\/wp-json\/wp\/v2\/users\/1"}],"replies":[{"embeddable":true,"href":"https:\/\/fas-spa.it\/de\/wp-json\/wp\/v2\/comments?post=14109"}],"version-history":[{"count":1,"href":"https:\/\/fas-spa.it\/de\/wp-json\/wp\/v2\/pages\/14109\/revisions"}],"predecessor-version":[{"id":14110,"href":"https:\/\/fas-spa.it\/de\/wp-json\/wp\/v2\/pages\/14109\/revisions\/14110"}],"wp:attachment":[{"href":"https:\/\/fas-spa.it\/de\/wp-json\/wp\/v2\/media?parent=14109"}],"curies":[{"name":"wp","href":"https:\/\/api.w.org\/{rel}","templated":true}]}}