{"id":14106,"date":"2016-05-12T20:17:00","date_gmt":"2016-05-12T18:17:00","guid":{"rendered":"http:\/\/www.fas-spa.it\/de\/?page_id=14106"},"modified":"2018-01-24T18:30:15","modified_gmt":"2018-01-24T17:30:15","slug":"logistik","status":"publish","type":"page","link":"https:\/\/fas-spa.it\/de\/logistik\/","title":{"rendered":"Logistik"},"content":{"rendered":"<p><img class=\"alignnone wp-image-10715 size-full\" src=\"http:\/\/www.fas-spa.it\/wp-content\/uploads\/2014\/11\/LOGISTICA.jpg\" alt=\"LOGISTICA\" width=\"1000\" height=\"391\" srcset=\"https:\/\/fas-spa.it\/wp-content\/uploads\/2014\/11\/LOGISTICA-300x117.jpg 300w, https:\/\/fas-spa.it\/wp-content\/uploads\/2014\/11\/LOGISTICA-500x196.jpg 500w, https:\/\/fas-spa.it\/wp-content\/uploads\/2014\/11\/LOGISTICA-700x274.jpg 700w, https:\/\/fas-spa.it\/wp-content\/uploads\/2014\/11\/LOGISTICA.jpg 1000w\" sizes=\"(max-width: 1000px) 100vw, 1000px\" \/><\/p>\n<p>Das Warenlager erstreckt sich \u00fcber eine Fl\u00e4che von 2500 m\u00b2 und ist in zwei separate Bereiche aufgeteilt. In einem Bereich werden die Rohmaterialien gelagert, der andere dient als Depot f\u00fcr die fertigen Endprodukte. Beide Bereiche sind im Sinne des FIFO Systems (First In, First Out) organisiert. Nach dieser Methode verlassen die zuerst eingetroffenen G\u00fcter auch als erstes wieder das Lager. Dies beugt der Verschwendung und dem Verlust von Material vor und gew\u00e4hrleistet h\u00f6here Qualit\u00e4t.<\/p>\n<p>Das System wird durch eine Datenbank kontrolliert, die nicht nur erm\u00f6glicht ein Produkt in jedem Bereich des Werks zu identifizieren, sondern auch erlaubt seinen genauen Verlauf in der Produktionskette zu verfolgen und genaue Informationen zu den verwendeten Rohmaterialien und der Produktionszeit auf die Stunde genau bereitstellt.<\/p>\n<p>FAS ist auf die Bed\u00fcrfnisse seiner Kunden im Gro\u00df- und Einzelhandel besonders bedacht. Ufm die z\u00fcgige Lieferung von Waren zu sichern, bedarf es einer schnellen Rotation. Zu diesem Zweck hat FAS besondere Partner aus der Transportbranche um das Maximum an Schnelligkeit und Verf\u00fcgbarkeit von Mindestmengen im ganzen Land zu erreichen, in einer Zeitspanne von einer Woche.<\/p>\n","protected":false},"excerpt":{"rendered":"<p>Das Warenlager erstreckt sich \u00fcber eine Fl\u00e4che von 2500 m\u00b2 und ist in zwei separate Bereiche aufgeteilt. In einem Bereich werden die Rohmaterialien gelagert, der andere dient als Depot f\u00fcr die fertigen Endprodukte. Beide Bereiche sind im Sinne des FIFO Systems (First In, First Out) organisiert. Nach dieser Methode verlassen die zuerst eingetroffenen G\u00fcter auch [&hellip;]<\/p>\n","protected":false},"author":1,"featured_media":0,"parent":0,"menu_order":0,"comment_status":"open","ping_status":"closed","template":"full-width.php","meta":[],"_links":{"self":[{"href":"https:\/\/fas-spa.it\/de\/wp-json\/wp\/v2\/pages\/14106"}],"collection":[{"href":"https:\/\/fas-spa.it\/de\/wp-json\/wp\/v2\/pages"}],"about":[{"href":"https:\/\/fas-spa.it\/de\/wp-json\/wp\/v2\/types\/page"}],"author":[{"embeddable":true,"href":"https:\/\/fas-spa.it\/de\/wp-json\/wp\/v2\/users\/1"}],"replies":[{"embeddable":true,"href":"https:\/\/fas-spa.it\/de\/wp-json\/wp\/v2\/comments?post=14106"}],"version-history":[{"count":1,"href":"https:\/\/fas-spa.it\/de\/wp-json\/wp\/v2\/pages\/14106\/revisions"}],"predecessor-version":[{"id":14107,"href":"https:\/\/fas-spa.it\/de\/wp-json\/wp\/v2\/pages\/14106\/revisions\/14107"}],"wp:attachment":[{"href":"https:\/\/fas-spa.it\/de\/wp-json\/wp\/v2\/media?parent=14106"}],"curies":[{"name":"wp","href":"https:\/\/api.w.org\/{rel}","templated":true}]}}