{"id":14101,"date":"2016-05-12T20:15:34","date_gmt":"2016-05-12T18:15:34","guid":{"rendered":"http:\/\/www.fas-spa.it\/de\/?page_id=14101"},"modified":"2018-01-24T18:30:15","modified_gmt":"2018-01-24T17:30:15","slug":"umweltverantwortung","status":"publish","type":"page","link":"https:\/\/fas-spa.it\/de\/umweltverantwortung\/","title":{"rendered":"Umweltverantwortung"},"content":{"rendered":"<p><img class=\"alignnone wp-image-10720 size-full\" src=\"http:\/\/www.fas-spa.it\/wp-content\/uploads\/2014\/11\/ECOLOGIA.jpg\" alt=\"\" width=\"1000\" height=\"391\" srcset=\"https:\/\/fas-spa.it\/wp-content\/uploads\/2014\/11\/ECOLOGIA-300x117.jpg 300w, https:\/\/fas-spa.it\/wp-content\/uploads\/2014\/11\/ECOLOGIA-500x196.jpg 500w, https:\/\/fas-spa.it\/wp-content\/uploads\/2014\/11\/ECOLOGIA-700x274.jpg 700w, https:\/\/fas-spa.it\/wp-content\/uploads\/2014\/11\/ECOLOGIA.jpg 1000w\" sizes=\"(max-width: 1000px) 100vw, 1000px\" \/><\/p>\n<p>FAS ist ein zertifiziertes, nachweislich umweltfreundliches Unternehmen.<\/p>\n<p>Unsere Produkte leisten einen Beitrag zur Reduktion von Kohlenstoffdioxid und Umweltbelastung durch die Verwendung zertifizierter Rohmaterialien und optimierter Produktionsverfahren.<br \/>\nAufgrund der wachsenden Sensibilisierung des Marktes f\u00fcr das Thema Nachhaltigkeit, entwickeln immer mehr Unternehmen L\u00f6sungen zur Reduktion der Umweltbelastung.<\/p>\n<p>FAS z\u00e4hlt zu den 200 italienischen Unternehmen, die 2013 an einem Programm teilgenommen haben, das vom italienischen Ministerium f\u00fcr die Umwelt zur F\u00f6rderung von \u201eCO2-Fu\u00dfabdrucks-Analysen innerhalb des Produktlebenszyklus\u201c im Rahmen des Kyoto-Protokolls lanciert wurde.<br \/>\nUnsere Strategie f\u00fcr eine bessere Energieeffizienz umfasst Ma\u00dfnahmen zur Energieeinsparung f\u00fcr Strom und W\u00e4rme und zur Verwendung sparsamer Motoren der neuen Generation, den Wechsel von traditionellen Beleuchtungssystemen zur LED-Beleuchtung, die Verwendung hocheffizienter W\u00e4rmepumpen statt Methan f\u00fcr die Heizung und K\u00fchlung der Arbeitsr\u00e4ume und den Einsatz erneuerbarer Energien.  <\/p>\n<p>Dieser Prozess wird innerhalb kurzer Zeit zu einer Neuausrichtung unseres Unternehmens hin zu mehr Nachhaltigkeit und umweltgerechterer Produktgestaltung f\u00fchren, um die Bed\u00fcrfnisse eines umweltbewussteren Markts zu erf\u00fcllen. <\/p>\n<p>&nbsp;<\/p>\n<p><a href=\"http:\/\/www.fas-spa.it\/wp-content\/uploads\/2014\/11\/CARBONFOOTPRINT1.gif\"><img class=\"size-full wp-image-13006 alignleft\" src=\"http:\/\/www.fas-spa.it\/wp-content\/uploads\/2014\/11\/CARBONFOOTPRINT1.gif\" alt=\"CARBONFOOTPRINT\" width=\"1000\" height=\"150\" \/><\/a><\/p>\n","protected":false},"excerpt":{"rendered":"<p>FAS ist ein zertifiziertes, nachweislich umweltfreundliches Unternehmen. Unsere Produkte leisten einen Beitrag zur Reduktion von Kohlenstoffdioxid und Umweltbelastung durch die Verwendung zertifizierter Rohmaterialien und optimierter Produktionsverfahren. Aufgrund der wachsenden Sensibilisierung des Marktes f\u00fcr das Thema Nachhaltigkeit, entwickeln immer mehr Unternehmen L\u00f6sungen zur Reduktion der Umweltbelastung. FAS z\u00e4hlt zu den 200 italienischen Unternehmen, die 2013 an [&hellip;]<\/p>\n","protected":false},"author":1,"featured_media":0,"parent":0,"menu_order":0,"comment_status":"open","ping_status":"closed","template":"full-width.php","meta":[],"_links":{"self":[{"href":"https:\/\/fas-spa.it\/de\/wp-json\/wp\/v2\/pages\/14101"}],"collection":[{"href":"https:\/\/fas-spa.it\/de\/wp-json\/wp\/v2\/pages"}],"about":[{"href":"https:\/\/fas-spa.it\/de\/wp-json\/wp\/v2\/types\/page"}],"author":[{"embeddable":true,"href":"https:\/\/fas-spa.it\/de\/wp-json\/wp\/v2\/users\/1"}],"replies":[{"embeddable":true,"href":"https:\/\/fas-spa.it\/de\/wp-json\/wp\/v2\/comments?post=14101"}],"version-history":[{"count":1,"href":"https:\/\/fas-spa.it\/de\/wp-json\/wp\/v2\/pages\/14101\/revisions"}],"predecessor-version":[{"id":14102,"href":"https:\/\/fas-spa.it\/de\/wp-json\/wp\/v2\/pages\/14101\/revisions\/14102"}],"wp:attachment":[{"href":"https:\/\/fas-spa.it\/de\/wp-json\/wp\/v2\/media?parent=14101"}],"curies":[{"name":"wp","href":"https:\/\/api.w.org\/{rel}","templated":true}]}}