{"id":14083,"date":"2016-05-12T20:07:04","date_gmt":"2016-05-12T18:07:04","guid":{"rendered":"http:\/\/www.fas-spa.it\/de\/?page_id=14083"},"modified":"2018-01-24T18:30:16","modified_gmt":"2018-01-24T17:30:16","slug":"unser-sitz","status":"publish","type":"page","link":"https:\/\/fas-spa.it\/de\/unser-sitz\/","title":{"rendered":"Unser Sitz"},"content":{"rendered":"<div class=\"fusion-fullwidth fullwidth-box fusion-builder-row-1 hundred-percent-fullwidth non-hundred-percent-height-scrolling\" style=\"background-color: #ffffff;background-position: center center;background-repeat: no-repeat;padding-top:0px;padding-right:0px;padding-bottom:0px;padding-left:0px;margin-bottom: 0px;margin-top: 0px;border-width: 0px 0px 0px 0px;border-color:#eae9e9;border-style:solid;\" ><div class=\"fusion-builder-row fusion-row\"><div class=\"fusion-layout-column fusion_builder_column fusion-builder-column-0 fusion_builder_column_1_1 1_1 fusion-one-full fusion-column-first fusion-column-last fusion-column-no-min-height\" style=\"margin-top:0px;margin-bottom:0px;\"><div class=\"fusion-column-wrapper fusion-flex-column-wrapper-legacy\" style=\"background-position:left top;background-repeat:no-repeat;-webkit-background-size:cover;-moz-background-size:cover;-o-background-size:cover;background-size:cover;padding: 0px 0px 0px 0px;\"><div class=\"fusion-slider-sc fusion-flexslider-loading flexslider flexslider-hover-type-none\" data-slideshow_autoplay=\"1\" data-slideshow_smooth_height=\"0\" data-slideshow_speed=\"7000\" style=\"max-width:100%;height:100%;\"><ul class=\"slides\"><li class=\"image\"><span class=\"fusion-image-hover-element hover-type-none\"><img src=\"http:\/\/www.fas-spa.it\/wp-content\/uploads\/2014\/11\/UFFICI.jpg\" \/><\/span><\/li><\/ul><\/div>\n<div class=\"fusion-clearfix\"><\/div><\/div><\/div><div class=\"fusion-layout-column fusion_builder_column fusion-builder-column-1 fusion_builder_column_2_3 2_3 fusion-two-third fusion-column-first\" style=\"width:66.666666666667%;width:calc(66.666666666667% - ( ( 4% ) * 0.66666666666667 ) );margin-right: 4%;margin-top:0px;margin-bottom:20px;\"><div class=\"fusion-column-wrapper fusion-flex-column-wrapper-legacy\" style=\"background-position:left top;background-repeat:no-repeat;-webkit-background-size:cover;-moz-background-size:cover;-o-background-size:cover;background-size:cover;padding: 0px 0px 0px 0px;\">\n<style type=\"text\/css\"><\/style><div class=\"fusion-title title fusion-title-1 fusion-title-text fusion-title-size-two\" style=\"margin-top:0px;margin-bottom:31px;\"><h2 class=\"title-heading-left\" style=\"margin:0;\">EXZELLENLAND APULIEN.<\/h2><div class=\"title-sep-container\"><div class=\"title-sep sep-double sep-solid\" style=\"border-color:#e0dede;\"><\/div><\/div><\/div>\nDie B\u00fcror\u00e4ume und Produktionsgeb\u00e4ude haben ihren Sitz in Corato, einer kleinen Stadt im Umland von Apuliens Hauptstadt Bari, mit guter Anbindung an die Hauptverkehrswege und Infrastruktur dieser italienischen Region. Die Werksst\u00e4tten erstrecken sich insgesamt \u00fcber 4000 m\u00b2, die in zwei separate Bereiche getrennt sind: 1500 m\u00b2 f\u00fcr die industrielle Produktion und 2500m\u00b2 f\u00fcr die Lagerung von Rohmaterialien und Endprodukten.<\/p>\n<p>Die zus\u00e4tzliche Erweiterung der Betriebsgeb\u00e4ude wird bald fertig sein. In den n\u00e4chsten Monaten wird ein neues Betriebsgeb\u00e4ude zur Produktlagerung offiziell eingeweiht.<\/p>\n<p>Die Geschichte von FAS beginnt 1982 mit der Gr\u00fcndung der ersten GmbH. Zu Anfangs produzierte FAS ausschlie\u00dflich Damenbindung, bis 1987 auch Babywindeln entwickelt und in das Sortiment aufgenommen wurden. <\/p>\n<p><strong><em> Mit dem Bau des ersten Betriebsgeb\u00e4udes 1994 mit Sitz in der Fraktion Forchetta begann auch die erste intensivere industrielle Entwicklung des jungen Unternehmens, welche mit einer neuen Organisationsstruktur einherging, die eine entsprechende Weiterentwicklung der Mitarbeiter mit sich brachte.<\/em><\/strong><div class=\"fusion-clearfix\"><\/div><\/div><\/div>\n<div class=\"fusion-layout-column fusion_builder_column fusion-builder-column-2 fusion_builder_column_1_3 1_3 fusion-one-third fusion-column-last\" style=\"width:33.333333333333%;width:calc(33.333333333333% - ( ( 4% ) * 0.33333333333333 ) );margin-top:0px;margin-bottom:20px;\"><div class=\"fusion-column-wrapper fusion-flex-column-wrapper-legacy\" style=\"background-position:left top;background-repeat:no-repeat;-webkit-background-size:cover;-moz-background-size:cover;-o-background-size:cover;background-size:cover;padding: 0px 0px 0px 0px;\">\n<style type=\"text\/css\"><\/style><div class=\"fusion-title title fusion-title-2 fusion-title-text fusion-title-size-two\" style=\"margin-top:0px;margin-bottom:31px;\"><h2 class=\"title-heading-left\" style=\"margin:0;\">geographisches Gebiet<\/h2><div class=\"title-sep-container\"><div class=\"title-sep sep-double sep-solid\" style=\"border-color:#e0dede;\"><\/div><\/div><\/div>\n\t\t\t\t\t<script type=\"text\/javascript\">\n\t\t\t\t\t\tvar map_fusion_map_69df5d12c9dd1;\n\t\t\t\t\t\tvar markers = [];\n\t\t\t\t\t\tvar counter = 0;\n\t\t\t\t\t\t\t\t\t\t\t\t\t\t\t\t\t\t\t\tvar fusionMapNonce = 'f164627f0b';\n\t\t\t\t\t\t\t\t\t\t\t\tfunction fusion_run_map_fusion_map_69df5d12c9dd1() {\n\t\t\t\t\t\t\tjQuery('#fusion_map_69df5d12c9dd1').fusion_maps({\n\t\t\t\t\t\t\t\taddresses: [{\"address\":\"Corato (BA) ITALIEN\",\"infobox_content\":\"\",\"coordinates\":false,\"cache\":true,\"latitude\":\"41.1534886\",\"longitude\":\"16.413160100000027\"}],\n\t\t\t\t\t\t\t\tanimations: false,\n\t\t\t\t\t\t\t\tinfobox_background_color: '',\n\t\t\t\t\t\t\t\tinfobox_styling: '',\n\t\t\t\t\t\t\t\tinfobox_text_color: '',\n\t\t\t\t\t\t\t\tmap_style: '',\n\t\t\t\t\t\t\t\tmap_type: 'terrain',\n\t\t\t\t\t\t\t\tmarker_icon: '',\n\t\t\t\t\t\t\t\toverlay_color: '',\n\t\t\t\t\t\t\t\toverlay_color_hsl: {\"hue\":0,\"sat\":0,\"lum\":100},\n\t\t\t\t\t\t\t\tpan_control: true,\n\t\t\t\t\t\t\t\tshow_address: true,\n\t\t\t\t\t\t\t\tscale_control: true,\n\t\t\t\t\t\t\t\tscrollwheel: true,\n\t\t\t\t\t\t\t\tzoom: 7,\n\t\t\t\t\t\t\t\tzoom_control: true,\n\t\t\t\t\t\t\t});\n\t\t\t\t\t\t}\n\n\t\t\t\t\t\tgoogle.maps.event.addDomListener(window, 'load', fusion_run_map_fusion_map_69df5d12c9dd1);\n\t\t\t\t\t<\/script>\n\t\t\t\t\t<div class=\"shortcode-map fusion-google-map fusion-maps-js-type\" id=\"fusion_map_69df5d12c9dd1\" style=\"height:200px;width:100%;\"><\/div>\n<h4>Puglia, Nord barese: zona ad eccellente vocazione industriale<\/h4>\n<p>Strada Vicinale Contrada Forchetta, Z.I<br \/>\n70033 &#8211; Corato (BA) &#8211; ITALY<div class=\"fusion-clearfix\"><\/div><\/div><\/div><\/div><style type=\"text\/css\">.fusion-fullwidth.fusion-builder-row-1 { overflow:visible; }<\/style><\/div>\n","protected":false},"excerpt":{"rendered":"","protected":false},"author":1,"featured_media":0,"parent":0,"menu_order":0,"comment_status":"closed","ping_status":"closed","template":"full-width.php","meta":[],"_links":{"self":[{"href":"https:\/\/fas-spa.it\/de\/wp-json\/wp\/v2\/pages\/14083"}],"collection":[{"href":"https:\/\/fas-spa.it\/de\/wp-json\/wp\/v2\/pages"}],"about":[{"href":"https:\/\/fas-spa.it\/de\/wp-json\/wp\/v2\/types\/page"}],"author":[{"embeddable":true,"href":"https:\/\/fas-spa.it\/de\/wp-json\/wp\/v2\/users\/1"}],"replies":[{"embeddable":true,"href":"https:\/\/fas-spa.it\/de\/wp-json\/wp\/v2\/comments?post=14083"}],"version-history":[{"count":1,"href":"https:\/\/fas-spa.it\/de\/wp-json\/wp\/v2\/pages\/14083\/revisions"}],"predecessor-version":[{"id":14084,"href":"https:\/\/fas-spa.it\/de\/wp-json\/wp\/v2\/pages\/14083\/revisions\/14084"}],"wp:attachment":[{"href":"https:\/\/fas-spa.it\/de\/wp-json\/wp\/v2\/media?parent=14083"}],"curies":[{"name":"wp","href":"https:\/\/api.w.org\/{rel}","templated":true}]}}