{"id":14076,"date":"2016-05-12T19:56:24","date_gmt":"2016-05-12T17:56:24","guid":{"rendered":"http:\/\/www.fas-spa.it\/de\/?page_id=14076"},"modified":"2018-01-24T18:30:16","modified_gmt":"2018-01-24T17:30:16","slug":"pressemappe-und-infos","status":"publish","type":"page","link":"https:\/\/fas-spa.it\/de\/pressemappe-und-infos\/","title":{"rendered":"Pressemappe und Infos"},"content":{"rendered":"<p><img class=\"aligncenter size-full wp-image-11717\" src=\"http:\/\/www.fas-spa.it\/wp-content\/uploads\/2015\/02\/PRESSKIT.jpg\" alt=\"PRESSKIT\" width=\"1000\" height=\"391\" srcset=\"https:\/\/fas-spa.it\/wp-content\/uploads\/2015\/02\/PRESSKIT-300x117.jpg 300w, https:\/\/fas-spa.it\/wp-content\/uploads\/2015\/02\/PRESSKIT-500x196.jpg 500w, https:\/\/fas-spa.it\/wp-content\/uploads\/2015\/02\/PRESSKIT-700x274.jpg 700w, https:\/\/fas-spa.it\/wp-content\/uploads\/2015\/02\/PRESSKIT.jpg 1000w\" sizes=\"(max-width: 1000px) 100vw, 1000px\" \/><\/p>\n<p>Im Pressebereich k\u00f6nnen einige Informationen \u00fcber FAS eingesehen und heruntergeladen werden.<br \/>\nNehmen Sie mit der Abteilung f\u00fcr Presse &amp; Kommunikation Kontakt auf, um aktuelle Neuigkeiten rund um unser Unternehmen zu erhalten:<br \/>\nHerr Rino Porro<br \/>\nMail: <a href=\"mailto:press@fas-spa.it\">press@fas-spa.it <\/a><br \/>\nTel. +39 080 8728856<\/p>\n<p><span class=\"pdfIconize\"><a href=\"http:\/\/www.fas-spa.it\/wp-content\/uploads\/2015\/02\/FAS_Folder.pdf\">Broch\u00fcre<\/a><\/span><\/p>\n<p><span class=\"pdfIconize\"> <a href=\"http:\/\/www.fas-spa.it\/wp-content\/uploads\/2015\/02\/FAS_Logo.pdf\">FAS-Logo<\/a><\/span><\/p>\n<p><span class=\"pdfIconize\"><a href=\"http:\/\/www.fas-spa.it\/wp-content\/uploads\/2015\/02\/FAS_Logo_PayOff.pdf\">FAS-Logo mit payoff<\/a><\/span><\/p>\n","protected":false},"excerpt":{"rendered":"<p>Im Pressebereich k\u00f6nnen einige Informationen \u00fcber FAS eingesehen und heruntergeladen werden. Nehmen Sie mit der Abteilung f\u00fcr Presse &amp; Kommunikation Kontakt auf, um aktuelle Neuigkeiten rund um unser Unternehmen zu erhalten: Herr Rino Porro Mail: press@fas-spa.it Tel. +39 080 8728856 Broch\u00fcre FAS-Logo FAS-Logo mit payoff<\/p>\n","protected":false},"author":1,"featured_media":0,"parent":0,"menu_order":0,"comment_status":"closed","ping_status":"closed","template":"","meta":[],"_links":{"self":[{"href":"https:\/\/fas-spa.it\/de\/wp-json\/wp\/v2\/pages\/14076"}],"collection":[{"href":"https:\/\/fas-spa.it\/de\/wp-json\/wp\/v2\/pages"}],"about":[{"href":"https:\/\/fas-spa.it\/de\/wp-json\/wp\/v2\/types\/page"}],"author":[{"embeddable":true,"href":"https:\/\/fas-spa.it\/de\/wp-json\/wp\/v2\/users\/1"}],"replies":[{"embeddable":true,"href":"https:\/\/fas-spa.it\/de\/wp-json\/wp\/v2\/comments?post=14076"}],"version-history":[{"count":1,"href":"https:\/\/fas-spa.it\/de\/wp-json\/wp\/v2\/pages\/14076\/revisions"}],"predecessor-version":[{"id":14077,"href":"https:\/\/fas-spa.it\/de\/wp-json\/wp\/v2\/pages\/14076\/revisions\/14077"}],"wp:attachment":[{"href":"https:\/\/fas-spa.it\/de\/wp-json\/wp\/v2\/media?parent=14076"}],"curies":[{"name":"wp","href":"https:\/\/api.w.org\/{rel}","templated":true}]}}