{"id":14065,"date":"2016-05-12T19:53:46","date_gmt":"2016-05-12T17:53:46","guid":{"rendered":"http:\/\/www.fas-spa.it\/de\/?page_id=14065"},"modified":"2018-01-24T18:30:17","modified_gmt":"2018-01-24T17:30:17","slug":"eigenmarken","status":"publish","type":"page","link":"https:\/\/fas-spa.it\/de\/eigenmarken\/","title":{"rendered":"Eigenmarken"},"content":{"rendered":"<div class=\"fusion-fullwidth fullwidth-box fusion-builder-row-1 hundred-percent-fullwidth non-hundred-percent-height-scrolling\" style=\"background-color: #ffffff;background-position: center center;background-repeat: no-repeat;padding-top:0px;padding-right:0px;padding-bottom:0px;padding-left:0px;margin-bottom: 0px;margin-top: 0px;border-width: 0px 0px 0px 0px;border-color:#eae9e9;border-style:solid;\" ><div class=\"fusion-builder-row fusion-row\"><div class=\"fusion-layout-column fusion_builder_column fusion-builder-column-0 fusion_builder_column_1_1 1_1 fusion-one-full fusion-column-first fusion-column-last fusion-column-no-min-height\" style=\"margin-top:0px;margin-bottom:0px;\"><div class=\"fusion-column-wrapper fusion-flex-column-wrapper-legacy\" style=\"background-position:left top;background-repeat:no-repeat;-webkit-background-size:cover;-moz-background-size:cover;-o-background-size:cover;background-size:cover;padding: 0px 0px 0px 0px;\"><div class=\"fusion-slider-sc fusion-flexslider-loading flexslider flexslider-hover-type-none\" data-slideshow_autoplay=\"1\" data-slideshow_smooth_height=\"0\" data-slideshow_speed=\"7000\" style=\"max-width:100%;height:100%;\"><ul class=\"slides\">\n<li class=\"image\"><a href=\"http:\/\/www.fas-spa.it\/de\/produktkategorie\/eigenmarken\/morbidea-de\/\" target=\"_self\"><span class=\"fusion-image-hover-element hover-type-none\"><img src=\"http:\/\/www.fas-spa.it\/wp-content\/uploads\/2015\/02\/MORBIDEA-PANN.jpg\" \/><\/span><\/a><\/li>\n<li class=\"image\"><a href=\"http:\/\/www.fas-spa.it\/de\/produktkategorie\/eigenmarken\/morbidea-de\/\" target=\"_self\"><span class=\"fusion-image-hover-element hover-type-none\"><img src=\"http:\/\/www.fas-spa.it\/wp-content\/uploads\/2015\/02\/MORBIDEA-PANN2.jpg\" \/><\/span><\/a><\/li>\n<li class=\"image\"><a href=\"http:\/\/www.fas-spa.it\/de\/produktkategorie\/eigenmarken\/morbidea-de\/\" target=\"_self\"><span class=\"fusion-image-hover-element hover-type-none\"><img src=\"http:\/\/www.fas-spa.it\/wp-content\/uploads\/2015\/02\/MORBIDEA-ASS.jpg\" \/><\/span><\/a><\/li>\n<li class=\"image\"><a href=\"http:\/\/www.fas-spa.it\/de\/produktkategorie\/eigenmarken\/morbidea-de\/\" target=\"_self\"><span class=\"fusion-image-hover-element hover-type-none\"><img src=\"http:\/\/www.fas-spa.it\/wp-content\/uploads\/2015\/02\/MORBIDEA-PROT.jpg\" \/><\/span><\/a><\/li>\n<li class=\"image\"><a href=\"http:\/\/www.fas-spa.it\/de\/produktkategorie\/eigenmarken\/morbidea-de\/\" target=\"_self\"><span class=\"fusion-image-hover-element hover-type-none\"><img src=\"http:\/\/www.fas-spa.it\/wp-content\/uploads\/2015\/02\/MORBIDEA-SALV.jpg\" \/><\/span><\/a><\/li><\/ul><\/div>\n<p>&nbsp;<\/p>\n<span class=\" fusion-imageframe imageframe-border imageframe-1 hover-type-none fusion-animated\" style=\"margin-right:25px;float:left;\" data-animationType=\"bounce\" data-animationDuration=\"3\" data-animationOffset=\"100%\"><img alt=\"MORBIDEA\" src=\"http:\/\/www.fas-spa.it\/wp-content\/uploads\/2014\/03\/MORBIDEA.gif\" class=\"img-responsive\"\/><\/span>\n<p>Unsere Eigenmarke Morbidea wurde realisiert, um die Bed\u00fcrfnisse von M\u00fcttern und Kleinkindern zu erf\u00fcllen. Die Morbidea-Windeln f\u00fcr Kleinkinder werden aus hochwertigen Rohstoffen hergestellt, sind weich, dermatologisch getestet und garantieren hohe Saugkraft. Dar\u00fcber hinaus umfasst die Produktlinie Morbidea ein breites Spektrum an Damenbinden und Slipeinlagen f\u00fcr anspruchsvolle Frauen, die auf Frische, Weichheit und \u201eMade in Italy\u201c-Produkte besonders hohen Wert legen. Die Feuchtt\u00fccher mit einem f\u00fcr jedes Alter angepassten Duft erg\u00e4nzen die Produktlinie. <\/p>\n<div class=\"fusion-sep-clear\"><\/div><div class=\"fusion-separator\" style=\"margin-left: auto;margin-right: auto;margin-top:40px;margin-bottom:70px;width:100%;max-width:5px;\"><div class=\"fusion-separator-border sep-single sep-dotted\" style=\"border-color:#999999;border-top-width:1px;\"><\/div><\/div><div class=\"fusion-sep-clear\"><\/div>\n<div class=\"fusion-clearfix\"><\/div><\/div><\/div><div class=\"fusion-layout-column fusion_builder_column fusion-builder-column-1 fusion_builder_column_1_1 1_1 fusion-one-full fusion-column-first fusion-column-last fusion-column-no-min-height\" style=\"margin-top:0px;margin-bottom:0px;\"><div class=\"fusion-column-wrapper fusion-flex-column-wrapper-legacy\" style=\"background-position:left top;background-repeat:no-repeat;-webkit-background-size:cover;-moz-background-size:cover;-o-background-size:cover;background-size:cover;padding: 0px 0px 0px 0px;\"><div class=\"fusion-slider-sc fusion-flexslider-loading flexslider flexslider-hover-type-none\" data-slideshow_autoplay=\"1\" data-slideshow_smooth_height=\"0\" data-slideshow_speed=\"7000\" style=\"max-width:100%;height:100%;\"><ul class=\"slides\">\n<li class=\"image\"><a href=\"http:\/\/www.fas-spa.it\/de\/produktkategorie\/eigenmarken\/nuvolotti-de\/\" target=\"_self\"><span class=\"fusion-image-hover-element hover-type-none\"><img src=\"http:\/\/www.fas-spa.it\/wp-content\/uploads\/2015\/02\/NUVOLOTTI.jpg\" \/><\/span><\/a><\/li>\n<li class=\"image\"><a href=\"http:\/\/www.fas-spa.it\/de\/produktkategorie\/eigenmarken\/nuvolotti-de\/\" target=\"_self\"><span class=\"fusion-image-hover-element hover-type-none\"><img src=\"http:\/\/www.fas-spa.it\/wp-content\/uploads\/2015\/02\/NUVOLOTTI-MAXI.jpg\" \/><\/span><\/a><\/li>\n<\/ul><\/div>\n<span class=\" fusion-imageframe imageframe-border imageframe-2 hover-type-none fusion-animated\" style=\"margin-right:25px;float:left;\" data-animationType=\"bounce\" data-animationDuration=\"3\" data-animationOffset=\"100%\"><img alt=\"NUVOLOTTI\" src=\"http:\/\/www.fas-spa.it\/wp-content\/uploads\/2014\/03\/NUVOLOTTI.gif\" class=\"img-responsive\"\/><\/span>\nDie Nuvolotti sind die neuen, anatomischen Windeln 100% italienischer Ursprung f\u00fcr Kleinkinder. Die neue Passform und der verbesserte, leichte Verschluss sorgen f\u00fcr die absolute Bewegungsfreiheit des Kindes. Mehr noch ist der neue Fluff-Zellstoff extrem leicht, weich und garantiert eine noch bessere Saugkraft und Aufnahme der Feuchtigkeit. Das neue Modell wird komplett aus super saugstarken Materialien hergestellt, die eine gro\u00dfe Menge an Fl\u00fcssigkeit aufnehmen k\u00f6nnen. Die doppelten Trennw\u00e4nde halten zudem alles Unerw\u00fcnschte fest zur\u00fcck. Das freundliche, farbige Design sorgt f\u00fcr ein angenehmes und spielerisches Tragen. Die Windeln sind h\u00f6chster Qualit\u00e4t, nicht reizend und lassen die Haut atmen.   <\/p>\n<div class=\"fusion-sep-clear\"><\/div><div class=\"fusion-separator\" style=\"margin-left: auto;margin-right: auto;margin-top:40px;margin-bottom:70px;width:100%;max-width:5px;\"><div class=\"fusion-separator-border sep-single sep-dotted\" style=\"border-color:#999999;border-top-width:1px;\"><\/div><\/div><div class=\"fusion-sep-clear\"><\/div>\n<div class=\"fusion-clearfix\"><\/div><\/div><\/div><div class=\"fusion-layout-column fusion_builder_column fusion-builder-column-2 fusion_builder_column_1_1 1_1 fusion-one-full fusion-column-first fusion-column-last fusion-column-no-min-height\" style=\"margin-top:0px;margin-bottom:0px;\"><div class=\"fusion-column-wrapper fusion-flex-column-wrapper-legacy\" style=\"background-position:left top;background-repeat:no-repeat;-webkit-background-size:cover;-moz-background-size:cover;-o-background-size:cover;background-size:cover;padding: 0px 0px 0px 0px;\"><div class=\"fusion-slider-sc fusion-flexslider-loading flexslider flexslider-hover-type-none\" data-slideshow_autoplay=\"1\" data-slideshow_smooth_height=\"0\" data-slideshow_speed=\"7000\" style=\"max-width:100%;height:100%;\"><ul class=\"slides\">\n<li class=\"image\"><a href=\"http:\/\/www.fas-spa.it\/de\/produktkategorie\/eigenmarken\/oppla-windeln\/\" target=\"_self\"><span class=\"fusion-image-hover-element hover-type-none\"><img src=\"http:\/\/www.fas-spa.it\/wp-content\/uploads\/2015\/02\/OPPLA.jpg\" \/><\/span><\/a><\/li>\n<\/ul><\/div>\n<span class=\" fusion-imageframe imageframe-border imageframe-3 hover-type-none fusion-animated\" style=\"margin-right:25px;float:left;\" data-animationType=\"bounce\" data-animationDuration=\"3\" data-animationOffset=\"100%\"><img alt=\"OPPLA\" src=\"http:\/\/www.fas-spa.it\/wp-content\/uploads\/2014\/03\/OPPLA.gif\" class=\"img-responsive\"\/><\/span>\nDie Oppl\u00e0 sind die neuen, anatomischen Windeln 100% italienischer Ursprung f\u00fcr Kleinkinder. Die neue Passform und der verbesserte, leichte Verschluss sorgen f\u00fcr die absolute Bewegungsfreiheit des Kindes. Mehr noch ist der neue Fluff-Zellstoff extrem leicht, weich und garantiert eine noch bessere Saugkraft und Aufnahme der Feuchtigkeit. Das neue Modell wird komplett aus super saugstarken Materialien hergestellt, die eine gro\u00dfe Menge an Fl\u00fcssigkeit aufnehmen k\u00f6nnen. Die doppelten Trennw\u00e4nde halten zudem alles Unerw\u00fcnschte fest zur\u00fcck. Das freundliche, farbige Design sorgt f\u00fcr ein angenehmes und spielerisches Tragen. Die Windeln sind h\u00f6chster Qualit\u00e4t, nicht reizend und lassen die Haut atmen.   <div class=\"fusion-clearfix\"><\/div><\/div><\/div><\/div><style type=\"text\/css\">.fusion-fullwidth.fusion-builder-row-1 { overflow:visible; }<\/style><\/div>\n","protected":false},"excerpt":{"rendered":"","protected":false},"author":1,"featured_media":0,"parent":0,"menu_order":0,"comment_status":"closed","ping_status":"closed","template":"full-width.php","meta":[],"_links":{"self":[{"href":"https:\/\/fas-spa.it\/de\/wp-json\/wp\/v2\/pages\/14065"}],"collection":[{"href":"https:\/\/fas-spa.it\/de\/wp-json\/wp\/v2\/pages"}],"about":[{"href":"https:\/\/fas-spa.it\/de\/wp-json\/wp\/v2\/types\/page"}],"author":[{"embeddable":true,"href":"https:\/\/fas-spa.it\/de\/wp-json\/wp\/v2\/users\/1"}],"replies":[{"embeddable":true,"href":"https:\/\/fas-spa.it\/de\/wp-json\/wp\/v2\/comments?post=14065"}],"version-history":[{"count":3,"href":"https:\/\/fas-spa.it\/de\/wp-json\/wp\/v2\/pages\/14065\/revisions"}],"predecessor-version":[{"id":14548,"href":"https:\/\/fas-spa.it\/de\/wp-json\/wp\/v2\/pages\/14065\/revisions\/14548"}],"wp:attachment":[{"href":"https:\/\/fas-spa.it\/de\/wp-json\/wp\/v2\/media?parent=14065"}],"curies":[{"name":"wp","href":"https:\/\/api.w.org\/{rel}","templated":true}]}}