{"id":14059,"date":"2016-05-12T19:30:28","date_gmt":"2016-05-12T17:30:28","guid":{"rendered":"http:\/\/www.fas-spa.it\/de\/?page_id=14059"},"modified":"2018-01-24T18:30:17","modified_gmt":"2018-01-24T17:30:17","slug":"iso-9001-2016-zertifikat","status":"publish","type":"page","link":"https:\/\/fas-spa.it\/de\/iso-9001-2016-zertifikat\/","title":{"rendered":"ISO 9001 2016 Zertifikat"},"content":{"rendered":"<p><a href=\"http:\/\/www.fas-spa.it\/wp-content\/uploads\/2016\/02\/FAS_ISO9001.jpg\"><img class=\"aligncenter size-full wp-image-13201\" src=\"http:\/\/www.fas-spa.it\/wp-content\/uploads\/2016\/02\/FAS_ISO9001.jpg\" alt=\"ISO9001\" width=\"1000\" height=\"391\" srcset=\"https:\/\/fas-spa.it\/wp-content\/uploads\/2016\/02\/FAS_ISO9001-300x117.jpg 300w, https:\/\/fas-spa.it\/wp-content\/uploads\/2016\/02\/FAS_ISO9001-500x196.jpg 500w, https:\/\/fas-spa.it\/wp-content\/uploads\/2016\/02\/FAS_ISO9001-700x274.jpg 700w, https:\/\/fas-spa.it\/wp-content\/uploads\/2016\/02\/FAS_ISO9001.jpg 1000w\" sizes=\"(max-width: 1000px) 100vw, 1000px\" \/><\/a><\/p>\n<p>Die ISO 9001:2008 ist eine Qualit\u00e4tsmanagementnorm, die internationale G\u00fcltigkeit hat und die beschreibt, welche Anforderungen Unternehmen aus unterschiedlichen Branchen erf\u00fcllen m\u00fcssen, um durch ein effizientes Qualit\u00e4tsmanagementsystem die Kundenbed\u00fcrfnissen am besten zu erf\u00fcllen (Kundenorientierung, Ans\u00e4tze f\u00fcr Prozesse, regelm\u00e4\u00dfige Lieferanten-Kontrolle, Verf\u00fcgbarkeit von Unterlagen und Daten, kontinuierliche Verbesserung usw.).<\/p>\n<p>FAS verf\u00fcgt \u00fcber das ISO 9001:2008 Zertifikat und kann dank diesem Qualit\u00e4tsbeleg die neuen Herausforderungen im Markt angehen.<\/p>\n<div class=\"fusion-fullwidth fullwidth-box fusion-builder-row-1 hundred-percent-fullwidth non-hundred-percent-height-scrolling\" style=\"background-color: #ffffff;background-position: center center;background-repeat: no-repeat;padding-top:0px;padding-right:0px;padding-bottom:0px;padding-left:0px;margin-bottom: 0px;margin-top: 0px;border-width: 0px 0px 0px 0px;border-color:#eae9e9;border-style:solid;\" ><div class=\"fusion-builder-row fusion-row\"><div class=\"fusion-layout-column fusion_builder_column fusion-builder-column-0 fusion_builder_column_1_1 1_1 fusion-one-full fusion-column-first fusion-column-last fusion-column-no-min-height\" style=\"margin-top:0px;margin-bottom:0px;\"><div class=\"fusion-column-wrapper fusion-flex-column-wrapper-legacy\" style=\"background-position:left top;background-repeat:no-repeat;-webkit-background-size:cover;-moz-background-size:cover;-o-background-size:cover;background-size:cover;padding: 0px 0px 0px 0px;\">\r\n<div class=\"ngg-galleryoverview\" id=\"ngg-gallery-42-14059\">\r\n\r\n\r\n\t\r\n\t<!-- Thumbnails -->\r\n\t\t\r\n\t<div id=\"ngg-image-355\" class=\"ngg-gallery-thumbnail-box\"  >\r\n\t\t<div class=\"ngg-gallery-thumbnail\" >\r\n\t\t\t<a href=\"https:\/\/fas-spa.it\/wp-content\/gallery\/certificazione-iso-9001-2016\/certificazione-iso-9001.jpg\" title=\" \" class=\"shutterset_set_42\" >\r\n\t\t\t\t\t\t\t\t<img title=\"certificazione-iso-9001\" alt=\"certificazione-iso-9001\" src=\"https:\/\/fas-spa.it\/wp-content\/gallery\/certificazione-iso-9001-2016\/thumbs\/thumbs_certificazione-iso-9001.jpg\" width=\"280\" height=\"210\" \/>\r\n\t\t\t\t\t\t\t<\/a>\r\n\t\t<\/div>\r\n\t<\/div>\r\n\t\r\n\t\t\r\n \t \t\r\n\t<!-- Pagination -->\r\n \t<div class='ngg-clear'><\/div>\n \t\r\n<\/div>\r\n\r\n<div class=\"fusion-clearfix\"><\/div><\/div><\/div><\/div><style type=\"text\/css\">.fusion-fullwidth.fusion-builder-row-1 { overflow:visible; }<\/style><\/div>\n","protected":false},"excerpt":{"rendered":"<p>Die ISO 9001:2008 ist eine Qualit\u00e4tsmanagementnorm, die internationale G\u00fcltigkeit hat und die beschreibt, welche Anforderungen Unternehmen aus unterschiedlichen Branchen erf\u00fcllen m\u00fcssen, um durch ein effizientes Qualit\u00e4tsmanagementsystem die Kundenbed\u00fcrfnissen am besten zu erf\u00fcllen (Kundenorientierung, Ans\u00e4tze f\u00fcr Prozesse, regelm\u00e4\u00dfige Lieferanten-Kontrolle, Verf\u00fcgbarkeit von Unterlagen und Daten, kontinuierliche Verbesserung usw.). FAS verf\u00fcgt \u00fcber das ISO 9001:2008 Zertifikat und kann [&hellip;]<\/p>\n","protected":false},"author":1,"featured_media":0,"parent":0,"menu_order":0,"comment_status":"closed","ping_status":"closed","template":"full-width.php","meta":[],"_links":{"self":[{"href":"https:\/\/fas-spa.it\/de\/wp-json\/wp\/v2\/pages\/14059"}],"collection":[{"href":"https:\/\/fas-spa.it\/de\/wp-json\/wp\/v2\/pages"}],"about":[{"href":"https:\/\/fas-spa.it\/de\/wp-json\/wp\/v2\/types\/page"}],"author":[{"embeddable":true,"href":"https:\/\/fas-spa.it\/de\/wp-json\/wp\/v2\/users\/1"}],"replies":[{"embeddable":true,"href":"https:\/\/fas-spa.it\/de\/wp-json\/wp\/v2\/comments?post=14059"}],"version-history":[{"count":1,"href":"https:\/\/fas-spa.it\/de\/wp-json\/wp\/v2\/pages\/14059\/revisions"}],"predecessor-version":[{"id":14061,"href":"https:\/\/fas-spa.it\/de\/wp-json\/wp\/v2\/pages\/14059\/revisions\/14061"}],"wp:attachment":[{"href":"https:\/\/fas-spa.it\/de\/wp-json\/wp\/v2\/media?parent=14059"}],"curies":[{"name":"wp","href":"https:\/\/api.w.org\/{rel}","templated":true}]}}