{"id":14057,"date":"2016-05-12T19:28:44","date_gmt":"2016-05-12T17:28:44","guid":{"rendered":"http:\/\/www.fas-spa.it\/de\/?page_id=14057"},"modified":"2018-01-24T18:30:17","modified_gmt":"2018-01-24T17:30:17","slug":"klinisch-getestet","status":"publish","type":"page","link":"https:\/\/fas-spa.it\/de\/klinisch-getestet\/","title":{"rendered":"Klinisch getestet"},"content":{"rendered":"<p><img class=\"aligncenter size-full wp-image-13273\" src=\"http:\/\/www.fas-spa.it\/wp-content\/uploads\/2016\/02\/FAS_Test_Clinici.jpg\" alt=\"FAS_Test_Clinici\" width=\"1000\" height=\"391\" srcset=\"https:\/\/fas-spa.it\/wp-content\/uploads\/2016\/02\/FAS_Test_Clinici-300x117.jpg 300w, https:\/\/fas-spa.it\/wp-content\/uploads\/2016\/02\/FAS_Test_Clinici-500x196.jpg 500w, https:\/\/fas-spa.it\/wp-content\/uploads\/2016\/02\/FAS_Test_Clinici-700x274.jpg 700w, https:\/\/fas-spa.it\/wp-content\/uploads\/2016\/02\/FAS_Test_Clinici.jpg 1000w\" sizes=\"(max-width: 1000px) 100vw, 1000px\" \/><\/p>\n<p>FAS-Produkte werden regelm\u00e4\u00dfig in Laboren der Universit\u00e4t Padua von Wissenschaftlern dermatologisch getestet, mithilfe dessen Mit Hilfe von Patch-Tests wurden die Risiken allergischer Unvertr\u00e4glichkeit untersucht und bewertet (nach \u00c4nderung des Tests Shelanski und Shelanski). Nach eingehender und sorgf\u00e4ltiger Pr\u00fcfung wurden die Produkte von FAS als klinisch getestet, nicht reizend und hypoallergen ausgezeichnet.<\/p>\n<p>Alle FAS-Produkte werden au\u00dferdem kontinuierlich auf Mikrobakterien getestet, um eine Kontamination der Rohstoffe durch Krankheitserreger auszuschlie\u00dfen.<\/p>\n<p>&nbsp;<\/p>\n","protected":false},"excerpt":{"rendered":"<p>FAS-Produkte werden regelm\u00e4\u00dfig in Laboren der Universit\u00e4t Padua von Wissenschaftlern dermatologisch getestet, mithilfe dessen Mit Hilfe von Patch-Tests wurden die Risiken allergischer Unvertr\u00e4glichkeit untersucht und bewertet (nach \u00c4nderung des Tests Shelanski und Shelanski). Nach eingehender und sorgf\u00e4ltiger Pr\u00fcfung wurden die Produkte von FAS als klinisch getestet, nicht reizend und hypoallergen ausgezeichnet. Alle FAS-Produkte werden au\u00dferdem [&hellip;]<\/p>\n","protected":false},"author":1,"featured_media":0,"parent":0,"menu_order":0,"comment_status":"closed","ping_status":"closed","template":"full-width.php","meta":[],"_links":{"self":[{"href":"https:\/\/fas-spa.it\/de\/wp-json\/wp\/v2\/pages\/14057"}],"collection":[{"href":"https:\/\/fas-spa.it\/de\/wp-json\/wp\/v2\/pages"}],"about":[{"href":"https:\/\/fas-spa.it\/de\/wp-json\/wp\/v2\/types\/page"}],"author":[{"embeddable":true,"href":"https:\/\/fas-spa.it\/de\/wp-json\/wp\/v2\/users\/1"}],"replies":[{"embeddable":true,"href":"https:\/\/fas-spa.it\/de\/wp-json\/wp\/v2\/comments?post=14057"}],"version-history":[{"count":2,"href":"https:\/\/fas-spa.it\/de\/wp-json\/wp\/v2\/pages\/14057\/revisions"}],"predecessor-version":[{"id":14210,"href":"https:\/\/fas-spa.it\/de\/wp-json\/wp\/v2\/pages\/14057\/revisions\/14210"}],"wp:attachment":[{"href":"https:\/\/fas-spa.it\/de\/wp-json\/wp\/v2\/media?parent=14057"}],"curies":[{"name":"wp","href":"https:\/\/api.w.org\/{rel}","templated":true}]}}