{"id":14054,"date":"2016-05-12T19:27:47","date_gmt":"2016-05-12T17:27:47","guid":{"rendered":"http:\/\/www.fas-spa.it\/de\/?page_id=14054"},"modified":"2018-01-24T18:30:17","modified_gmt":"2018-01-24T17:30:17","slug":"carbon-footprint","status":"publish","type":"page","link":"https:\/\/fas-spa.it\/de\/carbon-footprint\/","title":{"rendered":"Carbon Footprint"},"content":{"rendered":"<p><img class=\"aligncenter wp-image-13006 size-full\" src=\"http:\/\/www.fas-spa.it\/wp-content\/uploads\/2014\/11\/CARBONFOOTPRINT1.gif\" alt=\"CARBONFOOTPRINT\" width=\"1000\" height=\"150\" \/><\/p>\n<p>Der\u00a0CO\u2082-Fu\u00dfabdruck ist ein 2001 vom Ministerium f\u00fcr die Umwelt eingef\u00fchrtes Programm, welches der F\u00f6rderung der von Unternehmen freiwillig eingegangenen Verpflichtungen bez\u00fcglich der Umweltleistung und der Verringerung der Treibausgasemissionen (Co2) dient. Der bewusste Umgang mit der Umwelt spielt eine immer wichtigere Rolle bei der Verst\u00e4rkung der im Kyoto-Protokoll und Energie- und Klimapaket vorgesehenen Ma\u00dfnahmen.<\/p>\n<p>Mit der Teilnahme an diesem Programm verpflichtet sich FAS die Treibausgasemissionen zu reduzieren, die mit den Produkten, dem Produktionsverfahren und der Unternehmensorganisation verbunden sind. Dar\u00fcber hinaus erh\u00e4lt FAS dank seinem ethischen und nachhaltigen Ansatz einen Wettbewerbsvorteil, den bei anspruchsvolleren und bewussteren Verbrauchern genutzt wird.<\/p>\n<p>FAS z\u00e4hlt zu den bisher 200 italienischen Unternehmen, die freiwillig zum Programm teilgenommen haben.<\/p>\n<p><span class=\"pdfIconize\"><a href=\"http:\/\/www.fas-spa.it\/wp-content\/uploads\/2016\/03\/CARBON-FOOTPRINT-DICHIARAZIONE-DI-CONFORMITA.pdf\">CO\u2082-Fu\u00dfabdruck &#8211; Konformit\u00e4tserkl\u00e4rung<\/a><\/span><\/p>\n","protected":false},"excerpt":{"rendered":"<p>Der\u00a0CO\u2082-Fu\u00dfabdruck ist ein 2001 vom Ministerium f\u00fcr die Umwelt eingef\u00fchrtes Programm, welches der F\u00f6rderung der von Unternehmen freiwillig eingegangenen Verpflichtungen bez\u00fcglich der Umweltleistung und der Verringerung der Treibausgasemissionen (Co2) dient. Der bewusste Umgang mit der Umwelt spielt eine immer wichtigere Rolle bei der Verst\u00e4rkung der im Kyoto-Protokoll und Energie- und Klimapaket vorgesehenen Ma\u00dfnahmen. Mit der [&hellip;]<\/p>\n","protected":false},"author":1,"featured_media":0,"parent":0,"menu_order":0,"comment_status":"closed","ping_status":"closed","template":"full-width.php","meta":[],"_links":{"self":[{"href":"https:\/\/fas-spa.it\/de\/wp-json\/wp\/v2\/pages\/14054"}],"collection":[{"href":"https:\/\/fas-spa.it\/de\/wp-json\/wp\/v2\/pages"}],"about":[{"href":"https:\/\/fas-spa.it\/de\/wp-json\/wp\/v2\/types\/page"}],"author":[{"embeddable":true,"href":"https:\/\/fas-spa.it\/de\/wp-json\/wp\/v2\/users\/1"}],"replies":[{"embeddable":true,"href":"https:\/\/fas-spa.it\/de\/wp-json\/wp\/v2\/comments?post=14054"}],"version-history":[{"count":1,"href":"https:\/\/fas-spa.it\/de\/wp-json\/wp\/v2\/pages\/14054\/revisions"}],"predecessor-version":[{"id":14055,"href":"https:\/\/fas-spa.it\/de\/wp-json\/wp\/v2\/pages\/14054\/revisions\/14055"}],"wp:attachment":[{"href":"https:\/\/fas-spa.it\/de\/wp-json\/wp\/v2\/media?parent=14054"}],"curies":[{"name":"wp","href":"https:\/\/api.w.org\/{rel}","templated":true}]}}