{"id":14048,"date":"2016-05-12T19:21:39","date_gmt":"2016-05-12T17:21:39","guid":{"rendered":"http:\/\/www.fas-spa.it\/de\/?page_id=14048"},"modified":"2018-01-24T18:30:17","modified_gmt":"2018-01-24T17:30:17","slug":"halal-zertifikat","status":"publish","type":"page","link":"https:\/\/fas-spa.it\/de\/halal-zertifikat\/","title":{"rendered":"HALAL-Zertifikat"},"content":{"rendered":"<p><img class=\"aligncenter size-full wp-image-13218\" src=\"http:\/\/www.fas-spa.it\/wp-content\/uploads\/2016\/03\/FAS_Halal.jpg\" alt=\"Certificazione Halal\" width=\"1000\" height=\"391\" srcset=\"https:\/\/fas-spa.it\/wp-content\/uploads\/2016\/03\/FAS_Halal-300x117.jpg 300w, https:\/\/fas-spa.it\/wp-content\/uploads\/2016\/03\/FAS_Halal-500x196.jpg 500w, https:\/\/fas-spa.it\/wp-content\/uploads\/2016\/03\/FAS_Halal-700x274.jpg 700w, https:\/\/fas-spa.it\/wp-content\/uploads\/2016\/03\/FAS_Halal.jpg 1000w\" sizes=\"(max-width: 1000px) 100vw, 1000px\" \/><\/p>\n<p>Mit dem HALAL-Zertifikat will FAS eine noch bessere Qualit\u00e4tsgarantie f\u00fcr ihre Produkte, ihre Rohstoffanlage und ihre f\u00fcr die Produktion erforderlichen Dienstleistungen anbieten. Dar\u00fcber hinaus bem\u00fcht sich das Unternehmen, die Verwendung alkoholhaltiger Substanzen und Schweinefleischerzeugnisse zu vermeiden, die laut dem islamischen Gesetz unzul\u00e4ssig und oft gesundheitssch\u00e4dlich sind.<\/p>\n<p>FAS ist bisher der erste und einzige italienischer Windeln-, Damenbinden- und Feuchtt\u00fccher-Hersteller Europas, der \u00fcber das HALAL-Zertifikat verf\u00fcgt.<\/p>\n<p><span class=\"pdfIconize\"><a href=\"http:\/\/www.fas-spa.it\/wp-content\/uploads\/2016\/03\/HIA-CERTIFICAZIONE-HALAL-senza-prodotti.pdf\">Halal-Zertifikat herunterladen<\/a><\/span><\/p>\n<p>&nbsp;<\/p>\n","protected":false},"excerpt":{"rendered":"<p>Mit dem HALAL-Zertifikat will FAS eine noch bessere Qualit\u00e4tsgarantie f\u00fcr ihre Produkte, ihre Rohstoffanlage und ihre f\u00fcr die Produktion erforderlichen Dienstleistungen anbieten. Dar\u00fcber hinaus bem\u00fcht sich das Unternehmen, die Verwendung alkoholhaltiger Substanzen und Schweinefleischerzeugnisse zu vermeiden, die laut dem islamischen Gesetz unzul\u00e4ssig und oft gesundheitssch\u00e4dlich sind. FAS ist bisher der erste und einzige italienischer Windeln-, [&hellip;]<\/p>\n","protected":false},"author":1,"featured_media":0,"parent":0,"menu_order":0,"comment_status":"closed","ping_status":"closed","template":"full-width.php","meta":[],"_links":{"self":[{"href":"https:\/\/fas-spa.it\/de\/wp-json\/wp\/v2\/pages\/14048"}],"collection":[{"href":"https:\/\/fas-spa.it\/de\/wp-json\/wp\/v2\/pages"}],"about":[{"href":"https:\/\/fas-spa.it\/de\/wp-json\/wp\/v2\/types\/page"}],"author":[{"embeddable":true,"href":"https:\/\/fas-spa.it\/de\/wp-json\/wp\/v2\/users\/1"}],"replies":[{"embeddable":true,"href":"https:\/\/fas-spa.it\/de\/wp-json\/wp\/v2\/comments?post=14048"}],"version-history":[{"count":1,"href":"https:\/\/fas-spa.it\/de\/wp-json\/wp\/v2\/pages\/14048\/revisions"}],"predecessor-version":[{"id":14049,"href":"https:\/\/fas-spa.it\/de\/wp-json\/wp\/v2\/pages\/14048\/revisions\/14049"}],"wp:attachment":[{"href":"https:\/\/fas-spa.it\/de\/wp-json\/wp\/v2\/media?parent=14048"}],"curies":[{"name":"wp","href":"https:\/\/api.w.org\/{rel}","templated":true}]}}